{"id":762792,"date":"2025-06-13T11:26:35","date_gmt":"2025-06-13T08:26:35","guid":{"rendered":"https:\/\/nextsnkr.com\/product\/timberland-black-termo\/"},"modified":"2026-01-31T22:55:42","modified_gmt":"2026-01-31T19:55:42","slug":"timberland-black-termo","status":"publish","type":"product","link":"https:\/\/nextsnkr.com\/it\/prodotto\/timberland-black-termo\/","title":{"rendered":"Stivali Timberland nero Thermo uomo stivali invernali nubuck"},"content":{"rendered":"<h2>Stivali Timberland nero Thermo uomo stivali invernali nubuck<\/h2>\n<p>Stivali Timberland Black-Thermo) &#8211; scarpe invernali affidabili, progettate per il comfort e la protezione in caso di gelo. Il robusto nabuk combinato con il materiale termico offre calore, resistenza all&#8217;umidit\u00e0 e durata. Gli stivali si distinguono per la qualit\u00e0 del marchio Timberland, hanno una comoda vestibilit\u00e0 anatomica e una suola sicura con una buona presa. Ideale per l&#8217;uso quotidiano in inverno, viaggi e attivit\u00e0 all&#8217;aperto.<\/p>\n","protected":false},"excerpt":{"rendered":"<p>Stivali Timberland Black-Thermo) &#8211; scarpe invernali affidabili, progettate per il comfort e la protezione in caso di gelo. Il robusto nabuk combinato con il materiale termico offre calore, resistenza all&#8217;umidit\u00e0 e durata. Gli stivali si distinguono per la qualit\u00e0 del marchio Timberland, hanno una comoda vestibilit\u00e0 anatomica e una suola sicura con una buona presa. Ideale per l&#8217;uso quotidiano in inverno, viaggi e attivit\u00e0 all&#8217;aperto.<\/p>\n","protected":false},"featured_media":762802,"comment_status":"open","ping_status":"open","template":"","meta":[],"product_brand":[],"product_cat":[3238,3334],"product_tag":[],"class_list":{"0":"post-762792","1":"product","2":"type-product","3":"status-publish","4":"has-post-thumbnail","6":"product_cat-all-product","7":"product_cat-cherevyky","8":"pa_rozmir-910","9":"pa_rozmir-912","10":"pa_rozmir-914","11":"pa_rozmir-915","12":"pa_rozmir-916","13":"pa_rozmir-917","14":"pa_rozmir-918","15":"pa_rozmir-919","16":"pa_rozmir-920","17":"pa_rozmir-921","18":"pa_rozmir-922","20":"first","21":"instock","22":"purchasable","23":"product-type-variable"},"_links":{"self":[{"href":"https:\/\/nextsnkr.com\/it\/wp-json\/wp\/v2\/product\/762792","targetHints":{"allow":["GET"]}}],"collection":[{"href":"https:\/\/nextsnkr.com\/it\/wp-json\/wp\/v2\/product"}],"about":[{"href":"https:\/\/nextsnkr.com\/it\/wp-json\/wp\/v2\/types\/product"}],"replies":[{"embeddable":true,"href":"https:\/\/nextsnkr.com\/it\/wp-json\/wp\/v2\/comments?post=762792"}],"version-history":[{"count":0,"href":"https:\/\/nextsnkr.com\/it\/wp-json\/wp\/v2\/product\/762792\/revisions"}],"wp:featuredmedia":[{"embeddable":true,"href":"https:\/\/nextsnkr.com\/it\/wp-json\/wp\/v2\/media\/762802"}],"wp:attachment":[{"href":"https:\/\/nextsnkr.com\/it\/wp-json\/wp\/v2\/media?parent=762792"}],"wp:term":[{"taxonomy":"product_brand","embeddable":true,"href":"https:\/\/nextsnkr.com\/it\/wp-json\/wp\/v2\/product_brand?post=762792"},{"taxonomy":"product_cat","embeddable":true,"href":"https:\/\/nextsnkr.com\/it\/wp-json\/wp\/v2\/product_cat?post=762792"},{"taxonomy":"product_tag","embeddable":true,"href":"https:\/\/nextsnkr.com\/it\/wp-json\/wp\/v2\/product_tag?post=762792"}],"curies":[{"name":"wp","href":"https:\/\/api.w.org\/{rel}","templated":true}]}}