{"id":762436,"date":"2025-06-18T18:59:28","date_gmt":"2025-06-18T15:59:28","guid":{"rendered":"https:\/\/nextsnkr.com\/product\/christian-dior-dway-slide-black\/"},"modified":"2026-01-31T22:55:29","modified_gmt":"2026-01-31T19:55:29","slug":"christian-dior-dway-slide-black","status":"publish","type":"product","link":"https:\/\/nextsnkr.com\/it\/prodotto\/christian-dior-dway-slide-black\/","title":{"rendered":"Pantofole CHRISTIAN Dior Dway Slide Black-pelle e tessuti, eleganti"},"content":{"rendered":"<h2>Pantofole CHRISTIAN Dior Dway Slide Black-pelle e tessuti, eleganti<\/h2>\n<p>Le pantofole CHRISTIAN Dior Dway Slide Black sono realizzate in pelle e tessuti di alta qualit\u00e0 per garantire comfort e durata. Il modello \u00e8 realizzato in Turchia e combina un design elegante con la comodit\u00e0 per l&#8217;uso quotidiano. Leggeri, eleganti e pratici, questi scivoli sono perfetti per camminare, a casa o in vacanza. Una scelta per coloro che apprezzano il marchio premium, la qualit\u00e0 dei materiali e il comfort in ogni fase.<\/p>\n","protected":false},"excerpt":{"rendered":"<p>Le pantofole CHRISTIAN Dior Dway Slide Black sono realizzate in pelle e tessuti di alta qualit\u00e0 per garantire comfort e durata. Il modello \u00e8 realizzato in Turchia e combina un design elegante con la comodit\u00e0 per l&#8217;uso quotidiano. Leggeri, eleganti e pratici, questi scivoli sono perfetti per camminare, a casa o in vacanza. Una scelta per coloro che apprezzano il marchio premium, la qualit\u00e0 dei materiali e il comfort in ogni fase.<\/p>\n","protected":false},"featured_media":762440,"comment_status":"open","ping_status":"open","template":"","meta":[],"product_brand":[],"product_cat":[3238,3423],"product_tag":[],"class_list":{"0":"post-762436","1":"product","2":"type-product","3":"status-publish","4":"has-post-thumbnail","6":"product_cat-all-product","7":"product_cat-shlopantsi","8":"pa_rozmir-910","9":"pa_rozmir-912","10":"pa_rozmir-914","11":"pa_rozmir-915","12":"pa_rozmir-916","13":"pa_rozmir-917","14":"pa_rozmir-918","15":"pa_rozmir-919","16":"pa_rozmir-920","17":"pa_rozmir-921","18":"pa_rozmir-922","20":"first","21":"instock","22":"purchasable","23":"product-type-variable"},"_links":{"self":[{"href":"https:\/\/nextsnkr.com\/it\/wp-json\/wp\/v2\/product\/762436","targetHints":{"allow":["GET"]}}],"collection":[{"href":"https:\/\/nextsnkr.com\/it\/wp-json\/wp\/v2\/product"}],"about":[{"href":"https:\/\/nextsnkr.com\/it\/wp-json\/wp\/v2\/types\/product"}],"replies":[{"embeddable":true,"href":"https:\/\/nextsnkr.com\/it\/wp-json\/wp\/v2\/comments?post=762436"}],"version-history":[{"count":0,"href":"https:\/\/nextsnkr.com\/it\/wp-json\/wp\/v2\/product\/762436\/revisions"}],"wp:featuredmedia":[{"embeddable":true,"href":"https:\/\/nextsnkr.com\/it\/wp-json\/wp\/v2\/media\/762440"}],"wp:attachment":[{"href":"https:\/\/nextsnkr.com\/it\/wp-json\/wp\/v2\/media?parent=762436"}],"wp:term":[{"taxonomy":"product_brand","embeddable":true,"href":"https:\/\/nextsnkr.com\/it\/wp-json\/wp\/v2\/product_brand?post=762436"},{"taxonomy":"product_cat","embeddable":true,"href":"https:\/\/nextsnkr.com\/it\/wp-json\/wp\/v2\/product_cat?post=762436"},{"taxonomy":"product_tag","embeddable":true,"href":"https:\/\/nextsnkr.com\/it\/wp-json\/wp\/v2\/product_tag?post=762436"}],"curies":[{"name":"wp","href":"https:\/\/api.w.org\/{rel}","templated":true}]}}