{"id":761394,"date":"2025-06-18T19:02:56","date_gmt":"2025-06-18T16:02:56","guid":{"rendered":"https:\/\/nextsnkr.com\/product\/miu-miu-matelasse-nappa-black-slides\/"},"modified":"2026-01-31T22:54:48","modified_gmt":"2026-01-31T19:54:48","slug":"miu-miu-matelasse-nappa-black-slides","status":"publish","type":"product","link":"https:\/\/nextsnkr.com\/it\/prodotto\/miu-miu-matelasse-nappa-black-slides\/","title":{"rendered":"Pantofole Miu Miu Matelass\u00e9 Nappa Black-stile e comfort per tutti i giorni"},"content":{"rendered":"<h2>Pantofole Miu Miu Matelass\u00e9 Nappa Black-stile e comfort per tutti i giorni<\/h2>\n<p>Le eleganti pantofole Miu Miu Matelass\u00e9 Nappa Black sono realizzate in pelle di alta qualit\u00e0, che garantisce robustezza, aspetto elegante e comfort ad ogni passo. Il modello \u00e8 perfetto da indossare ogni giorno a casa o all&#8217;aperto, combinando design moderno e praticit\u00e0. Il nero aggiunge versatilit\u00e0 e la trama matelase crea uno stile distinto. Produttore-Turchia. Codice: 1282-1160934.<\/p>\n","protected":false},"excerpt":{"rendered":"<p>Le eleganti pantofole Miu Miu Matelass\u00e9 Nappa Black sono realizzate in pelle di alta qualit\u00e0, che garantisce robustezza, aspetto elegante e comfort ad ogni passo. Il modello \u00e8 perfetto da indossare ogni giorno a casa o all&#8217;aperto, combinando design moderno e praticit\u00e0. Il nero aggiunge versatilit\u00e0 e la trama matelase crea uno stile distinto. Produttore-Turchia. Codice: 1282-1160934.<\/p>\n","protected":false},"featured_media":761396,"comment_status":"open","ping_status":"open","template":"","meta":[],"product_brand":[],"product_cat":[3238,3423],"product_tag":[],"class_list":{"0":"post-761394","1":"product","2":"type-product","3":"status-publish","4":"has-post-thumbnail","6":"product_cat-all-product","7":"product_cat-shlopantsi","8":"pa_rozmir-910","9":"pa_rozmir-912","10":"pa_rozmir-914","11":"pa_rozmir-915","12":"pa_rozmir-916","13":"pa_rozmir-917","14":"pa_rozmir-918","15":"pa_rozmir-919","16":"pa_rozmir-920","17":"pa_rozmir-921","18":"pa_rozmir-922","20":"first","21":"instock","22":"purchasable","23":"product-type-variable"},"_links":{"self":[{"href":"https:\/\/nextsnkr.com\/it\/wp-json\/wp\/v2\/product\/761394","targetHints":{"allow":["GET"]}}],"collection":[{"href":"https:\/\/nextsnkr.com\/it\/wp-json\/wp\/v2\/product"}],"about":[{"href":"https:\/\/nextsnkr.com\/it\/wp-json\/wp\/v2\/types\/product"}],"replies":[{"embeddable":true,"href":"https:\/\/nextsnkr.com\/it\/wp-json\/wp\/v2\/comments?post=761394"}],"version-history":[{"count":0,"href":"https:\/\/nextsnkr.com\/it\/wp-json\/wp\/v2\/product\/761394\/revisions"}],"wp:featuredmedia":[{"embeddable":true,"href":"https:\/\/nextsnkr.com\/it\/wp-json\/wp\/v2\/media\/761396"}],"wp:attachment":[{"href":"https:\/\/nextsnkr.com\/it\/wp-json\/wp\/v2\/media?parent=761394"}],"wp:term":[{"taxonomy":"product_brand","embeddable":true,"href":"https:\/\/nextsnkr.com\/it\/wp-json\/wp\/v2\/product_brand?post=761394"},{"taxonomy":"product_cat","embeddable":true,"href":"https:\/\/nextsnkr.com\/it\/wp-json\/wp\/v2\/product_cat?post=761394"},{"taxonomy":"product_tag","embeddable":true,"href":"https:\/\/nextsnkr.com\/it\/wp-json\/wp\/v2\/product_tag?post=761394"}],"curies":[{"name":"wp","href":"https:\/\/api.w.org\/{rel}","templated":true}]}}