{"id":758101,"date":"2025-06-13T12:27:26","date_gmt":"2025-06-13T09:27:26","guid":{"rendered":"https:\/\/nextsnkr.com\/product\/350-v2-asriel\/"},"modified":"2026-01-31T22:53:11","modified_gmt":"2026-01-31T19:53:11","slug":"350-v2-asriel","status":"publish","type":"product","link":"https:\/\/nextsnkr.com\/it\/prodotto\/350-v2-asriel\/","title":{"rendered":"Sneaker Yeezy 350 V2 Asriel-sneaker tessile alla moda"},"content":{"rendered":"<h2>Sneaker Yeezy 350 V2 Asriel-sneaker tessile alla moda<\/h2>\n<p>Le sneakers Yeezy 350 V2 Asriel sono realizzate con tessuti di qualit\u00e0, che offrono leggerezza, comfort e buona ventilazione durante l&#8217;uso quotidiano. Il modello \u00e8 caratterizzato da un design moderno e comfort, rendendolo ideale per la citt\u00e0 e lo stile di vita attivo. La suola morbida offre ammortizzazione e supporto, mentre il design intelligente garantisce durata. Un&#8217;ottima scelta per coloro che apprezzano lo stile e il comfort.<\/p>\n","protected":false},"excerpt":{"rendered":"<p>Le sneakers Yeezy 350 V2 Asriel sono realizzate con tessuti di qualit\u00e0, che offrono leggerezza, comfort e buona ventilazione durante l&#8217;uso quotidiano. Il modello \u00e8 caratterizzato da un design moderno e comfort, rendendolo ideale per la citt\u00e0 e lo stile di vita attivo. La suola morbida offre ammortizzazione e supporto, mentre il design intelligente garantisce durata. Un&#8217;ottima scelta per coloro che apprezzano lo stile e il comfort.<\/p>\n","protected":false},"featured_media":758102,"comment_status":"open","ping_status":"open","template":"","meta":[],"product_brand":[],"product_cat":[3399,3238,3239],"product_tag":[],"class_list":{"0":"post-758101","1":"product","2":"type-product","3":"status-publish","4":"has-post-thumbnail","6":"product_cat-adidas-yeezy","7":"product_cat-all-product","8":"product_cat-krosivky","9":"pa_rozmir-910","10":"pa_rozmir-912","11":"pa_rozmir-914","12":"pa_rozmir-915","13":"pa_rozmir-916","14":"pa_rozmir-917","15":"pa_rozmir-918","16":"pa_rozmir-919","17":"pa_rozmir-920","18":"pa_rozmir-921","19":"pa_rozmir-922","21":"first","22":"onbackorder","23":"purchasable","24":"product-type-variable"},"_links":{"self":[{"href":"https:\/\/nextsnkr.com\/it\/wp-json\/wp\/v2\/product\/758101","targetHints":{"allow":["GET"]}}],"collection":[{"href":"https:\/\/nextsnkr.com\/it\/wp-json\/wp\/v2\/product"}],"about":[{"href":"https:\/\/nextsnkr.com\/it\/wp-json\/wp\/v2\/types\/product"}],"replies":[{"embeddable":true,"href":"https:\/\/nextsnkr.com\/it\/wp-json\/wp\/v2\/comments?post=758101"}],"version-history":[{"count":0,"href":"https:\/\/nextsnkr.com\/it\/wp-json\/wp\/v2\/product\/758101\/revisions"}],"wp:featuredmedia":[{"embeddable":true,"href":"https:\/\/nextsnkr.com\/it\/wp-json\/wp\/v2\/media\/758102"}],"wp:attachment":[{"href":"https:\/\/nextsnkr.com\/it\/wp-json\/wp\/v2\/media?parent=758101"}],"wp:term":[{"taxonomy":"product_brand","embeddable":true,"href":"https:\/\/nextsnkr.com\/it\/wp-json\/wp\/v2\/product_brand?post=758101"},{"taxonomy":"product_cat","embeddable":true,"href":"https:\/\/nextsnkr.com\/it\/wp-json\/wp\/v2\/product_cat?post=758101"},{"taxonomy":"product_tag","embeddable":true,"href":"https:\/\/nextsnkr.com\/it\/wp-json\/wp\/v2\/product_tag?post=758101"}],"curies":[{"name":"wp","href":"https:\/\/api.w.org\/{rel}","templated":true}]}}