{"id":748455,"date":"2025-06-14T16:01:08","date_gmt":"2025-06-14T13:01:08","guid":{"rendered":"https:\/\/nextsnkr.com\/product\/celine-tippi-leather-slide-sandals-white\/"},"modified":"2026-01-31T22:48:12","modified_gmt":"2026-01-31T19:48:12","slug":"celine-tippi-leather-slide-sandals-white","status":"publish","type":"product","link":"https:\/\/nextsnkr.com\/it\/prodotto\/celine-tippi-leather-slide-sandals-white\/","title":{"rendered":"Pantofole CELINE Tippi Leather Slide White-eleganti sandali in pelle"},"content":{"rendered":"<h2>Pantofole CELINE Tippi Leather Slide White-eleganti sandali in pelle<\/h2>\n<p>Le pantofole CELINE Tippi Leather Slide Sandals White sono sandali in pelle eleganti e confortevoli progettati per il comfort quotidiano e un look elegante. Realizzati in pelle di alta qualit\u00e0, offrono durata, vestibilit\u00e0 piacevole e facile manutenzione. Il colore bianco e il design minimalista rendono il modello versatile e ideale per i look estivi. La produzione di Spagna (in realt\u00e0 la Cina) garantisce una combinazione di stile europeo e tecnologia moderna. CELINE Tippi accentuer\u00e0 il tuo gusto e dar\u00e0 un tocco chic a qualsiasi look.<\/p>\n","protected":false},"excerpt":{"rendered":"<p>Le pantofole CELINE Tippi Leather Slide Sandals White sono sandali in pelle eleganti e confortevoli progettati per il comfort quotidiano e un look elegante. Realizzati in pelle di alta qualit\u00e0, offrono durata, vestibilit\u00e0 piacevole e facile manutenzione. Il colore bianco e il design minimalista rendono il modello versatile e ideale per i look estivi. La produzione di Spagna (in realt\u00e0 la Cina) garantisce una combinazione di stile europeo e tecnologia moderna. CELINE Tippi accentuer\u00e0 il tuo gusto e dar\u00e0 un tocco chic a qualsiasi look.<\/p>\n","protected":false},"featured_media":748456,"comment_status":"open","ping_status":"open","template":"","meta":[],"product_brand":[],"product_cat":[3238,3423],"product_tag":[],"class_list":{"0":"post-748455","1":"product","2":"type-product","3":"status-publish","4":"has-post-thumbnail","6":"product_cat-all-product","7":"product_cat-shlopantsi","8":"pa_rozmir-910","9":"pa_rozmir-912","10":"pa_rozmir-914","11":"pa_rozmir-915","12":"pa_rozmir-916","13":"pa_rozmir-917","14":"pa_rozmir-918","15":"pa_rozmir-919","16":"pa_rozmir-920","17":"pa_rozmir-921","18":"pa_rozmir-922","20":"first","21":"onbackorder","22":"purchasable","23":"product-type-variable"},"_links":{"self":[{"href":"https:\/\/nextsnkr.com\/it\/wp-json\/wp\/v2\/product\/748455","targetHints":{"allow":["GET"]}}],"collection":[{"href":"https:\/\/nextsnkr.com\/it\/wp-json\/wp\/v2\/product"}],"about":[{"href":"https:\/\/nextsnkr.com\/it\/wp-json\/wp\/v2\/types\/product"}],"replies":[{"embeddable":true,"href":"https:\/\/nextsnkr.com\/it\/wp-json\/wp\/v2\/comments?post=748455"}],"version-history":[{"count":0,"href":"https:\/\/nextsnkr.com\/it\/wp-json\/wp\/v2\/product\/748455\/revisions"}],"wp:featuredmedia":[{"embeddable":true,"href":"https:\/\/nextsnkr.com\/it\/wp-json\/wp\/v2\/media\/748456"}],"wp:attachment":[{"href":"https:\/\/nextsnkr.com\/it\/wp-json\/wp\/v2\/media?parent=748455"}],"wp:term":[{"taxonomy":"product_brand","embeddable":true,"href":"https:\/\/nextsnkr.com\/it\/wp-json\/wp\/v2\/product_brand?post=748455"},{"taxonomy":"product_cat","embeddable":true,"href":"https:\/\/nextsnkr.com\/it\/wp-json\/wp\/v2\/product_cat?post=748455"},{"taxonomy":"product_tag","embeddable":true,"href":"https:\/\/nextsnkr.com\/it\/wp-json\/wp\/v2\/product_tag?post=748455"}],"curies":[{"name":"wp","href":"https:\/\/api.w.org\/{rel}","templated":true}]}}