{"id":744106,"date":"2025-06-14T16:18:04","date_gmt":"2025-06-14T13:18:04","guid":{"rendered":"https:\/\/nextsnkr.com\/product\/vans-knu-skool-brown-white\/"},"modified":"2026-01-31T22:46:06","modified_gmt":"2026-01-31T19:46:06","slug":"vans-knu-skool-brown-white","status":"publish","type":"product","link":"https:\/\/nextsnkr.com\/it\/prodotto\/vans-knu-skool-brown-white\/","title":{"rendered":"Sneakers Vans Knu Skool Brown \/ White-sneakers eleganti in pelle scamosciata"},"content":{"rendered":"<h2>Sneakers Vans Knu Skool Brown \/ White-sneakers eleganti in pelle scamosciata<\/h2>\n<p>Le Sneakers Vans Knu Skool Brown \/ White combinano design classico e comfort moderno. Realizzati in resistente pelle scamosciata e vera pelle, offrono durata, vestibilit\u00e0 comoda e un aspetto elegante in qualsiasi look. La combinazione contrastante di marrone e bianco sottolinea lo stile unico del modello. Queste sneaker prodotte in Vietnam sono perfette per l&#8217;uso quotidiano, lo stile urbano e le attivit\u00e0 all&#8217;aperto. Vans Knu Skool \u00e8 la scelta di coloro che apprezzano la qualit\u00e0 e l&#8217;aspetto Alla Moda.<\/p>\n","protected":false},"excerpt":{"rendered":"<p>Le Sneakers Vans Knu Skool Brown \/ White combinano design classico e comfort moderno. Realizzati in resistente pelle scamosciata e vera pelle, offrono durata, vestibilit\u00e0 comoda e un aspetto elegante in qualsiasi look. La combinazione contrastante di marrone e bianco sottolinea lo stile unico del modello. Queste sneaker prodotte in Vietnam sono perfette per l&#8217;uso quotidiano, lo stile urbano e le attivit\u00e0 all&#8217;aperto. Vans Knu Skool \u00e8 la scelta di coloro che apprezzano la qualit\u00e0 e l&#8217;aspetto Alla Moda.<\/p>\n","protected":false},"featured_media":744107,"comment_status":"open","ping_status":"open","template":"","meta":[],"product_brand":[],"product_cat":[3238,3321],"product_tag":[],"class_list":{"0":"post-744106","1":"product","2":"type-product","3":"status-publish","4":"has-post-thumbnail","6":"product_cat-all-product","7":"product_cat-kedy","8":"pa_rozmir-910","9":"pa_rozmir-912","10":"pa_rozmir-914","11":"pa_rozmir-915","12":"pa_rozmir-916","13":"pa_rozmir-917","14":"pa_rozmir-918","15":"pa_rozmir-919","16":"pa_rozmir-920","17":"pa_rozmir-921","18":"pa_rozmir-922","20":"first","21":"instock","22":"purchasable","23":"product-type-variable"},"_links":{"self":[{"href":"https:\/\/nextsnkr.com\/it\/wp-json\/wp\/v2\/product\/744106","targetHints":{"allow":["GET"]}}],"collection":[{"href":"https:\/\/nextsnkr.com\/it\/wp-json\/wp\/v2\/product"}],"about":[{"href":"https:\/\/nextsnkr.com\/it\/wp-json\/wp\/v2\/types\/product"}],"replies":[{"embeddable":true,"href":"https:\/\/nextsnkr.com\/it\/wp-json\/wp\/v2\/comments?post=744106"}],"version-history":[{"count":0,"href":"https:\/\/nextsnkr.com\/it\/wp-json\/wp\/v2\/product\/744106\/revisions"}],"wp:featuredmedia":[{"embeddable":true,"href":"https:\/\/nextsnkr.com\/it\/wp-json\/wp\/v2\/media\/744107"}],"wp:attachment":[{"href":"https:\/\/nextsnkr.com\/it\/wp-json\/wp\/v2\/media?parent=744106"}],"wp:term":[{"taxonomy":"product_brand","embeddable":true,"href":"https:\/\/nextsnkr.com\/it\/wp-json\/wp\/v2\/product_brand?post=744106"},{"taxonomy":"product_cat","embeddable":true,"href":"https:\/\/nextsnkr.com\/it\/wp-json\/wp\/v2\/product_cat?post=744106"},{"taxonomy":"product_tag","embeddable":true,"href":"https:\/\/nextsnkr.com\/it\/wp-json\/wp\/v2\/product_tag?post=744106"}],"curies":[{"name":"wp","href":"https:\/\/api.w.org\/{rel}","templated":true}]}}