{"id":736098,"date":"2025-06-14T16:45:50","date_gmt":"2025-06-14T13:45:50","guid":{"rendered":"https:\/\/nextsnkr.com\/product\/no-brand-mint-art-004\/"},"modified":"2026-01-31T22:42:15","modified_gmt":"2026-01-31T19:42:15","slug":"no-brand-mint-art-004","status":"publish","type":"product","link":"https:\/\/nextsnkr.com\/it\/prodotto\/no-brand-mint-art-004\/","title":{"rendered":"Scarpe da ginnastica No Brand Mint Art. 004 menta tessile femminile"},"content":{"rendered":"<h2>Scarpe da ginnastica No Brand Mint Art. 004 menta tessile femminile<\/h2>\n<p>Scarpe da ginnastica No Brand Mint Art. 004-scarpe leggere e comode da indossare ogni giorno. Realizzati in tessuti traspiranti, offrono comfort, flessibilit\u00e0 e ventilazione naturale al piede. Il fresco colore menta aggiunge un tocco di colore al look e si abbina facilmente a qualsiasi guardaroba elegante. Prodotte in Vietnam, queste sneakers combinano design moderno, praticit\u00e0 e praticit\u00e0 per passeggiate quotidiane, attivit\u00e0 all&#8217;aria aperta e ritmo di vita urbano.<\/p>\n","protected":false},"excerpt":{"rendered":"<p>Scarpe da ginnastica No Brand Mint Art. 004-scarpe leggere e comode da indossare ogni giorno. Realizzati in tessuti traspiranti, offrono comfort, flessibilit\u00e0 e ventilazione naturale al piede. Il fresco colore menta aggiunge un tocco di colore al look e si abbina facilmente a qualsiasi guardaroba elegante. Prodotte in Vietnam, queste sneakers combinano design moderno, praticit\u00e0 e praticit\u00e0 per passeggiate quotidiane, attivit\u00e0 all&#8217;aria aperta e ritmo di vita urbano.<\/p>\n","protected":false},"featured_media":736099,"comment_status":"open","ping_status":"open","template":"","meta":[],"product_brand":[],"product_cat":[3238,3239],"product_tag":[],"class_list":{"0":"post-736098","1":"product","2":"type-product","3":"status-publish","4":"has-post-thumbnail","6":"product_cat-all-product","7":"product_cat-krosivky","8":"pa_rozmir-910","9":"pa_rozmir-912","10":"pa_rozmir-914","11":"pa_rozmir-915","12":"pa_rozmir-916","13":"pa_rozmir-917","14":"pa_rozmir-918","15":"pa_rozmir-919","16":"pa_rozmir-920","17":"pa_rozmir-921","18":"pa_rozmir-922","20":"first","21":"onbackorder","22":"purchasable","23":"product-type-variable"},"_links":{"self":[{"href":"https:\/\/nextsnkr.com\/it\/wp-json\/wp\/v2\/product\/736098","targetHints":{"allow":["GET"]}}],"collection":[{"href":"https:\/\/nextsnkr.com\/it\/wp-json\/wp\/v2\/product"}],"about":[{"href":"https:\/\/nextsnkr.com\/it\/wp-json\/wp\/v2\/types\/product"}],"replies":[{"embeddable":true,"href":"https:\/\/nextsnkr.com\/it\/wp-json\/wp\/v2\/comments?post=736098"}],"version-history":[{"count":0,"href":"https:\/\/nextsnkr.com\/it\/wp-json\/wp\/v2\/product\/736098\/revisions"}],"wp:featuredmedia":[{"embeddable":true,"href":"https:\/\/nextsnkr.com\/it\/wp-json\/wp\/v2\/media\/736099"}],"wp:attachment":[{"href":"https:\/\/nextsnkr.com\/it\/wp-json\/wp\/v2\/media?parent=736098"}],"wp:term":[{"taxonomy":"product_brand","embeddable":true,"href":"https:\/\/nextsnkr.com\/it\/wp-json\/wp\/v2\/product_brand?post=736098"},{"taxonomy":"product_cat","embeddable":true,"href":"https:\/\/nextsnkr.com\/it\/wp-json\/wp\/v2\/product_cat?post=736098"},{"taxonomy":"product_tag","embeddable":true,"href":"https:\/\/nextsnkr.com\/it\/wp-json\/wp\/v2\/product_tag?post=736098"}],"curies":[{"name":"wp","href":"https:\/\/api.w.org\/{rel}","templated":true}]}}