{"id":735377,"date":"2025-06-14T16:48:10","date_gmt":"2025-06-14T13:48:10","guid":{"rendered":"https:\/\/nextsnkr.com\/product\/no-brand-yellow-art-025\/"},"modified":"2026-01-31T22:41:56","modified_gmt":"2026-01-31T19:41:56","slug":"no-brand-yellow-art-025","status":"publish","type":"product","link":"https:\/\/nextsnkr.com\/it\/prodotto\/no-brand-yellow-art-025\/","title":{"rendered":"Pantofole No Brand Yellow-pantofole da casa in schiuma gialla leggera"},"content":{"rendered":"<h2>Pantofole No Brand Yellow-pantofole da casa in schiuma gialla leggera<\/h2>\n<p>Pantofole No Brand Yellow, Art. 025-pantofole da casa comode e leggere realizzate in morbida schiuma. Forniscono comfort e calore ai piedi, perfetti per l&#8217;uso quotidiano a casa. Il giallo brillante aggiunge un accento Allegro all&#8217;interno ed \u00e8 edificante. La suola leggera garantisce comfort durante la camminata e le prestazioni di qualit\u00e0 del produttore cinese garantiscono durata. Scegli No Brand Yellow per intimit\u00e0 e comfort ogni giorno.<\/p>\n","protected":false},"excerpt":{"rendered":"<p>Pantofole No Brand Yellow, Art. 025-pantofole da casa comode e leggere realizzate in morbida schiuma. Forniscono comfort e calore ai piedi, perfetti per l&#8217;uso quotidiano a casa. Il giallo brillante aggiunge un accento Allegro all&#8217;interno ed \u00e8 edificante. La suola leggera garantisce comfort durante la camminata e le prestazioni di qualit\u00e0 del produttore cinese garantiscono durata. Scegli No Brand Yellow per intimit\u00e0 e comfort ogni giorno.<\/p>\n","protected":false},"featured_media":735378,"comment_status":"open","ping_status":"open","template":"","meta":[],"product_brand":[],"product_cat":[3238,3423],"product_tag":[],"class_list":{"0":"post-735377","1":"product","2":"type-product","3":"status-publish","4":"has-post-thumbnail","6":"product_cat-all-product","7":"product_cat-shlopantsi","8":"pa_rozmir-910","9":"pa_rozmir-912","10":"pa_rozmir-914","11":"pa_rozmir-915","12":"pa_rozmir-916","13":"pa_rozmir-917","14":"pa_rozmir-918","15":"pa_rozmir-919","16":"pa_rozmir-920","17":"pa_rozmir-921","18":"pa_rozmir-922","20":"first","21":"instock","22":"purchasable","23":"product-type-variable"},"_links":{"self":[{"href":"https:\/\/nextsnkr.com\/it\/wp-json\/wp\/v2\/product\/735377","targetHints":{"allow":["GET"]}}],"collection":[{"href":"https:\/\/nextsnkr.com\/it\/wp-json\/wp\/v2\/product"}],"about":[{"href":"https:\/\/nextsnkr.com\/it\/wp-json\/wp\/v2\/types\/product"}],"replies":[{"embeddable":true,"href":"https:\/\/nextsnkr.com\/it\/wp-json\/wp\/v2\/comments?post=735377"}],"version-history":[{"count":0,"href":"https:\/\/nextsnkr.com\/it\/wp-json\/wp\/v2\/product\/735377\/revisions"}],"wp:featuredmedia":[{"embeddable":true,"href":"https:\/\/nextsnkr.com\/it\/wp-json\/wp\/v2\/media\/735378"}],"wp:attachment":[{"href":"https:\/\/nextsnkr.com\/it\/wp-json\/wp\/v2\/media?parent=735377"}],"wp:term":[{"taxonomy":"product_brand","embeddable":true,"href":"https:\/\/nextsnkr.com\/it\/wp-json\/wp\/v2\/product_brand?post=735377"},{"taxonomy":"product_cat","embeddable":true,"href":"https:\/\/nextsnkr.com\/it\/wp-json\/wp\/v2\/product_cat?post=735377"},{"taxonomy":"product_tag","embeddable":true,"href":"https:\/\/nextsnkr.com\/it\/wp-json\/wp\/v2\/product_tag?post=735377"}],"curies":[{"name":"wp","href":"https:\/\/api.w.org\/{rel}","templated":true}]}}