{"id":734012,"date":"2025-06-14T20:52:23","date_gmt":"2025-06-14T17:52:23","guid":{"rendered":"https:\/\/nextsnkr.com\/product\/nike-air-jordan-1-beige\/"},"modified":"2026-01-31T22:41:09","modified_gmt":"2026-01-31T19:41:09","slug":"nike-air-jordan-1-beige","status":"publish","type":"product","link":"https:\/\/nextsnkr.com\/it\/prodotto\/nike-air-jordan-1-beige\/","title":{"rendered":"Scarpe Da Ginnastica Nike Air Jordan 1 Beige-Scarpe da ginnastica classiche in pelle"},"content":{"rendered":"<h2>Scarpe Da Ginnastica Nike Air Jordan 1 Beige-Scarpe da ginnastica classiche in pelle<\/h2>\n<p>Le sneakers Nike Air Jordan 1 Beige combinano design leggendario e comfort moderno. Realizzati in vera pelle di qualit\u00e0, offrono durata, vestibilit\u00e0 comoda e supporto sicuro per il piede. Il delicato colore beige rende il modello versatile, facilmente abbinabile a qualsiasi stile di abbigliamento. Realizzate in Cina, queste sneaker sono adatte per l&#8217;uso quotidiano, lo stile urbano e le attivit\u00e0 all&#8217;aperto. Nike Air Jordan 1 Beige \u00e8 la scelta perfetta per coloro che apprezzano il marchio, la qualit\u00e0 e lo stile.<\/p>\n","protected":false},"excerpt":{"rendered":"<p>Le sneakers Nike Air Jordan 1 Beige combinano design leggendario e comfort moderno. Realizzati in vera pelle di qualit\u00e0, offrono durata, vestibilit\u00e0 comoda e supporto sicuro per il piede. Il delicato colore beige rende il modello versatile, facilmente abbinabile a qualsiasi stile di abbigliamento. Realizzate in Cina, queste sneaker sono adatte per l&#8217;uso quotidiano, lo stile urbano e le attivit\u00e0 all&#8217;aperto. Nike Air Jordan 1 Beige \u00e8 la scelta perfetta per coloro che apprezzano il marchio, la qualit\u00e0 e lo stile.<\/p>\n","protected":false},"featured_media":734013,"comment_status":"open","ping_status":"open","template":"","meta":[],"product_brand":[],"product_cat":[3386,3238,3321],"product_tag":[],"class_list":{"0":"post-734012","1":"product","2":"type-product","3":"status-publish","4":"has-post-thumbnail","6":"product_cat-nike-jordan","7":"product_cat-all-product","8":"product_cat-kedy","9":"pa_rozmir-910","10":"pa_rozmir-912","11":"pa_rozmir-914","12":"pa_rozmir-915","13":"pa_rozmir-916","14":"pa_rozmir-917","15":"pa_rozmir-918","16":"pa_rozmir-919","17":"pa_rozmir-920","18":"pa_rozmir-921","19":"pa_rozmir-922","21":"first","22":"instock","23":"purchasable","24":"product-type-variable"},"_links":{"self":[{"href":"https:\/\/nextsnkr.com\/it\/wp-json\/wp\/v2\/product\/734012","targetHints":{"allow":["GET"]}}],"collection":[{"href":"https:\/\/nextsnkr.com\/it\/wp-json\/wp\/v2\/product"}],"about":[{"href":"https:\/\/nextsnkr.com\/it\/wp-json\/wp\/v2\/types\/product"}],"replies":[{"embeddable":true,"href":"https:\/\/nextsnkr.com\/it\/wp-json\/wp\/v2\/comments?post=734012"}],"version-history":[{"count":0,"href":"https:\/\/nextsnkr.com\/it\/wp-json\/wp\/v2\/product\/734012\/revisions"}],"wp:featuredmedia":[{"embeddable":true,"href":"https:\/\/nextsnkr.com\/it\/wp-json\/wp\/v2\/media\/734013"}],"wp:attachment":[{"href":"https:\/\/nextsnkr.com\/it\/wp-json\/wp\/v2\/media?parent=734012"}],"wp:term":[{"taxonomy":"product_brand","embeddable":true,"href":"https:\/\/nextsnkr.com\/it\/wp-json\/wp\/v2\/product_brand?post=734012"},{"taxonomy":"product_cat","embeddable":true,"href":"https:\/\/nextsnkr.com\/it\/wp-json\/wp\/v2\/product_cat?post=734012"},{"taxonomy":"product_tag","embeddable":true,"href":"https:\/\/nextsnkr.com\/it\/wp-json\/wp\/v2\/product_tag?post=734012"}],"curies":[{"name":"wp","href":"https:\/\/api.w.org\/{rel}","templated":true}]}}