{"id":727927,"date":"2025-06-14T21:21:07","date_gmt":"2025-06-14T18:21:07","guid":{"rendered":"https:\/\/nextsnkr.com\/product\/black-ref-shnurky-ne-premyum-rasprodazha\/"},"modified":"2026-01-31T22:38:09","modified_gmt":"2026-01-31T19:38:09","slug":"black-ref-shnurky-ne-premyum-rasprodazha","status":"publish","type":"product","link":"https:\/\/nextsnkr.com\/it\/prodotto\/black-ref-shnurky-ne-premyum-rasprodazha\/","title":{"rendered":"Sneakers in tessuto nero * Ref con Mesh-Scarpe stringate da uomo"},"content":{"rendered":"<h2>Sneakers in tessuto nero * Ref con Mesh-Scarpe stringate da uomo<\/h2>\n<p>Sneakers Black * Ref lacci non PREMIUM-Sneakers Da Uomo leggere realizzate in tessuto e mesh progettate per il comfort quotidiano. I materiali traspiranti mantengono il piede ventilato e l&#8217;allacciatura consente di regolare la vestibilit\u00e0 per comodit\u00e0 mentre si cammina. Il modello combina praticit\u00e0 e stile, adatto per passeggiate, attivit\u00e0 all&#8217;aperto o abbigliamento quotidiano urbano. Il prezzo accessibile rende queste sneakers una scelta redditizia per coloro che apprezzano il comfort e il design moderno.<\/p>\n","protected":false},"excerpt":{"rendered":"<p>Sneakers Black * Ref lacci non PREMIUM-Sneakers Da Uomo leggere realizzate in tessuto e mesh progettate per il comfort quotidiano. I materiali traspiranti mantengono il piede ventilato e l&#8217;allacciatura consente di regolare la vestibilit\u00e0 per comodit\u00e0 mentre si cammina. Il modello combina praticit\u00e0 e stile, adatto per passeggiate, attivit\u00e0 all&#8217;aperto o abbigliamento quotidiano urbano. Il prezzo accessibile rende queste sneakers una scelta redditizia per coloro che apprezzano il comfort e il design moderno.<\/p>\n","protected":false},"featured_media":727928,"comment_status":"open","ping_status":"open","template":"","meta":[],"product_brand":[],"product_cat":[3238,3239],"product_tag":[],"class_list":{"0":"post-727927","1":"product","2":"type-product","3":"status-publish","4":"has-post-thumbnail","6":"product_cat-all-product","7":"product_cat-krosivky","8":"pa_rozmir-910","9":"pa_rozmir-912","10":"pa_rozmir-914","11":"pa_rozmir-915","12":"pa_rozmir-916","13":"pa_rozmir-917","14":"pa_rozmir-918","15":"pa_rozmir-919","16":"pa_rozmir-920","17":"pa_rozmir-921","18":"pa_rozmir-922","20":"first","21":"instock","22":"purchasable","23":"product-type-variable"},"_links":{"self":[{"href":"https:\/\/nextsnkr.com\/it\/wp-json\/wp\/v2\/product\/727927","targetHints":{"allow":["GET"]}}],"collection":[{"href":"https:\/\/nextsnkr.com\/it\/wp-json\/wp\/v2\/product"}],"about":[{"href":"https:\/\/nextsnkr.com\/it\/wp-json\/wp\/v2\/types\/product"}],"replies":[{"embeddable":true,"href":"https:\/\/nextsnkr.com\/it\/wp-json\/wp\/v2\/comments?post=727927"}],"version-history":[{"count":0,"href":"https:\/\/nextsnkr.com\/it\/wp-json\/wp\/v2\/product\/727927\/revisions"}],"wp:featuredmedia":[{"embeddable":true,"href":"https:\/\/nextsnkr.com\/it\/wp-json\/wp\/v2\/media\/727928"}],"wp:attachment":[{"href":"https:\/\/nextsnkr.com\/it\/wp-json\/wp\/v2\/media?parent=727927"}],"wp:term":[{"taxonomy":"product_brand","embeddable":true,"href":"https:\/\/nextsnkr.com\/it\/wp-json\/wp\/v2\/product_brand?post=727927"},{"taxonomy":"product_cat","embeddable":true,"href":"https:\/\/nextsnkr.com\/it\/wp-json\/wp\/v2\/product_cat?post=727927"},{"taxonomy":"product_tag","embeddable":true,"href":"https:\/\/nextsnkr.com\/it\/wp-json\/wp\/v2\/product_tag?post=727927"}],"curies":[{"name":"wp","href":"https:\/\/api.w.org\/{rel}","templated":true}]}}