{"id":726404,"date":"2025-06-14T21:25:57","date_gmt":"2025-06-14T18:25:57","guid":{"rendered":"https:\/\/nextsnkr.com\/product\/yeezy-700-v3-azael\/"},"modified":"2026-01-31T22:37:15","modified_gmt":"2026-01-31T19:37:15","slug":"yeezy-700-v3-azael","status":"publish","type":"product","link":"https:\/\/nextsnkr.com\/it\/prodotto\/yeezy-700-v3-azael\/","title":{"rendered":"Sneakers Yeezy 700 V3 Azael-scarpe sportive da uomo in tessuto"},"content":{"rendered":"<h2>Sneakers Yeezy 700 V3 Azael-scarpe sportive da uomo in tessuto<\/h2>\n<p>Yeezy 700 V3 Azael \u00e8 una sneaker moderna realizzata in tessuto e mesh che offre la massima ventilazione e comfort durante l&#8217;usura. Il design elegante nelle tonalit\u00e0 scure di Azael enfatizza l&#8217;individualit\u00e0 e lo stile urbano contemporaneo. Prodotte in Vietnam, le sneaker sono caratterizzate da leggerezza, solidit\u00e0 della suola e vestibilit\u00e0 comoda sul piede. La scelta perfetta per lo stile di vita attivo, a piedi e indossare ogni giorno, che unisce stile e funzionalit\u00e0.<\/p>\n","protected":false},"excerpt":{"rendered":"<p>Yeezy 700 V3 Azael \u00e8 una sneaker moderna realizzata in tessuto e mesh che offre la massima ventilazione e comfort durante l&#8217;usura. Il design elegante nelle tonalit\u00e0 scure di Azael enfatizza l&#8217;individualit\u00e0 e lo stile urbano contemporaneo. Prodotte in Vietnam, le sneaker sono caratterizzate da leggerezza, solidit\u00e0 della suola e vestibilit\u00e0 comoda sul piede. La scelta perfetta per lo stile di vita attivo, a piedi e indossare ogni giorno, che unisce stile e funzionalit\u00e0.<\/p>\n","protected":false},"featured_media":726405,"comment_status":"open","ping_status":"open","template":"","meta":[],"product_brand":[],"product_cat":[3399,3238,3239],"product_tag":[],"class_list":{"0":"post-726404","1":"product","2":"type-product","3":"status-publish","4":"has-post-thumbnail","6":"product_cat-adidas-yeezy","7":"product_cat-all-product","8":"product_cat-krosivky","9":"pa_rozmir-910","10":"pa_rozmir-912","11":"pa_rozmir-914","12":"pa_rozmir-915","13":"pa_rozmir-916","14":"pa_rozmir-917","15":"pa_rozmir-918","16":"pa_rozmir-919","17":"pa_rozmir-920","18":"pa_rozmir-921","19":"pa_rozmir-922","21":"first","22":"onbackorder","23":"purchasable","24":"product-type-variable"},"_links":{"self":[{"href":"https:\/\/nextsnkr.com\/it\/wp-json\/wp\/v2\/product\/726404","targetHints":{"allow":["GET"]}}],"collection":[{"href":"https:\/\/nextsnkr.com\/it\/wp-json\/wp\/v2\/product"}],"about":[{"href":"https:\/\/nextsnkr.com\/it\/wp-json\/wp\/v2\/types\/product"}],"replies":[{"embeddable":true,"href":"https:\/\/nextsnkr.com\/it\/wp-json\/wp\/v2\/comments?post=726404"}],"version-history":[{"count":0,"href":"https:\/\/nextsnkr.com\/it\/wp-json\/wp\/v2\/product\/726404\/revisions"}],"wp:featuredmedia":[{"embeddable":true,"href":"https:\/\/nextsnkr.com\/it\/wp-json\/wp\/v2\/media\/726405"}],"wp:attachment":[{"href":"https:\/\/nextsnkr.com\/it\/wp-json\/wp\/v2\/media?parent=726404"}],"wp:term":[{"taxonomy":"product_brand","embeddable":true,"href":"https:\/\/nextsnkr.com\/it\/wp-json\/wp\/v2\/product_brand?post=726404"},{"taxonomy":"product_cat","embeddable":true,"href":"https:\/\/nextsnkr.com\/it\/wp-json\/wp\/v2\/product_cat?post=726404"},{"taxonomy":"product_tag","embeddable":true,"href":"https:\/\/nextsnkr.com\/it\/wp-json\/wp\/v2\/product_tag?post=726404"}],"curies":[{"name":"wp","href":"https:\/\/api.w.org\/{rel}","templated":true}]}}