{"id":725558,"date":"2025-06-16T20:47:18","date_gmt":"2025-06-16T17:47:18","guid":{"rendered":"https:\/\/nextsnkr.com\/product\/new-balance-530-white-blue-silver\/"},"modified":"2026-01-31T22:36:52","modified_gmt":"2026-01-31T19:36:52","slug":"new-balance-530-white-blue-silver","status":"publish","type":"product","link":"https:\/\/nextsnkr.com\/it\/prodotto\/new-balance-530-white-blue-silver\/","title":{"rendered":"Sneakers New Balance 530 &#8220;White \/ Blue Silver&#8221; &#8211; tessuto e pelle da uomo"},"content":{"rendered":"<h2>Sneakers New Balance 530 &#8220;White \/ Blue Silver&#8221; &#8211; tessuto e pelle da uomo<\/h2>\n<p>Le sneakers New Balance 530 &#8220;White \/ Blue Silver&#8221; combinano un design elegante e il massimo comfort. La tomaia in tessuto e Vera Pelle offre leggerezza, resistenza e ventilazione, mentre la suola confortevole garantisce ammortizzazione e stabilit\u00e0 durante la camminata. Il colore bianco-blu-argento aggiunge versatilit\u00e0 e un aspetto moderno. Prodotte in Vietnam, queste sneakers sono di alta qualit\u00e0 e resistenti. Scegli New Balance 530 per una vita attiva quotidiana e un look alla moda.<\/p>\n","protected":false},"excerpt":{"rendered":"<p>Le sneakers New Balance 530 &#8220;White \/ Blue Silver&#8221; combinano un design elegante e il massimo comfort. La tomaia in tessuto e Vera Pelle offre leggerezza, resistenza e ventilazione, mentre la suola confortevole garantisce ammortizzazione e stabilit\u00e0 durante la camminata. Il colore bianco-blu-argento aggiunge versatilit\u00e0 e un aspetto moderno. Prodotte in Vietnam, queste sneakers sono di alta qualit\u00e0 e resistenti. Scegli New Balance 530 per una vita attiva quotidiana e un look alla moda.<\/p>\n","protected":false},"featured_media":725559,"comment_status":"open","ping_status":"open","template":"","meta":[],"product_brand":[],"product_cat":[3238,3239],"product_tag":[],"class_list":{"0":"post-725558","1":"product","2":"type-product","3":"status-publish","4":"has-post-thumbnail","6":"product_cat-all-product","7":"product_cat-krosivky","8":"pa_rozmir-910","9":"pa_rozmir-912","10":"pa_rozmir-914","11":"pa_rozmir-915","12":"pa_rozmir-916","13":"pa_rozmir-917","14":"pa_rozmir-918","15":"pa_rozmir-919","16":"pa_rozmir-920","17":"pa_rozmir-921","18":"pa_rozmir-922","20":"first","21":"onbackorder","22":"purchasable","23":"product-type-variable"},"_links":{"self":[{"href":"https:\/\/nextsnkr.com\/it\/wp-json\/wp\/v2\/product\/725558","targetHints":{"allow":["GET"]}}],"collection":[{"href":"https:\/\/nextsnkr.com\/it\/wp-json\/wp\/v2\/product"}],"about":[{"href":"https:\/\/nextsnkr.com\/it\/wp-json\/wp\/v2\/types\/product"}],"replies":[{"embeddable":true,"href":"https:\/\/nextsnkr.com\/it\/wp-json\/wp\/v2\/comments?post=725558"}],"version-history":[{"count":0,"href":"https:\/\/nextsnkr.com\/it\/wp-json\/wp\/v2\/product\/725558\/revisions"}],"wp:featuredmedia":[{"embeddable":true,"href":"https:\/\/nextsnkr.com\/it\/wp-json\/wp\/v2\/media\/725559"}],"wp:attachment":[{"href":"https:\/\/nextsnkr.com\/it\/wp-json\/wp\/v2\/media?parent=725558"}],"wp:term":[{"taxonomy":"product_brand","embeddable":true,"href":"https:\/\/nextsnkr.com\/it\/wp-json\/wp\/v2\/product_brand?post=725558"},{"taxonomy":"product_cat","embeddable":true,"href":"https:\/\/nextsnkr.com\/it\/wp-json\/wp\/v2\/product_cat?post=725558"},{"taxonomy":"product_tag","embeddable":true,"href":"https:\/\/nextsnkr.com\/it\/wp-json\/wp\/v2\/product_tag?post=725558"}],"curies":[{"name":"wp","href":"https:\/\/api.w.org\/{rel}","templated":true}]}}