{"id":721652,"date":"2025-06-14T17:07:32","date_gmt":"2025-06-14T14:07:32","guid":{"rendered":"https:\/\/nextsnkr.com\/product\/550-white-green\/"},"modified":"2026-01-31T22:34:53","modified_gmt":"2026-01-31T19:34:53","slug":"550-white-green","status":"publish","type":"product","link":"https:\/\/nextsnkr.com\/it\/prodotto\/550-white-green\/","title":{"rendered":"Sneakers 550 White \/ Green-eleganti sneakers in pelle da indossare ogni giorno"},"content":{"rendered":"<h2>Sneakers 550 White \/ Green-eleganti sneakers in pelle da indossare ogni giorno<\/h2>\n<p>La sneaker 550 White \/ Green \u00e8 un modello confortevole ed elegante realizzato in pelle di alta qualit\u00e0 che offre durata e comfort per tutto il giorno. La combinazione contrastante di bianco e verde conferisce alla scarpa un aspetto fresco e moderno. La suola offre ammortizzazione e un solido supporto per il piede e il design versatile \u00e8 adatto per camminare, studiare o attivit\u00e0 all&#8217;aperto. Il Produttore \u00c8 Il Vietnam. Scegli una sneaker 550 bianca \/ verde per un mix di stile e comfort. Codice: 0493-273034.<\/p>\n","protected":false},"excerpt":{"rendered":"<p>La sneaker 550 White \/ Green \u00e8 un modello confortevole ed elegante realizzato in pelle di alta qualit\u00e0 che offre durata e comfort per tutto il giorno. La combinazione contrastante di bianco e verde conferisce alla scarpa un aspetto fresco e moderno. La suola offre ammortizzazione e un solido supporto per il piede e il design versatile \u00e8 adatto per camminare, studiare o attivit\u00e0 all&#8217;aperto. Il Produttore \u00c8 Il Vietnam. Scegli una sneaker 550 bianca \/ verde per un mix di stile e comfort. Codice: 0493-273034.<\/p>\n","protected":false},"featured_media":721653,"comment_status":"open","ping_status":"open","template":"","meta":[],"product_brand":[],"product_cat":[3238,3321],"product_tag":[],"class_list":{"0":"post-721652","1":"product","2":"type-product","3":"status-publish","4":"has-post-thumbnail","6":"product_cat-all-product","7":"product_cat-kedy","8":"pa_rozmir-910","9":"pa_rozmir-912","10":"pa_rozmir-914","11":"pa_rozmir-915","12":"pa_rozmir-916","13":"pa_rozmir-917","14":"pa_rozmir-918","15":"pa_rozmir-919","16":"pa_rozmir-920","17":"pa_rozmir-921","18":"pa_rozmir-922","20":"first","21":"instock","22":"purchasable","23":"product-type-variable"},"_links":{"self":[{"href":"https:\/\/nextsnkr.com\/it\/wp-json\/wp\/v2\/product\/721652","targetHints":{"allow":["GET"]}}],"collection":[{"href":"https:\/\/nextsnkr.com\/it\/wp-json\/wp\/v2\/product"}],"about":[{"href":"https:\/\/nextsnkr.com\/it\/wp-json\/wp\/v2\/types\/product"}],"replies":[{"embeddable":true,"href":"https:\/\/nextsnkr.com\/it\/wp-json\/wp\/v2\/comments?post=721652"}],"version-history":[{"count":0,"href":"https:\/\/nextsnkr.com\/it\/wp-json\/wp\/v2\/product\/721652\/revisions"}],"wp:featuredmedia":[{"embeddable":true,"href":"https:\/\/nextsnkr.com\/it\/wp-json\/wp\/v2\/media\/721653"}],"wp:attachment":[{"href":"https:\/\/nextsnkr.com\/it\/wp-json\/wp\/v2\/media?parent=721652"}],"wp:term":[{"taxonomy":"product_brand","embeddable":true,"href":"https:\/\/nextsnkr.com\/it\/wp-json\/wp\/v2\/product_brand?post=721652"},{"taxonomy":"product_cat","embeddable":true,"href":"https:\/\/nextsnkr.com\/it\/wp-json\/wp\/v2\/product_cat?post=721652"},{"taxonomy":"product_tag","embeddable":true,"href":"https:\/\/nextsnkr.com\/it\/wp-json\/wp\/v2\/product_tag?post=721652"}],"curies":[{"name":"wp","href":"https:\/\/api.w.org\/{rel}","templated":true}]}}