{"id":720971,"date":"2025-06-14T17:08:56","date_gmt":"2025-06-14T14:08:56","guid":{"rendered":"https:\/\/nextsnkr.com\/product\/550-colored\/"},"modified":"2026-01-31T22:34:35","modified_gmt":"2026-01-31T19:34:35","slug":"550-colored","status":"publish","type":"product","link":"https:\/\/nextsnkr.com\/it\/prodotto\/550-colored\/","title":{"rendered":"Sneakers 550 COLORED-pelle e tessuti, eleganti e luminosi"},"content":{"rendered":"<h2>Sneakers 550 COLORED-pelle e tessuti, eleganti e luminosi<\/h2>\n<p>La sneaker 550 COLORED \u00e8 un modello luminoso e confortevole con una combinazione di pelle e tessuti, creato per l&#8217;uso quotidiano attivo. I materiali di alta qualit\u00e0 offrono durata e vestibilit\u00e0 comoda, mentre il design elegante aggiunge modernit\u00e0 e personalit\u00e0 al look. La produzione Vietnamita garantisce prestazioni accurate e affidabilit\u00e0. Scegli una sneaker 550 COLORED per una combinazione di comfort, luminosit\u00e0 e stile alla moda in ogni passaggio.<\/p>\n","protected":false},"excerpt":{"rendered":"<p>La sneaker 550 COLORED \u00e8 un modello luminoso e confortevole con una combinazione di pelle e tessuti, creato per l&#8217;uso quotidiano attivo. I materiali di alta qualit\u00e0 offrono durata e vestibilit\u00e0 comoda, mentre il design elegante aggiunge modernit\u00e0 e personalit\u00e0 al look. La produzione Vietnamita garantisce prestazioni accurate e affidabilit\u00e0. Scegli una sneaker 550 COLORED per una combinazione di comfort, luminosit\u00e0 e stile alla moda in ogni passaggio.<\/p>\n","protected":false},"featured_media":720972,"comment_status":"open","ping_status":"open","template":"","meta":[],"product_brand":[],"product_cat":[3238,3321],"product_tag":[],"class_list":{"0":"post-720971","1":"product","2":"type-product","3":"status-publish","4":"has-post-thumbnail","6":"product_cat-all-product","7":"product_cat-kedy","8":"pa_rozmir-910","9":"pa_rozmir-912","10":"pa_rozmir-914","11":"pa_rozmir-915","12":"pa_rozmir-916","13":"pa_rozmir-917","14":"pa_rozmir-918","15":"pa_rozmir-919","16":"pa_rozmir-920","17":"pa_rozmir-921","18":"pa_rozmir-922","20":"first","21":"instock","22":"purchasable","23":"product-type-variable"},"_links":{"self":[{"href":"https:\/\/nextsnkr.com\/it\/wp-json\/wp\/v2\/product\/720971","targetHints":{"allow":["GET"]}}],"collection":[{"href":"https:\/\/nextsnkr.com\/it\/wp-json\/wp\/v2\/product"}],"about":[{"href":"https:\/\/nextsnkr.com\/it\/wp-json\/wp\/v2\/types\/product"}],"replies":[{"embeddable":true,"href":"https:\/\/nextsnkr.com\/it\/wp-json\/wp\/v2\/comments?post=720971"}],"version-history":[{"count":0,"href":"https:\/\/nextsnkr.com\/it\/wp-json\/wp\/v2\/product\/720971\/revisions"}],"wp:featuredmedia":[{"embeddable":true,"href":"https:\/\/nextsnkr.com\/it\/wp-json\/wp\/v2\/media\/720972"}],"wp:attachment":[{"href":"https:\/\/nextsnkr.com\/it\/wp-json\/wp\/v2\/media?parent=720971"}],"wp:term":[{"taxonomy":"product_brand","embeddable":true,"href":"https:\/\/nextsnkr.com\/it\/wp-json\/wp\/v2\/product_brand?post=720971"},{"taxonomy":"product_cat","embeddable":true,"href":"https:\/\/nextsnkr.com\/it\/wp-json\/wp\/v2\/product_cat?post=720971"},{"taxonomy":"product_tag","embeddable":true,"href":"https:\/\/nextsnkr.com\/it\/wp-json\/wp\/v2\/product_tag?post=720971"}],"curies":[{"name":"wp","href":"https:\/\/api.w.org\/{rel}","templated":true}]}}