{"id":714383,"date":"2025-06-16T21:14:58","date_gmt":"2025-06-16T18:14:58","guid":{"rendered":"https:\/\/nextsnkr.com\/product\/loro-piano-beige\/"},"modified":"2026-01-31T22:31:16","modified_gmt":"2026-01-31T19:31:16","slug":"loro-piano-beige","status":"publish","type":"product","link":"https:\/\/nextsnkr.com\/it\/prodotto\/loro-piano-beige\/","title":{"rendered":"Mocassini Loro piano Beige-Donna In Pelle scamosciata alla moda"},"content":{"rendered":"<h2>Mocassini Loro piano Beige-Donna In Pelle scamosciata alla moda<\/h2>\n<p>Loro piano Beige \u00e8 un elegante mocassino da donna Realizzato in pelle scamosciata di alta qualit\u00e0 che unisce comfort, stile e durata. La tonalit\u00e0 beige chiaro rende il modello versatile e facile da abbinare a una variet\u00e0 di look, dal casual al business. Realizzati in Vietnam, i mocassini Loro Piano sono caratterizzati da una suola robusta, una vestibilit\u00e0 comoda e un&#8217;esecuzione accurata dei dettagli. La scelta perfetta per coloro che apprezzano il design moderno, il comfort e la qualit\u00e0 delle scarpe Premium.<\/p>\n","protected":false},"excerpt":{"rendered":"<p>Loro piano Beige \u00e8 un elegante mocassino da donna Realizzato in pelle scamosciata di alta qualit\u00e0 che unisce comfort, stile e durata. La tonalit\u00e0 beige chiaro rende il modello versatile e facile da abbinare a una variet\u00e0 di look, dal casual al business. Realizzati in Vietnam, i mocassini Loro Piano sono caratterizzati da una suola robusta, una vestibilit\u00e0 comoda e un&#8217;esecuzione accurata dei dettagli. La scelta perfetta per coloro che apprezzano il design moderno, il comfort e la qualit\u00e0 delle scarpe Premium.<\/p>\n","protected":false},"featured_media":714386,"comment_status":"open","ping_status":"open","template":"","meta":[],"product_brand":[],"product_cat":[3238,4243],"product_tag":[],"class_list":{"0":"post-714383","1":"product","2":"type-product","3":"status-publish","4":"has-post-thumbnail","6":"product_cat-all-product","7":"product_cat-lofery","8":"pa_rozmir-910","9":"pa_rozmir-912","10":"pa_rozmir-914","11":"pa_rozmir-915","12":"pa_rozmir-916","13":"pa_rozmir-917","14":"pa_rozmir-918","15":"pa_rozmir-919","16":"pa_rozmir-920","17":"pa_rozmir-921","18":"pa_rozmir-922","20":"first","21":"onbackorder","22":"purchasable","23":"product-type-variable"},"_links":{"self":[{"href":"https:\/\/nextsnkr.com\/it\/wp-json\/wp\/v2\/product\/714383","targetHints":{"allow":["GET"]}}],"collection":[{"href":"https:\/\/nextsnkr.com\/it\/wp-json\/wp\/v2\/product"}],"about":[{"href":"https:\/\/nextsnkr.com\/it\/wp-json\/wp\/v2\/types\/product"}],"replies":[{"embeddable":true,"href":"https:\/\/nextsnkr.com\/it\/wp-json\/wp\/v2\/comments?post=714383"}],"version-history":[{"count":0,"href":"https:\/\/nextsnkr.com\/it\/wp-json\/wp\/v2\/product\/714383\/revisions"}],"wp:featuredmedia":[{"embeddable":true,"href":"https:\/\/nextsnkr.com\/it\/wp-json\/wp\/v2\/media\/714386"}],"wp:attachment":[{"href":"https:\/\/nextsnkr.com\/it\/wp-json\/wp\/v2\/media?parent=714383"}],"wp:term":[{"taxonomy":"product_brand","embeddable":true,"href":"https:\/\/nextsnkr.com\/it\/wp-json\/wp\/v2\/product_brand?post=714383"},{"taxonomy":"product_cat","embeddable":true,"href":"https:\/\/nextsnkr.com\/it\/wp-json\/wp\/v2\/product_cat?post=714383"},{"taxonomy":"product_tag","embeddable":true,"href":"https:\/\/nextsnkr.com\/it\/wp-json\/wp\/v2\/product_tag?post=714383"}],"curies":[{"name":"wp","href":"https:\/\/api.w.org\/{rel}","templated":true}]}}