{"id":701118,"date":"2025-06-14T17:48:37","date_gmt":"2025-06-14T14:48:37","guid":{"rendered":"https:\/\/nextsnkr.com\/product\/air-jordan-1-low-black\/"},"modified":"2026-01-31T22:24:05","modified_gmt":"2026-01-31T19:24:05","slug":"air-jordan-1-low-black","status":"publish","type":"product","link":"https:\/\/nextsnkr.com\/it\/prodotto\/air-jordan-1-low-black\/","title":{"rendered":"Sneakers Air Jordan 1 Low Black-sneakers in pelle nera stile classico"},"content":{"rendered":"<h2>Sneakers Air Jordan 1 Low Black-sneakers in pelle nera stile classico<\/h2>\n<p>Le sneakers Air Jordan 1 Low Black sono un modello Elegante In Vera Pelle Per l&#8217;uso quotidiano. Il colore nero li rende versatili e facili da abbinare a qualsiasi immagine. Il materiale resistente garantisce durata e la suola confortevole garantisce comfort durante il giorno. Air Jordan 1 Low Black \u00e8 la scelta perfetta per coloro che apprezzano lo stile, la qualit\u00e0 e la praticit\u00e0 in ogni fase.<\/p>\n","protected":false},"excerpt":{"rendered":"<p>Le sneakers Air Jordan 1 Low Black sono un modello Elegante In Vera Pelle Per l&#8217;uso quotidiano. Il colore nero li rende versatili e facili da abbinare a qualsiasi immagine. Il materiale resistente garantisce durata e la suola confortevole garantisce comfort durante il giorno. Air Jordan 1 Low Black \u00e8 la scelta perfetta per coloro che apprezzano lo stile, la qualit\u00e0 e la praticit\u00e0 in ogni fase.<\/p>\n","protected":false},"featured_media":701119,"comment_status":"open","ping_status":"open","template":"","meta":[],"product_brand":[],"product_cat":[3386,3238,3321],"product_tag":[],"class_list":{"0":"post-701118","1":"product","2":"type-product","3":"status-publish","4":"has-post-thumbnail","6":"product_cat-nike-jordan","7":"product_cat-all-product","8":"product_cat-kedy","9":"pa_rozmir-910","10":"pa_rozmir-912","11":"pa_rozmir-914","12":"pa_rozmir-915","13":"pa_rozmir-916","14":"pa_rozmir-917","15":"pa_rozmir-918","16":"pa_rozmir-919","17":"pa_rozmir-920","18":"pa_rozmir-921","19":"pa_rozmir-922","21":"first","22":"onbackorder","23":"purchasable","24":"product-type-variable"},"_links":{"self":[{"href":"https:\/\/nextsnkr.com\/it\/wp-json\/wp\/v2\/product\/701118","targetHints":{"allow":["GET"]}}],"collection":[{"href":"https:\/\/nextsnkr.com\/it\/wp-json\/wp\/v2\/product"}],"about":[{"href":"https:\/\/nextsnkr.com\/it\/wp-json\/wp\/v2\/types\/product"}],"replies":[{"embeddable":true,"href":"https:\/\/nextsnkr.com\/it\/wp-json\/wp\/v2\/comments?post=701118"}],"version-history":[{"count":0,"href":"https:\/\/nextsnkr.com\/it\/wp-json\/wp\/v2\/product\/701118\/revisions"}],"wp:featuredmedia":[{"embeddable":true,"href":"https:\/\/nextsnkr.com\/it\/wp-json\/wp\/v2\/media\/701119"}],"wp:attachment":[{"href":"https:\/\/nextsnkr.com\/it\/wp-json\/wp\/v2\/media?parent=701118"}],"wp:term":[{"taxonomy":"product_brand","embeddable":true,"href":"https:\/\/nextsnkr.com\/it\/wp-json\/wp\/v2\/product_brand?post=701118"},{"taxonomy":"product_cat","embeddable":true,"href":"https:\/\/nextsnkr.com\/it\/wp-json\/wp\/v2\/product_cat?post=701118"},{"taxonomy":"product_tag","embeddable":true,"href":"https:\/\/nextsnkr.com\/it\/wp-json\/wp\/v2\/product_tag?post=701118"}],"curies":[{"name":"wp","href":"https:\/\/api.w.org\/{rel}","templated":true}]}}