{"id":689947,"date":"2025-06-18T19:40:50","date_gmt":"2025-06-18T16:40:50","guid":{"rendered":"https:\/\/nextsnkr.com\/product\/ysl-sale\/"},"modified":"2026-01-31T22:17:35","modified_gmt":"2026-01-31T19:17:35","slug":"ysl-sale","status":"publish","type":"product","link":"https:\/\/nextsnkr.com\/it\/prodotto\/ysl-sale\/","title":{"rendered":"Borsa YSL elegante e alla moda-SALE"},"content":{"rendered":"<h2>Borsa YSL elegante e alla moda-SALE<\/h2>\n<p>La borsa YSL \u00e8 realizzata in materiale di alta qualit\u00e0, combina design elegante e praticit\u00e0 per l&#8217;uso quotidiano. \u00c8 perfetto per passeggiate in citt\u00e0, lavoro o eventi speciali. Leggera, spaziosa e funzionale, la borsa del marchio YSL esalta il tuo gusto raffinato e completa qualsiasi look. l&#8217;offerta azionaria lo rende ancora pi\u00f9 interessante da acquistare in questo momento.<\/p>\n","protected":false},"excerpt":{"rendered":"<p>La borsa YSL \u00e8 realizzata in materiale di alta qualit\u00e0, combina design elegante e praticit\u00e0 per l&#8217;uso quotidiano. \u00c8 perfetto per passeggiate in citt\u00e0, lavoro o eventi speciali. Leggera, spaziosa e funzionale, la borsa del marchio YSL esalta il tuo gusto raffinato e completa qualsiasi look. l&#8217;offerta azionaria lo rende ancora pi\u00f9 interessante da acquistare in questo momento.<\/p>\n","protected":false},"featured_media":689948,"comment_status":"open","ping_status":"open","template":"","meta":[],"product_brand":[],"product_cat":[3238,3482],"product_tag":[],"class_list":{"0":"post-689947","1":"product","2":"type-product","3":"status-publish","4":"has-post-thumbnail","6":"product_cat-all-product","7":"product_cat-sumky","8":"pa_rozmir-3762","10":"first","11":"instock","12":"purchasable","13":"product-type-simple"},"_links":{"self":[{"href":"https:\/\/nextsnkr.com\/it\/wp-json\/wp\/v2\/product\/689947","targetHints":{"allow":["GET"]}}],"collection":[{"href":"https:\/\/nextsnkr.com\/it\/wp-json\/wp\/v2\/product"}],"about":[{"href":"https:\/\/nextsnkr.com\/it\/wp-json\/wp\/v2\/types\/product"}],"replies":[{"embeddable":true,"href":"https:\/\/nextsnkr.com\/it\/wp-json\/wp\/v2\/comments?post=689947"}],"version-history":[{"count":0,"href":"https:\/\/nextsnkr.com\/it\/wp-json\/wp\/v2\/product\/689947\/revisions"}],"wp:featuredmedia":[{"embeddable":true,"href":"https:\/\/nextsnkr.com\/it\/wp-json\/wp\/v2\/media\/689948"}],"wp:attachment":[{"href":"https:\/\/nextsnkr.com\/it\/wp-json\/wp\/v2\/media?parent=689947"}],"wp:term":[{"taxonomy":"product_brand","embeddable":true,"href":"https:\/\/nextsnkr.com\/it\/wp-json\/wp\/v2\/product_brand?post=689947"},{"taxonomy":"product_cat","embeddable":true,"href":"https:\/\/nextsnkr.com\/it\/wp-json\/wp\/v2\/product_cat?post=689947"},{"taxonomy":"product_tag","embeddable":true,"href":"https:\/\/nextsnkr.com\/it\/wp-json\/wp\/v2\/product_tag?post=689947"}],"curies":[{"name":"wp","href":"https:\/\/api.w.org\/{rel}","templated":true}]}}