{"id":689450,"date":"2025-06-17T21:17:13","date_gmt":"2025-06-17T18:17:13","guid":{"rendered":"https:\/\/nextsnkr.com\/product\/yeezy-slide-brown-rozprodazh\/"},"modified":"2026-01-31T22:17:22","modified_gmt":"2026-01-31T19:17:22","slug":"yeezy-slide-brown-rozprodazh","status":"publish","type":"product","link":"https:\/\/nextsnkr.com\/it\/prodotto\/yeezy-slide-brown-rozprodazh\/","title":{"rendered":"Pantofole Yeezy Slide Brown-Infradito Eva leggere e comode"},"content":{"rendered":"<h2>Pantofole Yeezy Slide Brown-Infradito Eva leggere e comode<\/h2>\n<p>Le pantofole Yeezy Slide Brown sono eleganti e confortevoli in materiale EVA di alta qualit\u00e0 da indossare ogni giorno a casa o all&#8217;aperto. Il modello si distingue per la leggerezza, la vestibilit\u00e0 comoda e il design moderno in marrone, che conferisce al look eleganza e versatilit\u00e0. Realizzate in Vietnam, queste pantofole combinano durata, comfort e stile premium del marchio Yeezy, rendendole la scelta perfetta per l&#8217;uso quotidiano e il tempo libero.<\/p>\n","protected":false},"excerpt":{"rendered":"<p>Le pantofole Yeezy Slide Brown sono eleganti e confortevoli in materiale EVA di alta qualit\u00e0 da indossare ogni giorno a casa o all&#8217;aperto. Il modello si distingue per la leggerezza, la vestibilit\u00e0 comoda e il design moderno in marrone, che conferisce al look eleganza e versatilit\u00e0. Realizzate in Vietnam, queste pantofole combinano durata, comfort e stile premium del marchio Yeezy, rendendole la scelta perfetta per l&#8217;uso quotidiano e il tempo libero.<\/p>\n","protected":false},"featured_media":689451,"comment_status":"open","ping_status":"open","template":"","meta":[],"product_brand":[],"product_cat":[3399,3238,3423],"product_tag":[],"class_list":{"0":"post-689450","1":"product","2":"type-product","3":"status-publish","4":"has-post-thumbnail","6":"product_cat-adidas-yeezy","7":"product_cat-all-product","8":"product_cat-shlopantsi","9":"pa_rozmir-910","10":"pa_rozmir-912","11":"pa_rozmir-914","12":"pa_rozmir-915","13":"pa_rozmir-916","14":"pa_rozmir-917","15":"pa_rozmir-918","16":"pa_rozmir-919","17":"pa_rozmir-920","18":"pa_rozmir-921","19":"pa_rozmir-922","21":"first","22":"instock","23":"purchasable","24":"product-type-variable"},"_links":{"self":[{"href":"https:\/\/nextsnkr.com\/it\/wp-json\/wp\/v2\/product\/689450","targetHints":{"allow":["GET"]}}],"collection":[{"href":"https:\/\/nextsnkr.com\/it\/wp-json\/wp\/v2\/product"}],"about":[{"href":"https:\/\/nextsnkr.com\/it\/wp-json\/wp\/v2\/types\/product"}],"replies":[{"embeddable":true,"href":"https:\/\/nextsnkr.com\/it\/wp-json\/wp\/v2\/comments?post=689450"}],"version-history":[{"count":0,"href":"https:\/\/nextsnkr.com\/it\/wp-json\/wp\/v2\/product\/689450\/revisions"}],"wp:featuredmedia":[{"embeddable":true,"href":"https:\/\/nextsnkr.com\/it\/wp-json\/wp\/v2\/media\/689451"}],"wp:attachment":[{"href":"https:\/\/nextsnkr.com\/it\/wp-json\/wp\/v2\/media?parent=689450"}],"wp:term":[{"taxonomy":"product_brand","embeddable":true,"href":"https:\/\/nextsnkr.com\/it\/wp-json\/wp\/v2\/product_brand?post=689450"},{"taxonomy":"product_cat","embeddable":true,"href":"https:\/\/nextsnkr.com\/it\/wp-json\/wp\/v2\/product_cat?post=689450"},{"taxonomy":"product_tag","embeddable":true,"href":"https:\/\/nextsnkr.com\/it\/wp-json\/wp\/v2\/product_tag?post=689450"}],"curies":[{"name":"wp","href":"https:\/\/api.w.org\/{rel}","templated":true}]}}