{"id":680823,"date":"2025-06-18T20:54:56","date_gmt":"2025-06-18T17:54:56","guid":{"rendered":"https:\/\/nextsnkr.com\/product\/nike-sb-dunk-grey-dark-swoosh\/"},"modified":"2026-01-31T20:50:45","modified_gmt":"2026-01-31T17:50:45","slug":"nike-sb-dunk-grey-dark-swoosh","status":"publish","type":"product","link":"https:\/\/nextsnkr.com\/it\/prodotto\/nike-sb-dunk-grey-dark-swoosh\/","title":{"rendered":"Scarpe Da Ginnastica Nike Sb Dunk Grey dark Swoosh in pelle-comfort e stile"},"content":{"rendered":"<h2>Scarpe Da Ginnastica Nike Sb Dunk Grey dark Swoosh in pelle-comfort e stile<\/h2>\n<p>Le sneaker NIKE Sb Dunk Grey dark Swoosh sono realizzate in pelle di Alta Qualit\u00e0 In Vietnam, combinando resistenza e comfort. Il colore Grigio scuro con Swoosh a contrasto rende il modello versatile per l&#8217;uso quotidiano e le attivit\u00e0 all&#8217;aperto. La suola robusta offre stabilit\u00e0 e comfort in qualsiasi attivit\u00e0. Scegli NIKE SB Dunk Grey dark Swoosh per un look elegante e di alta qualit\u00e0 del famoso marchio.<\/p>\n","protected":false},"excerpt":{"rendered":"<p>Le sneaker NIKE Sb Dunk Grey dark Swoosh sono realizzate in pelle di Alta Qualit\u00e0 In Vietnam, combinando resistenza e comfort. Il colore Grigio scuro con Swoosh a contrasto rende il modello versatile per l&#8217;uso quotidiano e le attivit\u00e0 all&#8217;aperto. La suola robusta offre stabilit\u00e0 e comfort in qualsiasi attivit\u00e0. Scegli NIKE SB Dunk Grey dark Swoosh per un look elegante e di alta qualit\u00e0 del famoso marchio.<\/p>\n","protected":false},"featured_media":680825,"comment_status":"open","ping_status":"open","template":"","meta":[],"product_brand":[],"product_cat":[3238,3321],"product_tag":[],"class_list":{"0":"post-680823","1":"product","2":"type-product","3":"status-publish","4":"has-post-thumbnail","6":"product_cat-all-product","7":"product_cat-kedy","8":"pa_rozmir-910","9":"pa_rozmir-912","10":"pa_rozmir-914","11":"pa_rozmir-915","12":"pa_rozmir-916","13":"pa_rozmir-917","14":"pa_rozmir-918","15":"pa_rozmir-919","16":"pa_rozmir-920","17":"pa_rozmir-921","18":"pa_rozmir-922","20":"first","21":"onbackorder","22":"purchasable","23":"product-type-variable"},"_links":{"self":[{"href":"https:\/\/nextsnkr.com\/it\/wp-json\/wp\/v2\/product\/680823","targetHints":{"allow":["GET"]}}],"collection":[{"href":"https:\/\/nextsnkr.com\/it\/wp-json\/wp\/v2\/product"}],"about":[{"href":"https:\/\/nextsnkr.com\/it\/wp-json\/wp\/v2\/types\/product"}],"replies":[{"embeddable":true,"href":"https:\/\/nextsnkr.com\/it\/wp-json\/wp\/v2\/comments?post=680823"}],"version-history":[{"count":0,"href":"https:\/\/nextsnkr.com\/it\/wp-json\/wp\/v2\/product\/680823\/revisions"}],"wp:featuredmedia":[{"embeddable":true,"href":"https:\/\/nextsnkr.com\/it\/wp-json\/wp\/v2\/media\/680825"}],"wp:attachment":[{"href":"https:\/\/nextsnkr.com\/it\/wp-json\/wp\/v2\/media?parent=680823"}],"wp:term":[{"taxonomy":"product_brand","embeddable":true,"href":"https:\/\/nextsnkr.com\/it\/wp-json\/wp\/v2\/product_brand?post=680823"},{"taxonomy":"product_cat","embeddable":true,"href":"https:\/\/nextsnkr.com\/it\/wp-json\/wp\/v2\/product_cat?post=680823"},{"taxonomy":"product_tag","embeddable":true,"href":"https:\/\/nextsnkr.com\/it\/wp-json\/wp\/v2\/product_tag?post=680823"}],"curies":[{"name":"wp","href":"https:\/\/api.w.org\/{rel}","templated":true}]}}