{"id":675003,"date":"2025-06-18T21:10:51","date_gmt":"2025-06-18T18:10:51","guid":{"rendered":"https:\/\/nextsnkr.com\/product\/nike-sb-dunk-x-off-white-lot-24-50-premium\/"},"modified":"2026-01-31T20:47:41","modified_gmt":"2026-01-31T17:47:41","slug":"nike-sb-dunk-x-off-white-lot-24-50-premium","status":"publish","type":"product","link":"https:\/\/nextsnkr.com\/it\/prodotto\/nike-sb-dunk-x-off-white-lot-24-50-premium\/","title":{"rendered":"Sneakers NIKE SB Dunk x Off-White Lot 24: 50 Premium-pelle e tessuti"},"content":{"rendered":"<h2>Sneakers NIKE SB Dunk x Off-White Lot 24: 50 Premium-pelle e tessuti<\/h2>\n<p>Le sneakers NIKE SB Dunk x Off-WHITE Lot 24: 50 Premium sono realizzate in pelle e tessuti di alta qualit\u00e0, garantendo comfort e durata. Il modello combina il design unico del marchio OFF-WHITE con L&#8217;elegante silhouette Nike SB Dunk, adatto per l&#8217;uso quotidiano e le attivit\u00e0 all&#8217;aperto. Il produttore \u00e8 il Vietnam, garantendo una qualit\u00e0 affidabile. La scelta perfetta per coloro che apprezzano la moda e la funzionalit\u00e0 allo stesso tempo.<\/p>\n","protected":false},"excerpt":{"rendered":"<p>Le sneakers NIKE SB Dunk x Off-WHITE Lot 24: 50 Premium sono realizzate in pelle e tessuti di alta qualit\u00e0, garantendo comfort e durata. Il modello combina il design unico del marchio OFF-WHITE con L&#8217;elegante silhouette Nike SB Dunk, adatto per l&#8217;uso quotidiano e le attivit\u00e0 all&#8217;aperto. Il produttore \u00e8 il Vietnam, garantendo una qualit\u00e0 affidabile. La scelta perfetta per coloro che apprezzano la moda e la funzionalit\u00e0 allo stesso tempo.<\/p>\n","protected":false},"featured_media":675006,"comment_status":"open","ping_status":"open","template":"","meta":[],"product_brand":[],"product_cat":[3238,3321],"product_tag":[],"class_list":{"0":"post-675003","1":"product","2":"type-product","3":"status-publish","4":"has-post-thumbnail","6":"product_cat-all-product","7":"product_cat-kedy","8":"pa_rozmir-910","9":"pa_rozmir-912","10":"pa_rozmir-914","11":"pa_rozmir-915","12":"pa_rozmir-916","13":"pa_rozmir-917","14":"pa_rozmir-918","15":"pa_rozmir-919","16":"pa_rozmir-920","17":"pa_rozmir-921","18":"pa_rozmir-922","20":"first","21":"instock","22":"purchasable","23":"product-type-variable"},"_links":{"self":[{"href":"https:\/\/nextsnkr.com\/it\/wp-json\/wp\/v2\/product\/675003","targetHints":{"allow":["GET"]}}],"collection":[{"href":"https:\/\/nextsnkr.com\/it\/wp-json\/wp\/v2\/product"}],"about":[{"href":"https:\/\/nextsnkr.com\/it\/wp-json\/wp\/v2\/types\/product"}],"replies":[{"embeddable":true,"href":"https:\/\/nextsnkr.com\/it\/wp-json\/wp\/v2\/comments?post=675003"}],"version-history":[{"count":0,"href":"https:\/\/nextsnkr.com\/it\/wp-json\/wp\/v2\/product\/675003\/revisions"}],"wp:featuredmedia":[{"embeddable":true,"href":"https:\/\/nextsnkr.com\/it\/wp-json\/wp\/v2\/media\/675006"}],"wp:attachment":[{"href":"https:\/\/nextsnkr.com\/it\/wp-json\/wp\/v2\/media?parent=675003"}],"wp:term":[{"taxonomy":"product_brand","embeddable":true,"href":"https:\/\/nextsnkr.com\/it\/wp-json\/wp\/v2\/product_brand?post=675003"},{"taxonomy":"product_cat","embeddable":true,"href":"https:\/\/nextsnkr.com\/it\/wp-json\/wp\/v2\/product_cat?post=675003"},{"taxonomy":"product_tag","embeddable":true,"href":"https:\/\/nextsnkr.com\/it\/wp-json\/wp\/v2\/product_tag?post=675003"}],"curies":[{"name":"wp","href":"https:\/\/api.w.org\/{rel}","templated":true}]}}