{"id":673372,"date":"2025-06-13T12:53:43","date_gmt":"2025-06-13T09:53:43","guid":{"rendered":"https:\/\/nextsnkr.com\/product\/see-refl-no-brand\/"},"modified":"2026-01-31T20:46:59","modified_gmt":"2026-01-31T17:46:59","slug":"see-refl-no-brand","status":"publish","type":"product","link":"https:\/\/nextsnkr.com\/it\/prodotto\/see-refl-no-brand\/","title":{"rendered":"Sneakers No Brand See Refl-sneakers leggere in tessuto"},"content":{"rendered":"<h2>Sneakers No Brand See Refl-sneakers leggere in tessuto<\/h2>\n<p>Le eleganti sneakers No Brand See Refl sono progettate per essere comode da indossare ogni giorno. Il modello \u00e8 realizzato con una combinazione di tessuti ed ecopelle, che garantisce leggerezza, respiro e resistenza all&#8217;usura. Grazie al design moderno, le sneaker sono perfette per lo stile urbano, le attivit\u00e0 all&#8217;aperto e i look casual. Prodotti in Vietnam, combinano materiali di qualit\u00e0 e una vestibilit\u00e0 piacevole. Una scelta pratica e conveniente per chi cerca scarpe eleganti e versatili.<\/p>\n","protected":false},"excerpt":{"rendered":"<p>Le eleganti sneakers No Brand See Refl sono progettate per essere comode da indossare ogni giorno. Il modello \u00e8 realizzato con una combinazione di tessuti ed ecopelle, che garantisce leggerezza, respiro e resistenza all&#8217;usura. Grazie al design moderno, le sneaker sono perfette per lo stile urbano, le attivit\u00e0 all&#8217;aperto e i look casual. Prodotti in Vietnam, combinano materiali di qualit\u00e0 e una vestibilit\u00e0 piacevole. Una scelta pratica e conveniente per chi cerca scarpe eleganti e versatili.<\/p>\n","protected":false},"featured_media":673377,"comment_status":"open","ping_status":"open","template":"","meta":[],"product_brand":[],"product_cat":[3238,3239],"product_tag":[],"class_list":{"0":"post-673372","1":"product","2":"type-product","3":"status-publish","4":"has-post-thumbnail","6":"product_cat-all-product","7":"product_cat-krosivky","8":"pa_rozmir-910","9":"pa_rozmir-912","10":"pa_rozmir-914","11":"pa_rozmir-915","12":"pa_rozmir-916","13":"pa_rozmir-917","14":"pa_rozmir-918","15":"pa_rozmir-919","16":"pa_rozmir-920","17":"pa_rozmir-921","18":"pa_rozmir-922","20":"first","21":"onbackorder","22":"purchasable","23":"product-type-variable"},"_links":{"self":[{"href":"https:\/\/nextsnkr.com\/it\/wp-json\/wp\/v2\/product\/673372","targetHints":{"allow":["GET"]}}],"collection":[{"href":"https:\/\/nextsnkr.com\/it\/wp-json\/wp\/v2\/product"}],"about":[{"href":"https:\/\/nextsnkr.com\/it\/wp-json\/wp\/v2\/types\/product"}],"replies":[{"embeddable":true,"href":"https:\/\/nextsnkr.com\/it\/wp-json\/wp\/v2\/comments?post=673372"}],"version-history":[{"count":0,"href":"https:\/\/nextsnkr.com\/it\/wp-json\/wp\/v2\/product\/673372\/revisions"}],"wp:featuredmedia":[{"embeddable":true,"href":"https:\/\/nextsnkr.com\/it\/wp-json\/wp\/v2\/media\/673377"}],"wp:attachment":[{"href":"https:\/\/nextsnkr.com\/it\/wp-json\/wp\/v2\/media?parent=673372"}],"wp:term":[{"taxonomy":"product_brand","embeddable":true,"href":"https:\/\/nextsnkr.com\/it\/wp-json\/wp\/v2\/product_brand?post=673372"},{"taxonomy":"product_cat","embeddable":true,"href":"https:\/\/nextsnkr.com\/it\/wp-json\/wp\/v2\/product_cat?post=673372"},{"taxonomy":"product_tag","embeddable":true,"href":"https:\/\/nextsnkr.com\/it\/wp-json\/wp\/v2\/product_tag?post=673372"}],"curies":[{"name":"wp","href":"https:\/\/api.w.org\/{rel}","templated":true}]}}