{"id":661163,"date":"2025-06-14T15:05:11","date_gmt":"2025-06-14T12:05:11","guid":{"rendered":"https:\/\/nextsnkr.com\/product\/mj\/"},"modified":"2026-01-31T20:37:50","modified_gmt":"2026-01-31T17:37:50","slug":"mj","status":"publish","type":"product","link":"https:\/\/nextsnkr.com\/it\/prodotto\/mj\/","title":{"rendered":"Borsa MJ-elegante borsa da donna in ecopelle"},"content":{"rendered":"<h2>Borsa MJ-elegante borsa da donna in ecopelle<\/h2>\n<p>L&#8217;elegante borsa MJ \u00e8 realizzata in ecopelle di qualit\u00e0, che offre una bella consistenza, resistenza all&#8217;usura e un aspetto moderno. Il design versatile \u00e8 adatto sia per look casual che per uscite speciali. Il formato conveniente consente di posizionare tutte le cose necessarie e l&#8217;esecuzione accurata sottolinea l&#8217;eleganza del modello. La borsa MJ \u00e8 una combinazione di praticit\u00e0, stile e convenienza, che la rende un&#8217;ottima scelta per le donne moderne.<\/p>\n","protected":false},"excerpt":{"rendered":"<p>L&#8217;elegante borsa MJ \u00e8 realizzata in ecopelle di qualit\u00e0, che offre una bella consistenza, resistenza all&#8217;usura e un aspetto moderno. Il design versatile \u00e8 adatto sia per look casual che per uscite speciali. Il formato conveniente consente di posizionare tutte le cose necessarie e l&#8217;esecuzione accurata sottolinea l&#8217;eleganza del modello. La borsa MJ \u00e8 una combinazione di praticit\u00e0, stile e convenienza, che la rende un&#8217;ottima scelta per le donne moderne.<\/p>\n","protected":false},"featured_media":661167,"comment_status":"open","ping_status":"open","template":"","meta":[],"product_brand":[],"product_cat":[3238,3482],"product_tag":[],"class_list":{"0":"post-661163","1":"product","2":"type-product","3":"status-publish","4":"has-post-thumbnail","6":"product_cat-all-product","7":"product_cat-sumky","8":"pa_rozmir-20kh11kh2","10":"first","11":"instock","12":"purchasable","13":"product-type-simple"},"_links":{"self":[{"href":"https:\/\/nextsnkr.com\/it\/wp-json\/wp\/v2\/product\/661163","targetHints":{"allow":["GET"]}}],"collection":[{"href":"https:\/\/nextsnkr.com\/it\/wp-json\/wp\/v2\/product"}],"about":[{"href":"https:\/\/nextsnkr.com\/it\/wp-json\/wp\/v2\/types\/product"}],"replies":[{"embeddable":true,"href":"https:\/\/nextsnkr.com\/it\/wp-json\/wp\/v2\/comments?post=661163"}],"version-history":[{"count":0,"href":"https:\/\/nextsnkr.com\/it\/wp-json\/wp\/v2\/product\/661163\/revisions"}],"wp:featuredmedia":[{"embeddable":true,"href":"https:\/\/nextsnkr.com\/it\/wp-json\/wp\/v2\/media\/661167"}],"wp:attachment":[{"href":"https:\/\/nextsnkr.com\/it\/wp-json\/wp\/v2\/media?parent=661163"}],"wp:term":[{"taxonomy":"product_brand","embeddable":true,"href":"https:\/\/nextsnkr.com\/it\/wp-json\/wp\/v2\/product_brand?post=661163"},{"taxonomy":"product_cat","embeddable":true,"href":"https:\/\/nextsnkr.com\/it\/wp-json\/wp\/v2\/product_cat?post=661163"},{"taxonomy":"product_tag","embeddable":true,"href":"https:\/\/nextsnkr.com\/it\/wp-json\/wp\/v2\/product_tag?post=661163"}],"curies":[{"name":"wp","href":"https:\/\/api.w.org\/{rel}","templated":true}]}}