{"id":659675,"date":"2025-06-14T15:06:18","date_gmt":"2025-06-14T12:06:18","guid":{"rendered":"https:\/\/nextsnkr.com\/product\/gucci-black\/"},"modified":"2026-01-31T20:36:44","modified_gmt":"2026-01-31T17:36:44","slug":"gucci-black","status":"publish","type":"product","link":"https:\/\/nextsnkr.com\/it\/prodotto\/gucci-black\/","title":{"rendered":"Cintura nera Gucci-elegante cintura nera in ecopelle"},"content":{"rendered":"<h2>Cintura nera Gucci-elegante cintura nera in ecopelle<\/h2>\n<p>La Cintura Gucci Black \u00e8 un accessorio elegante che combina con successo stile e praticit\u00e0. Realizzato in ecopelle di qualit\u00e0, ha una bella consistenza, resistenza all&#8217;usura ed \u00e8 adatto per l&#8217;uso quotidiano. Il nero versatile si abbina facilmente a qualsiasi look, dai classici al casual. Un design elegante con un accento distintivo aggiunge completezza ad ogni arco. Scegli Gucci Black per esaltare i tuoi gusti e aggiungere un tocco premium al look.<\/p>\n","protected":false},"excerpt":{"rendered":"<p>La Cintura Gucci Black \u00e8 un accessorio elegante che combina con successo stile e praticit\u00e0. Realizzato in ecopelle di qualit\u00e0, ha una bella consistenza, resistenza all&#8217;usura ed \u00e8 adatto per l&#8217;uso quotidiano. Il nero versatile si abbina facilmente a qualsiasi look, dai classici al casual. Un design elegante con un accento distintivo aggiunge completezza ad ogni arco. Scegli Gucci Black per esaltare i tuoi gusti e aggiungere un tocco premium al look.<\/p>\n","protected":false},"featured_media":659676,"comment_status":"open","ping_status":"open","template":"","meta":[],"product_brand":[],"product_cat":[3238,3742],"product_tag":[],"class_list":{"0":"post-659675","1":"product","2":"type-product","3":"status-publish","4":"has-post-thumbnail","6":"product_cat-all-product","7":"product_cat-pojasi","8":"pa_rozmir-120-sm","10":"first","11":"instock","12":"purchasable","13":"product-type-simple"},"_links":{"self":[{"href":"https:\/\/nextsnkr.com\/it\/wp-json\/wp\/v2\/product\/659675","targetHints":{"allow":["GET"]}}],"collection":[{"href":"https:\/\/nextsnkr.com\/it\/wp-json\/wp\/v2\/product"}],"about":[{"href":"https:\/\/nextsnkr.com\/it\/wp-json\/wp\/v2\/types\/product"}],"replies":[{"embeddable":true,"href":"https:\/\/nextsnkr.com\/it\/wp-json\/wp\/v2\/comments?post=659675"}],"version-history":[{"count":0,"href":"https:\/\/nextsnkr.com\/it\/wp-json\/wp\/v2\/product\/659675\/revisions"}],"wp:featuredmedia":[{"embeddable":true,"href":"https:\/\/nextsnkr.com\/it\/wp-json\/wp\/v2\/media\/659676"}],"wp:attachment":[{"href":"https:\/\/nextsnkr.com\/it\/wp-json\/wp\/v2\/media?parent=659675"}],"wp:term":[{"taxonomy":"product_brand","embeddable":true,"href":"https:\/\/nextsnkr.com\/it\/wp-json\/wp\/v2\/product_brand?post=659675"},{"taxonomy":"product_cat","embeddable":true,"href":"https:\/\/nextsnkr.com\/it\/wp-json\/wp\/v2\/product_cat?post=659675"},{"taxonomy":"product_tag","embeddable":true,"href":"https:\/\/nextsnkr.com\/it\/wp-json\/wp\/v2\/product_tag?post=659675"}],"curies":[{"name":"wp","href":"https:\/\/api.w.org\/{rel}","templated":true}]}}