{"id":653008,"date":"2025-06-16T18:48:33","date_gmt":"2025-06-16T15:48:33","guid":{"rendered":"https:\/\/nextsnkr.com\/product\/sale-dr-martens-jadon-galaxy-premium-khutro-zastibka\/"},"modified":"2026-01-31T20:33:17","modified_gmt":"2026-01-31T17:33:17","slug":"sale-dr-martens-jadon-galaxy-premium-khutro-zastibka","status":"publish","type":"product","link":"https:\/\/nextsnkr.com\/it\/prodotto\/sale-dr-martens-jadon-galaxy-premium-khutro-zastibka\/","title":{"rendered":"Stivali Dr.Martens Jadon Galaxy Premium-pelle verniciata, pelliccia"},"content":{"rendered":"<h2>Stivali Dr.Martens Jadon Galaxy Premium-pelle verniciata, pelliccia<\/h2>\n<p>Stivali Dr.Martens Jadon Galaxy Premium &#8220;pelliccia + Chiusura&#8221; combina lo stile iconico del marchio con la qualit\u00e0 premium. Realizzati in morbida pelle verniciata e isolati in pelliccia, offrono comfort, calore e durata. Il modello ha una pratica chiusura e lacci aggiuntivi per una vestibilit\u00e0 perfetta. La confezione dell&#8217;anniversario e gli accessori di marca aggiungono valore. Produzione-Vietnam, taglie 36-41. Dr.Martens Jadon Galaxy Premium \u00e8 la scelta di coloro che apprezzano lo stile, l&#8217;affidabilit\u00e0 e la qualit\u00e0 premium in ogni fase.<\/p>\n","protected":false},"excerpt":{"rendered":"<p>Stivali Dr.Martens Jadon Galaxy Premium &#8220;pelliccia + Chiusura&#8221; combina lo stile iconico del marchio con la qualit\u00e0 premium. Realizzati in morbida pelle verniciata e isolati in pelliccia, offrono comfort, calore e durata. Il modello ha una pratica chiusura e lacci aggiuntivi per una vestibilit\u00e0 perfetta. La confezione dell&#8217;anniversario e gli accessori di marca aggiungono valore. Produzione-Vietnam, taglie 36-41. Dr.Martens Jadon Galaxy Premium \u00e8 la scelta di coloro che apprezzano lo stile, l&#8217;affidabilit\u00e0 e la qualit\u00e0 premium in ogni fase.<\/p>\n","protected":false},"featured_media":653012,"comment_status":"open","ping_status":"open","template":"","meta":[],"product_brand":[2398],"product_cat":[3619,3238,3334],"product_tag":[],"class_list":{"0":"post-653008","1":"product","2":"type-product","3":"status-publish","4":"has-post-thumbnail","6":"product_brand-dr-martens","7":"product_cat-dr-martens","8":"product_cat-all-product","9":"product_cat-cherevyky","10":"pa_rozmir-910","11":"pa_rozmir-912","12":"pa_rozmir-914","13":"pa_rozmir-915","14":"pa_rozmir-916","15":"pa_rozmir-917","16":"pa_rozmir-918","17":"pa_rozmir-919","18":"pa_rozmir-920","19":"pa_rozmir-921","20":"pa_rozmir-922","22":"first","23":"instock","24":"purchasable","25":"product-type-variable"},"_links":{"self":[{"href":"https:\/\/nextsnkr.com\/it\/wp-json\/wp\/v2\/product\/653008","targetHints":{"allow":["GET"]}}],"collection":[{"href":"https:\/\/nextsnkr.com\/it\/wp-json\/wp\/v2\/product"}],"about":[{"href":"https:\/\/nextsnkr.com\/it\/wp-json\/wp\/v2\/types\/product"}],"replies":[{"embeddable":true,"href":"https:\/\/nextsnkr.com\/it\/wp-json\/wp\/v2\/comments?post=653008"}],"version-history":[{"count":0,"href":"https:\/\/nextsnkr.com\/it\/wp-json\/wp\/v2\/product\/653008\/revisions"}],"wp:featuredmedia":[{"embeddable":true,"href":"https:\/\/nextsnkr.com\/it\/wp-json\/wp\/v2\/media\/653012"}],"wp:attachment":[{"href":"https:\/\/nextsnkr.com\/it\/wp-json\/wp\/v2\/media?parent=653008"}],"wp:term":[{"taxonomy":"product_brand","embeddable":true,"href":"https:\/\/nextsnkr.com\/it\/wp-json\/wp\/v2\/product_brand?post=653008"},{"taxonomy":"product_cat","embeddable":true,"href":"https:\/\/nextsnkr.com\/it\/wp-json\/wp\/v2\/product_cat?post=653008"},{"taxonomy":"product_tag","embeddable":true,"href":"https:\/\/nextsnkr.com\/it\/wp-json\/wp\/v2\/product_tag?post=653008"}],"curies":[{"name":"wp","href":"https:\/\/api.w.org\/{rel}","templated":true}]}}