{"id":646414,"date":"2025-06-14T15:25:30","date_gmt":"2025-06-14T12:25:30","guid":{"rendered":"https:\/\/nextsnkr.com\/product\/air-force-low-beige\/"},"modified":"2026-01-31T20:29:45","modified_gmt":"2026-01-31T17:29:45","slug":"air-force-low-beige","status":"publish","type":"product","link":"https:\/\/nextsnkr.com\/it\/prodotto\/air-force-low-beige\/","title":{"rendered":"Sneakers Air Force Low Beige &#8211; eleganti Sneakers Da Uomo In Pelle scamosciata"},"content":{"rendered":"<h2>Sneakers Air Force Low Beige &#8211; eleganti Sneakers Da Uomo In Pelle scamosciata<\/h2>\n<p>Le sneakers Air Force Low Beige sono realizzate in pelle scamosciata di alta qualit\u00e0 che offre morbidezza, comfort e una bella trama. Il colore beige aggiunge versatilit\u00e0 al modello e si fonde facilmente con lo stile casual e urbano. Con una vestibilit\u00e0 comoda e una suola sicura, queste sneakers sono adatte per l&#8217;uso quotidiano. Scegli Air Force Low Beige per aggiungere eleganza e stile moderno al tuo look.<\/p>\n","protected":false},"excerpt":{"rendered":"<p>Le sneakers Air Force Low Beige sono realizzate in pelle scamosciata di alta qualit\u00e0 che offre morbidezza, comfort e una bella trama. Il colore beige aggiunge versatilit\u00e0 al modello e si fonde facilmente con lo stile casual e urbano. Con una vestibilit\u00e0 comoda e una suola sicura, queste sneakers sono adatte per l&#8217;uso quotidiano. Scegli Air Force Low Beige per aggiungere eleganza e stile moderno al tuo look.<\/p>\n","protected":false},"featured_media":646415,"comment_status":"open","ping_status":"open","template":"","meta":[],"product_brand":[],"product_cat":[3238,3321],"product_tag":[],"class_list":{"0":"post-646414","1":"product","2":"type-product","3":"status-publish","4":"has-post-thumbnail","6":"product_cat-all-product","7":"product_cat-kedy","8":"pa_rozmir-910","9":"pa_rozmir-912","10":"pa_rozmir-914","11":"pa_rozmir-915","12":"pa_rozmir-916","13":"pa_rozmir-917","14":"pa_rozmir-918","15":"pa_rozmir-919","16":"pa_rozmir-920","17":"pa_rozmir-921","18":"pa_rozmir-922","20":"first","21":"instock","22":"purchasable","23":"product-type-variable"},"_links":{"self":[{"href":"https:\/\/nextsnkr.com\/it\/wp-json\/wp\/v2\/product\/646414","targetHints":{"allow":["GET"]}}],"collection":[{"href":"https:\/\/nextsnkr.com\/it\/wp-json\/wp\/v2\/product"}],"about":[{"href":"https:\/\/nextsnkr.com\/it\/wp-json\/wp\/v2\/types\/product"}],"replies":[{"embeddable":true,"href":"https:\/\/nextsnkr.com\/it\/wp-json\/wp\/v2\/comments?post=646414"}],"version-history":[{"count":0,"href":"https:\/\/nextsnkr.com\/it\/wp-json\/wp\/v2\/product\/646414\/revisions"}],"wp:featuredmedia":[{"embeddable":true,"href":"https:\/\/nextsnkr.com\/it\/wp-json\/wp\/v2\/media\/646415"}],"wp:attachment":[{"href":"https:\/\/nextsnkr.com\/it\/wp-json\/wp\/v2\/media?parent=646414"}],"wp:term":[{"taxonomy":"product_brand","embeddable":true,"href":"https:\/\/nextsnkr.com\/it\/wp-json\/wp\/v2\/product_brand?post=646414"},{"taxonomy":"product_cat","embeddable":true,"href":"https:\/\/nextsnkr.com\/it\/wp-json\/wp\/v2\/product_cat?post=646414"},{"taxonomy":"product_tag","embeddable":true,"href":"https:\/\/nextsnkr.com\/it\/wp-json\/wp\/v2\/product_tag?post=646414"}],"curies":[{"name":"wp","href":"https:\/\/api.w.org\/{rel}","templated":true}]}}