{"id":643630,"date":"2025-06-14T15:33:53","date_gmt":"2025-06-14T12:33:53","guid":{"rendered":"https:\/\/nextsnkr.com\/product\/cr-dior-sandal-brown\/"},"modified":"2026-01-31T20:28:15","modified_gmt":"2026-01-31T17:28:15","slug":"cr-dior-sandal-brown","status":"publish","type":"product","link":"https:\/\/nextsnkr.com\/it\/prodotto\/cr-dior-sandal-brown\/","title":{"rendered":"Pantofole Cr. Dior Sandal Brown-pantofole da donna in tessuto marrone"},"content":{"rendered":"<h2>Pantofole Cr. Dior Sandal Brown-pantofole da donna in tessuto marrone<\/h2>\n<p>Pantofole Cr. Dior Sandal Brown \u00e8 una scarpa elegante e comoda da indossare ogni giorno a casa o in vacanza. Realizzati in tessuti morbidi, offrono comfort e una piacevole sensazione di camminata. Il design leggero e il versatile colore marrone rendono le pantofole pratiche ed eleganti allo stesso tempo. Il modello \u00e8 prodotto in Francia (in realt\u00e0 Cina), ma soddisfa elevati standard di qualit\u00e0. Seleziona Cr. Dior Sandal Brown per combinare comfort, stile e praticit\u00e0 in ogni fase.<\/p>\n","protected":false},"excerpt":{"rendered":"<p>Pantofole Cr. Dior Sandal Brown \u00e8 una scarpa elegante e comoda da indossare ogni giorno a casa o in vacanza. Realizzati in tessuti morbidi, offrono comfort e una piacevole sensazione di camminata. Il design leggero e il versatile colore marrone rendono le pantofole pratiche ed eleganti allo stesso tempo. Il modello \u00e8 prodotto in Francia (in realt\u00e0 Cina), ma soddisfa elevati standard di qualit\u00e0. Seleziona Cr. Dior Sandal Brown per combinare comfort, stile e praticit\u00e0 in ogni fase.<\/p>\n","protected":false},"featured_media":643633,"comment_status":"open","ping_status":"open","template":"","meta":[],"product_brand":[],"product_cat":[3238,3423],"product_tag":[],"class_list":{"0":"post-643630","1":"product","2":"type-product","3":"status-publish","4":"has-post-thumbnail","6":"product_cat-all-product","7":"product_cat-shlopantsi","8":"pa_rozmir-910","9":"pa_rozmir-912","10":"pa_rozmir-914","11":"pa_rozmir-915","12":"pa_rozmir-916","13":"pa_rozmir-917","14":"pa_rozmir-918","15":"pa_rozmir-919","16":"pa_rozmir-920","17":"pa_rozmir-921","18":"pa_rozmir-922","20":"first","21":"instock","22":"purchasable","23":"product-type-variable"},"_links":{"self":[{"href":"https:\/\/nextsnkr.com\/it\/wp-json\/wp\/v2\/product\/643630","targetHints":{"allow":["GET"]}}],"collection":[{"href":"https:\/\/nextsnkr.com\/it\/wp-json\/wp\/v2\/product"}],"about":[{"href":"https:\/\/nextsnkr.com\/it\/wp-json\/wp\/v2\/types\/product"}],"replies":[{"embeddable":true,"href":"https:\/\/nextsnkr.com\/it\/wp-json\/wp\/v2\/comments?post=643630"}],"version-history":[{"count":0,"href":"https:\/\/nextsnkr.com\/it\/wp-json\/wp\/v2\/product\/643630\/revisions"}],"wp:featuredmedia":[{"embeddable":true,"href":"https:\/\/nextsnkr.com\/it\/wp-json\/wp\/v2\/media\/643633"}],"wp:attachment":[{"href":"https:\/\/nextsnkr.com\/it\/wp-json\/wp\/v2\/media?parent=643630"}],"wp:term":[{"taxonomy":"product_brand","embeddable":true,"href":"https:\/\/nextsnkr.com\/it\/wp-json\/wp\/v2\/product_brand?post=643630"},{"taxonomy":"product_cat","embeddable":true,"href":"https:\/\/nextsnkr.com\/it\/wp-json\/wp\/v2\/product_cat?post=643630"},{"taxonomy":"product_tag","embeddable":true,"href":"https:\/\/nextsnkr.com\/it\/wp-json\/wp\/v2\/product_tag?post=643630"}],"curies":[{"name":"wp","href":"https:\/\/api.w.org\/{rel}","templated":true}]}}