{"id":642162,"date":"2025-06-19T21:27:20","date_gmt":"2025-06-19T18:27:20","guid":{"rendered":"https:\/\/nextsnkr.com\/product\/prada-boots-zip-pocket-black-high\/"},"modified":"2026-01-31T20:27:23","modified_gmt":"2026-01-31T17:27:23","slug":"prada-boots-zip-pocket-black-high","status":"publish","type":"product","link":"https:\/\/nextsnkr.com\/it\/prodotto\/prada-boots-zip-pocket-black-high\/","title":{"rendered":"Stivali Prada Stivali Zip Pocket nero Alta pelle premium"},"content":{"rendered":"<h2>Stivali Prada Stivali Zip Pocket nero Alta pelle premium<\/h2>\n<p>Prada Boots Zip Pocket Black High unisce eleganza e praticit\u00e0. Realizzati in pelle e nylon di alta qualit\u00e0, offrono comfort e durata. Il modello \u00e8 dotato di un&#8217;elegante cerniera e di una piccola tasca aggiuntiva, che li rende perfetti per il trasporto quotidiano. Prada Boots Zip Pocket Black High mette in risalto il tuo stile e sar\u00e0 una scelta affidabile per tutte le condizioni.<\/p>\n","protected":false},"excerpt":{"rendered":"<p>Prada Boots Zip Pocket Black High unisce eleganza e praticit\u00e0. Realizzati in pelle e nylon di alta qualit\u00e0, offrono comfort e durata. Il modello \u00e8 dotato di un&#8217;elegante cerniera e di una piccola tasca aggiuntiva, che li rende perfetti per il trasporto quotidiano. Prada Boots Zip Pocket Black High mette in risalto il tuo stile e sar\u00e0 una scelta affidabile per tutte le condizioni.<\/p>\n","protected":false},"featured_media":642163,"comment_status":"open","ping_status":"open","template":"","meta":[],"product_brand":[],"product_cat":[3238,3334],"product_tag":[],"class_list":{"0":"post-642162","1":"product","2":"type-product","3":"status-publish","4":"has-post-thumbnail","6":"product_cat-all-product","7":"product_cat-cherevyky","8":"pa_rozmir-910","9":"pa_rozmir-912","10":"pa_rozmir-914","11":"pa_rozmir-915","12":"pa_rozmir-916","13":"pa_rozmir-917","14":"pa_rozmir-918","15":"pa_rozmir-919","16":"pa_rozmir-920","17":"pa_rozmir-921","18":"pa_rozmir-922","20":"first","21":"onbackorder","22":"purchasable","23":"product-type-variable"},"_links":{"self":[{"href":"https:\/\/nextsnkr.com\/it\/wp-json\/wp\/v2\/product\/642162","targetHints":{"allow":["GET"]}}],"collection":[{"href":"https:\/\/nextsnkr.com\/it\/wp-json\/wp\/v2\/product"}],"about":[{"href":"https:\/\/nextsnkr.com\/it\/wp-json\/wp\/v2\/types\/product"}],"replies":[{"embeddable":true,"href":"https:\/\/nextsnkr.com\/it\/wp-json\/wp\/v2\/comments?post=642162"}],"version-history":[{"count":0,"href":"https:\/\/nextsnkr.com\/it\/wp-json\/wp\/v2\/product\/642162\/revisions"}],"wp:featuredmedia":[{"embeddable":true,"href":"https:\/\/nextsnkr.com\/it\/wp-json\/wp\/v2\/media\/642163"}],"wp:attachment":[{"href":"https:\/\/nextsnkr.com\/it\/wp-json\/wp\/v2\/media?parent=642162"}],"wp:term":[{"taxonomy":"product_brand","embeddable":true,"href":"https:\/\/nextsnkr.com\/it\/wp-json\/wp\/v2\/product_brand?post=642162"},{"taxonomy":"product_cat","embeddable":true,"href":"https:\/\/nextsnkr.com\/it\/wp-json\/wp\/v2\/product_cat?post=642162"},{"taxonomy":"product_tag","embeddable":true,"href":"https:\/\/nextsnkr.com\/it\/wp-json\/wp\/v2\/product_tag?post=642162"}],"curies":[{"name":"wp","href":"https:\/\/api.w.org\/{rel}","templated":true}]}}