{"id":641408,"date":"2025-06-19T21:31:21","date_gmt":"2025-06-19T18:31:21","guid":{"rendered":"https:\/\/nextsnkr.com\/product\/dunk-low-cacao-wow\/"},"modified":"2026-01-31T20:27:03","modified_gmt":"2026-01-31T17:27:03","slug":"dunk-low-cacao-wow","status":"publish","type":"product","link":"https:\/\/nextsnkr.com\/it\/prodotto\/dunk-low-cacao-wow\/","title":{"rendered":"Sneakers Dunk Low Cacao Wow in pelle, eleganti e confortevoli"},"content":{"rendered":"<h2>Sneakers Dunk Low Cacao Wow in pelle, eleganti e confortevoli<\/h2>\n<p>Le sneakers Dunk Low Cacao Wow sono realizzate in pelle di alta qualit\u00e0, che garantisce durata e comfort. L&#8217;elegante tonalit\u00e0 marrone combina design classico e stile moderno, evidenziando la personalit\u00e0. Ideale per l&#8217;uso quotidiano e lo stile di vita attivo, fornisce forza, supporto del piede e un aspetto elegante in tutte le condizioni.<\/p>\n","protected":false},"excerpt":{"rendered":"<p>Le sneakers Dunk Low Cacao Wow sono realizzate in pelle di alta qualit\u00e0, che garantisce durata e comfort. L&#8217;elegante tonalit\u00e0 marrone combina design classico e stile moderno, evidenziando la personalit\u00e0. Ideale per l&#8217;uso quotidiano e lo stile di vita attivo, fornisce forza, supporto del piede e un aspetto elegante in tutte le condizioni.<\/p>\n","protected":false},"featured_media":641412,"comment_status":"open","ping_status":"open","template":"","meta":[],"product_brand":[],"product_cat":[3238,3321],"product_tag":[],"class_list":{"0":"post-641408","1":"product","2":"type-product","3":"status-publish","4":"has-post-thumbnail","6":"product_cat-all-product","7":"product_cat-kedy","8":"pa_rozmir-910","9":"pa_rozmir-912","10":"pa_rozmir-914","11":"pa_rozmir-915","12":"pa_rozmir-916","13":"pa_rozmir-917","14":"pa_rozmir-918","15":"pa_rozmir-919","16":"pa_rozmir-920","17":"pa_rozmir-921","18":"pa_rozmir-922","20":"first","21":"instock","22":"purchasable","23":"product-type-variable"},"_links":{"self":[{"href":"https:\/\/nextsnkr.com\/it\/wp-json\/wp\/v2\/product\/641408","targetHints":{"allow":["GET"]}}],"collection":[{"href":"https:\/\/nextsnkr.com\/it\/wp-json\/wp\/v2\/product"}],"about":[{"href":"https:\/\/nextsnkr.com\/it\/wp-json\/wp\/v2\/types\/product"}],"replies":[{"embeddable":true,"href":"https:\/\/nextsnkr.com\/it\/wp-json\/wp\/v2\/comments?post=641408"}],"version-history":[{"count":0,"href":"https:\/\/nextsnkr.com\/it\/wp-json\/wp\/v2\/product\/641408\/revisions"}],"wp:featuredmedia":[{"embeddable":true,"href":"https:\/\/nextsnkr.com\/it\/wp-json\/wp\/v2\/media\/641412"}],"wp:attachment":[{"href":"https:\/\/nextsnkr.com\/it\/wp-json\/wp\/v2\/media?parent=641408"}],"wp:term":[{"taxonomy":"product_brand","embeddable":true,"href":"https:\/\/nextsnkr.com\/it\/wp-json\/wp\/v2\/product_brand?post=641408"},{"taxonomy":"product_cat","embeddable":true,"href":"https:\/\/nextsnkr.com\/it\/wp-json\/wp\/v2\/product_cat?post=641408"},{"taxonomy":"product_tag","embeddable":true,"href":"https:\/\/nextsnkr.com\/it\/wp-json\/wp\/v2\/product_tag?post=641408"}],"curies":[{"name":"wp","href":"https:\/\/api.w.org\/{rel}","templated":true}]}}