{"id":631757,"date":"2025-06-23T08:29:20","date_gmt":"2025-06-23T05:29:20","guid":{"rendered":"https:\/\/nextsnkr.com\/product\/samba-og-cream-brown\/"},"modified":"2026-01-31T20:21:57","modified_gmt":"2026-01-31T17:21:57","slug":"samba-og-cream-brown","status":"publish","type":"product","link":"https:\/\/nextsnkr.com\/it\/prodotto\/samba-og-cream-brown\/","title":{"rendered":"Scarpe Da Ginnastica Adidas Samba OG Cream \/ Brown Tessile E Pelle scamosciata"},"content":{"rendered":"<h2>Scarpe Da Ginnastica Adidas Samba OG Cream \/ Brown Tessile E Pelle scamosciata<\/h2>\n<p>Le sneakers Adidas Samba OG Cream \/ Brown combinano tessuti, pelle scamosciata e pelle per comfort, durata e un aspetto elegante. Ideali per l&#8217;uso quotidiano e le attivit\u00e0 all&#8217;aria aperta, forniscono respirabilit\u00e0 e supporto al piede. Il leggendario design di Samba OG mette in risalto il tuo stile e ti d\u00e0 fiducia in ogni situazione. Queste sneakers saranno un elemento indispensabile nel tuo guardaroba.<\/p>\n","protected":false},"excerpt":{"rendered":"<p>Le sneakers Adidas Samba OG Cream \/ Brown combinano tessuti, pelle scamosciata e pelle per comfort, durata e un aspetto elegante. Ideali per l&#8217;uso quotidiano e le attivit\u00e0 all&#8217;aria aperta, forniscono respirabilit\u00e0 e supporto al piede. Il leggendario design di Samba OG mette in risalto il tuo stile e ti d\u00e0 fiducia in ogni situazione. Queste sneakers saranno un elemento indispensabile nel tuo guardaroba.<\/p>\n","protected":false},"featured_media":631758,"comment_status":"open","ping_status":"open","template":"","meta":[],"product_brand":[],"product_cat":[3238,3321],"product_tag":[],"class_list":{"0":"post-631757","1":"product","2":"type-product","3":"status-publish","4":"has-post-thumbnail","6":"product_cat-all-product","7":"product_cat-kedy","8":"pa_rozmir-910","9":"pa_rozmir-912","10":"pa_rozmir-914","11":"pa_rozmir-915","12":"pa_rozmir-916","13":"pa_rozmir-917","14":"pa_rozmir-918","15":"pa_rozmir-919","16":"pa_rozmir-920","17":"pa_rozmir-921","18":"pa_rozmir-922","20":"first","21":"instock","22":"purchasable","23":"product-type-variable"},"_links":{"self":[{"href":"https:\/\/nextsnkr.com\/it\/wp-json\/wp\/v2\/product\/631757","targetHints":{"allow":["GET"]}}],"collection":[{"href":"https:\/\/nextsnkr.com\/it\/wp-json\/wp\/v2\/product"}],"about":[{"href":"https:\/\/nextsnkr.com\/it\/wp-json\/wp\/v2\/types\/product"}],"replies":[{"embeddable":true,"href":"https:\/\/nextsnkr.com\/it\/wp-json\/wp\/v2\/comments?post=631757"}],"version-history":[{"count":0,"href":"https:\/\/nextsnkr.com\/it\/wp-json\/wp\/v2\/product\/631757\/revisions"}],"wp:featuredmedia":[{"embeddable":true,"href":"https:\/\/nextsnkr.com\/it\/wp-json\/wp\/v2\/media\/631758"}],"wp:attachment":[{"href":"https:\/\/nextsnkr.com\/it\/wp-json\/wp\/v2\/media?parent=631757"}],"wp:term":[{"taxonomy":"product_brand","embeddable":true,"href":"https:\/\/nextsnkr.com\/it\/wp-json\/wp\/v2\/product_brand?post=631757"},{"taxonomy":"product_cat","embeddable":true,"href":"https:\/\/nextsnkr.com\/it\/wp-json\/wp\/v2\/product_cat?post=631757"},{"taxonomy":"product_tag","embeddable":true,"href":"https:\/\/nextsnkr.com\/it\/wp-json\/wp\/v2\/product_tag?post=631757"}],"curies":[{"name":"wp","href":"https:\/\/api.w.org\/{rel}","templated":true}]}}