{"id":630651,"date":"2025-06-14T20:12:37","date_gmt":"2025-06-14T17:12:37","guid":{"rendered":"https:\/\/nextsnkr.com\/product\/michael-kors-4\/"},"modified":"2026-01-31T20:21:19","modified_gmt":"2026-01-31T17:21:19","slug":"michael-kors-4","status":"publish","type":"product","link":"https:\/\/nextsnkr.com\/it\/prodotto\/michael-kors-4\/","title":{"rendered":"Borsa Michael Kors-elegante borsa da donna in ecopelle"},"content":{"rendered":"<h2>Borsa Michael Kors-elegante borsa da donna in ecopelle<\/h2>\n<p>La borsa Michael Kors \u00e8 realizzata in ecopelle di alta qualit\u00e0, che garantisce durata, robustezza e un aspetto elegante. Il modello combina design elegante e praticit\u00e0, perfetto per l&#8217;uso quotidiano. Lo spazioso scomparto interno consente di posizionare comodamente tutti gli elementi essenziali e il design elegante rende la borsa versatile per qualsiasi look. Scegli Michael Kors per una combinazione di comfort, stile alla moda e qualit\u00e0 premium.<\/p>\n","protected":false},"excerpt":{"rendered":"<p>La borsa Michael Kors \u00e8 realizzata in ecopelle di alta qualit\u00e0, che garantisce durata, robustezza e un aspetto elegante. Il modello combina design elegante e praticit\u00e0, perfetto per l&#8217;uso quotidiano. Lo spazioso scomparto interno consente di posizionare comodamente tutti gli elementi essenziali e il design elegante rende la borsa versatile per qualsiasi look. Scegli Michael Kors per una combinazione di comfort, stile alla moda e qualit\u00e0 premium.<\/p>\n","protected":false},"featured_media":630652,"comment_status":"open","ping_status":"open","template":"","meta":[],"product_brand":[],"product_cat":[3238,3482],"product_tag":[],"class_list":{"0":"post-630651","1":"product","2":"type-product","3":"status-publish","4":"has-post-thumbnail","6":"product_cat-all-product","7":"product_cat-sumky","8":"pa_rozmir-sale-24kh16kh6","10":"first","11":"instock","12":"purchasable","13":"product-type-simple"},"_links":{"self":[{"href":"https:\/\/nextsnkr.com\/it\/wp-json\/wp\/v2\/product\/630651","targetHints":{"allow":["GET"]}}],"collection":[{"href":"https:\/\/nextsnkr.com\/it\/wp-json\/wp\/v2\/product"}],"about":[{"href":"https:\/\/nextsnkr.com\/it\/wp-json\/wp\/v2\/types\/product"}],"replies":[{"embeddable":true,"href":"https:\/\/nextsnkr.com\/it\/wp-json\/wp\/v2\/comments?post=630651"}],"version-history":[{"count":0,"href":"https:\/\/nextsnkr.com\/it\/wp-json\/wp\/v2\/product\/630651\/revisions"}],"wp:featuredmedia":[{"embeddable":true,"href":"https:\/\/nextsnkr.com\/it\/wp-json\/wp\/v2\/media\/630652"}],"wp:attachment":[{"href":"https:\/\/nextsnkr.com\/it\/wp-json\/wp\/v2\/media?parent=630651"}],"wp:term":[{"taxonomy":"product_brand","embeddable":true,"href":"https:\/\/nextsnkr.com\/it\/wp-json\/wp\/v2\/product_brand?post=630651"},{"taxonomy":"product_cat","embeddable":true,"href":"https:\/\/nextsnkr.com\/it\/wp-json\/wp\/v2\/product_cat?post=630651"},{"taxonomy":"product_tag","embeddable":true,"href":"https:\/\/nextsnkr.com\/it\/wp-json\/wp\/v2\/product_tag?post=630651"}],"curies":[{"name":"wp","href":"https:\/\/api.w.org\/{rel}","templated":true}]}}