{"id":630229,"date":"2025-06-14T20:13:08","date_gmt":"2025-06-14T17:13:08","guid":{"rendered":"https:\/\/nextsnkr.com\/product\/michael-kors-5\/"},"modified":"2026-01-31T20:21:02","modified_gmt":"2026-01-31T17:21:02","slug":"michael-kors-5","status":"publish","type":"product","link":"https:\/\/nextsnkr.com\/it\/prodotto\/michael-kors-5\/","title":{"rendered":"Borsa Michael Kors &#8211; Borsa elegante da donna in ecopelle"},"content":{"rendered":"<h2>Borsa Michael Kors &#8211; Borsa elegante da donna in ecopelle<\/h2>\n<p>La borsa Michael Kors \u00e8 realizzata in ecopelle di alta qualit\u00e0 che combina stile, praticit\u00e0 e durata. Il modello ha un ampio scomparto principale e comode tasche per organizzare le cose, rendendolo perfetto per l&#8217;uso quotidiano. Il design elegante del marchio Michael Kors sottolinea lo stile moderno e aggiunge raffinatezza al look. Questa borsa \u00e8 versatile e si abbina facilmente a qualsiasi guardaroba, rendendola un accessorio indispensabile per lavorare, camminare e viaggiare.<\/p>\n","protected":false},"excerpt":{"rendered":"<p>La borsa Michael Kors \u00e8 realizzata in ecopelle di alta qualit\u00e0 che combina stile, praticit\u00e0 e durata. Il modello ha un ampio scomparto principale e comode tasche per organizzare le cose, rendendolo perfetto per l&#8217;uso quotidiano. Il design elegante del marchio Michael Kors sottolinea lo stile moderno e aggiunge raffinatezza al look. Questa borsa \u00e8 versatile e si abbina facilmente a qualsiasi guardaroba, rendendola un accessorio indispensabile per lavorare, camminare e viaggiare.<\/p>\n","protected":false},"featured_media":630234,"comment_status":"open","ping_status":"open","template":"","meta":[],"product_brand":[],"product_cat":[3238,3482],"product_tag":[],"class_list":{"0":"post-630229","1":"product","2":"type-product","3":"status-publish","4":"has-post-thumbnail","6":"product_cat-all-product","7":"product_cat-sumky","8":"pa_rozmir-24kh17","10":"first","11":"instock","12":"purchasable","13":"product-type-simple"},"_links":{"self":[{"href":"https:\/\/nextsnkr.com\/it\/wp-json\/wp\/v2\/product\/630229","targetHints":{"allow":["GET"]}}],"collection":[{"href":"https:\/\/nextsnkr.com\/it\/wp-json\/wp\/v2\/product"}],"about":[{"href":"https:\/\/nextsnkr.com\/it\/wp-json\/wp\/v2\/types\/product"}],"replies":[{"embeddable":true,"href":"https:\/\/nextsnkr.com\/it\/wp-json\/wp\/v2\/comments?post=630229"}],"version-history":[{"count":0,"href":"https:\/\/nextsnkr.com\/it\/wp-json\/wp\/v2\/product\/630229\/revisions"}],"wp:featuredmedia":[{"embeddable":true,"href":"https:\/\/nextsnkr.com\/it\/wp-json\/wp\/v2\/media\/630234"}],"wp:attachment":[{"href":"https:\/\/nextsnkr.com\/it\/wp-json\/wp\/v2\/media?parent=630229"}],"wp:term":[{"taxonomy":"product_brand","embeddable":true,"href":"https:\/\/nextsnkr.com\/it\/wp-json\/wp\/v2\/product_brand?post=630229"},{"taxonomy":"product_cat","embeddable":true,"href":"https:\/\/nextsnkr.com\/it\/wp-json\/wp\/v2\/product_cat?post=630229"},{"taxonomy":"product_tag","embeddable":true,"href":"https:\/\/nextsnkr.com\/it\/wp-json\/wp\/v2\/product_tag?post=630229"}],"curies":[{"name":"wp","href":"https:\/\/api.w.org\/{rel}","templated":true}]}}