{"id":629148,"date":"2025-06-23T08:46:51","date_gmt":"2025-06-23T05:46:51","guid":{"rendered":"https:\/\/nextsnkr.com\/product\/spezial-handball-grey\/"},"modified":"2026-01-31T20:20:04","modified_gmt":"2026-01-31T17:20:04","slug":"spezial-handball-grey","status":"publish","type":"product","link":"https:\/\/nextsnkr.com\/it\/prodotto\/spezial-handball-grey\/","title":{"rendered":"Sneakers in camoscio grigio Spezial Handball eleganti e confortevoli"},"content":{"rendered":"<h2>Sneakers in camoscio grigio Spezial Handball eleganti e confortevoli<\/h2>\n<p>Le sneakers Spezial Handball Grey sono realizzate in pelle scamosciata di alta qualit\u00e0, che garantisce durata e comfort durante l&#8217;uso attivo. Il modello \u00e8 perfetto per lo sport e l&#8217;uso quotidiano, combinando un design moderno e una vestibilit\u00e0 sicura sul piede. Scegli queste sneaker del marchio Spezial per accentuare il tuo stile e goderti il massimo comfort in tutte le condizioni.<\/p>\n","protected":false},"excerpt":{"rendered":"<p>Le sneakers Spezial Handball Grey sono realizzate in pelle scamosciata di alta qualit\u00e0, che garantisce durata e comfort durante l&#8217;uso attivo. Il modello \u00e8 perfetto per lo sport e l&#8217;uso quotidiano, combinando un design moderno e una vestibilit\u00e0 sicura sul piede. Scegli queste sneaker del marchio Spezial per accentuare il tuo stile e goderti il massimo comfort in tutte le condizioni.<\/p>\n","protected":false},"featured_media":629149,"comment_status":"open","ping_status":"open","template":"","meta":[],"product_brand":[],"product_cat":[3238,3321],"product_tag":[],"class_list":{"0":"post-629148","1":"product","2":"type-product","3":"status-publish","4":"has-post-thumbnail","6":"product_cat-all-product","7":"product_cat-kedy","8":"pa_rozmir-910","9":"pa_rozmir-912","10":"pa_rozmir-914","11":"pa_rozmir-915","12":"pa_rozmir-916","13":"pa_rozmir-917","14":"pa_rozmir-918","15":"pa_rozmir-919","16":"pa_rozmir-920","17":"pa_rozmir-921","18":"pa_rozmir-922","20":"first","21":"onbackorder","22":"purchasable","23":"product-type-variable"},"_links":{"self":[{"href":"https:\/\/nextsnkr.com\/it\/wp-json\/wp\/v2\/product\/629148","targetHints":{"allow":["GET"]}}],"collection":[{"href":"https:\/\/nextsnkr.com\/it\/wp-json\/wp\/v2\/product"}],"about":[{"href":"https:\/\/nextsnkr.com\/it\/wp-json\/wp\/v2\/types\/product"}],"replies":[{"embeddable":true,"href":"https:\/\/nextsnkr.com\/it\/wp-json\/wp\/v2\/comments?post=629148"}],"version-history":[{"count":0,"href":"https:\/\/nextsnkr.com\/it\/wp-json\/wp\/v2\/product\/629148\/revisions"}],"wp:featuredmedia":[{"embeddable":true,"href":"https:\/\/nextsnkr.com\/it\/wp-json\/wp\/v2\/media\/629149"}],"wp:attachment":[{"href":"https:\/\/nextsnkr.com\/it\/wp-json\/wp\/v2\/media?parent=629148"}],"wp:term":[{"taxonomy":"product_brand","embeddable":true,"href":"https:\/\/nextsnkr.com\/it\/wp-json\/wp\/v2\/product_brand?post=629148"},{"taxonomy":"product_cat","embeddable":true,"href":"https:\/\/nextsnkr.com\/it\/wp-json\/wp\/v2\/product_cat?post=629148"},{"taxonomy":"product_tag","embeddable":true,"href":"https:\/\/nextsnkr.com\/it\/wp-json\/wp\/v2\/product_tag?post=629148"}],"curies":[{"name":"wp","href":"https:\/\/api.w.org\/{rel}","templated":true}]}}