{"id":622990,"date":"2025-06-13T09:12:14","date_gmt":"2025-06-13T06:12:14","guid":{"rendered":"https:\/\/nextsnkr.com\/product\/new-balance-white-grey\/"},"modified":"2026-01-31T20:16:54","modified_gmt":"2026-01-31T17:16:54","slug":"new-balance-white-grey","status":"publish","type":"product","link":"https:\/\/nextsnkr.com\/it\/prodotto\/new-balance-white-grey\/","title":{"rendered":"Sneakers New Balance in pelle bianca \/ grigia da indossare ogni giorno"},"content":{"rendered":"<h2>Sneakers New Balance in pelle bianca \/ grigia da indossare ogni giorno<\/h2>\n<p>Le sneaker New Balance White \/ Grey combinano stile e comfort grazie alla pelle di alta qualit\u00e0 e alla costruzione intelligente. Il colore bianco e grigio aggiunge versatilit\u00e0 e si abbina facilmente a qualsiasi guardaroba. La suola robusta offre stabilit\u00e0 e ammortizzazione quando si cammina, mentre il marchio New Balance garantisce affidabilit\u00e0 e durata. Scelta perfetta per l&#8217;uso quotidiano all&#8217;aperto e lo stile sportivo.<\/p>\n","protected":false},"excerpt":{"rendered":"<p>Le sneaker New Balance White \/ Grey combinano stile e comfort grazie alla pelle di alta qualit\u00e0 e alla costruzione intelligente. Il colore bianco e grigio aggiunge versatilit\u00e0 e si abbina facilmente a qualsiasi guardaroba. La suola robusta offre stabilit\u00e0 e ammortizzazione quando si cammina, mentre il marchio New Balance garantisce affidabilit\u00e0 e durata. Scelta perfetta per l&#8217;uso quotidiano all&#8217;aperto e lo stile sportivo.<\/p>\n","protected":false},"featured_media":622991,"comment_status":"open","ping_status":"open","template":"","meta":[],"product_brand":[],"product_cat":[3238,3239],"product_tag":[],"class_list":{"0":"post-622990","1":"product","2":"type-product","3":"status-publish","4":"has-post-thumbnail","6":"product_cat-all-product","7":"product_cat-krosivky","8":"pa_rozmir-910","9":"pa_rozmir-912","10":"pa_rozmir-914","11":"pa_rozmir-915","12":"pa_rozmir-916","13":"pa_rozmir-917","14":"pa_rozmir-918","15":"pa_rozmir-919","16":"pa_rozmir-920","17":"pa_rozmir-921","18":"pa_rozmir-922","20":"first","21":"instock","22":"purchasable","23":"product-type-variable"},"_links":{"self":[{"href":"https:\/\/nextsnkr.com\/it\/wp-json\/wp\/v2\/product\/622990","targetHints":{"allow":["GET"]}}],"collection":[{"href":"https:\/\/nextsnkr.com\/it\/wp-json\/wp\/v2\/product"}],"about":[{"href":"https:\/\/nextsnkr.com\/it\/wp-json\/wp\/v2\/types\/product"}],"replies":[{"embeddable":true,"href":"https:\/\/nextsnkr.com\/it\/wp-json\/wp\/v2\/comments?post=622990"}],"version-history":[{"count":0,"href":"https:\/\/nextsnkr.com\/it\/wp-json\/wp\/v2\/product\/622990\/revisions"}],"wp:featuredmedia":[{"embeddable":true,"href":"https:\/\/nextsnkr.com\/it\/wp-json\/wp\/v2\/media\/622991"}],"wp:attachment":[{"href":"https:\/\/nextsnkr.com\/it\/wp-json\/wp\/v2\/media?parent=622990"}],"wp:term":[{"taxonomy":"product_brand","embeddable":true,"href":"https:\/\/nextsnkr.com\/it\/wp-json\/wp\/v2\/product_brand?post=622990"},{"taxonomy":"product_cat","embeddable":true,"href":"https:\/\/nextsnkr.com\/it\/wp-json\/wp\/v2\/product_cat?post=622990"},{"taxonomy":"product_tag","embeddable":true,"href":"https:\/\/nextsnkr.com\/it\/wp-json\/wp\/v2\/product_tag?post=622990"}],"curies":[{"name":"wp","href":"https:\/\/api.w.org\/{rel}","templated":true}]}}