{"id":622414,"date":"2025-06-14T21:26:50","date_gmt":"2025-06-14T18:26:50","guid":{"rendered":"https:\/\/nextsnkr.com\/product\/yeezy-700-v1-inertia\/"},"modified":"2026-01-31T20:16:40","modified_gmt":"2026-01-31T17:16:40","slug":"yeezy-700-v1-inertia","status":"publish","type":"product","link":"https:\/\/nextsnkr.com\/it\/prodotto\/yeezy-700-v1-inertia\/","title":{"rendered":"Sneakers Yeezy 700 V1 Inertia-camoscio-maglia uomo elegante"},"content":{"rendered":"<h2>Sneakers Yeezy 700 V1 Inertia-camoscio-maglia uomo elegante<\/h2>\n<p>Le sneakers Yeezy 700 V1 Inertia sono un modello moderno per coloro che apprezzano il comfort e lo stile luminoso. Realizzati con una combinazione di pelle scamosciata e rete, offrono durata, ventilazione e una vestibilit\u00e0 comoda per il piede. La suola robusta garantisce ammortizzazione e comfort durante le passeggiate quotidiane o le attivit\u00e0 all&#8217;aperto. La tonalit\u00e0 elegante di Inertia aggiunge personalit\u00e0 e modernit\u00e0 al look. Scegli Yeezy 700 V1-una combinazione di design di tendenza e alta qualit\u00e0.<\/p>\n","protected":false},"excerpt":{"rendered":"<p>Le sneakers Yeezy 700 V1 Inertia sono un modello moderno per coloro che apprezzano il comfort e lo stile luminoso. Realizzati con una combinazione di pelle scamosciata e rete, offrono durata, ventilazione e una vestibilit\u00e0 comoda per il piede. La suola robusta garantisce ammortizzazione e comfort durante le passeggiate quotidiane o le attivit\u00e0 all&#8217;aperto. La tonalit\u00e0 elegante di Inertia aggiunge personalit\u00e0 e modernit\u00e0 al look. Scegli Yeezy 700 V1-una combinazione di design di tendenza e alta qualit\u00e0.<\/p>\n","protected":false},"featured_media":622415,"comment_status":"open","ping_status":"open","template":"","meta":[],"product_brand":[],"product_cat":[3399,3238,3239],"product_tag":[],"class_list":{"0":"post-622414","1":"product","2":"type-product","3":"status-publish","4":"has-post-thumbnail","6":"product_cat-adidas-yeezy","7":"product_cat-all-product","8":"product_cat-krosivky","9":"pa_rozmir-910","10":"pa_rozmir-912","11":"pa_rozmir-914","12":"pa_rozmir-915","13":"pa_rozmir-916","14":"pa_rozmir-917","15":"pa_rozmir-918","16":"pa_rozmir-919","17":"pa_rozmir-920","18":"pa_rozmir-921","19":"pa_rozmir-922","21":"first","22":"onbackorder","23":"purchasable","24":"product-type-variable"},"_links":{"self":[{"href":"https:\/\/nextsnkr.com\/it\/wp-json\/wp\/v2\/product\/622414","targetHints":{"allow":["GET"]}}],"collection":[{"href":"https:\/\/nextsnkr.com\/it\/wp-json\/wp\/v2\/product"}],"about":[{"href":"https:\/\/nextsnkr.com\/it\/wp-json\/wp\/v2\/types\/product"}],"replies":[{"embeddable":true,"href":"https:\/\/nextsnkr.com\/it\/wp-json\/wp\/v2\/comments?post=622414"}],"version-history":[{"count":0,"href":"https:\/\/nextsnkr.com\/it\/wp-json\/wp\/v2\/product\/622414\/revisions"}],"wp:featuredmedia":[{"embeddable":true,"href":"https:\/\/nextsnkr.com\/it\/wp-json\/wp\/v2\/media\/622415"}],"wp:attachment":[{"href":"https:\/\/nextsnkr.com\/it\/wp-json\/wp\/v2\/media?parent=622414"}],"wp:term":[{"taxonomy":"product_brand","embeddable":true,"href":"https:\/\/nextsnkr.com\/it\/wp-json\/wp\/v2\/product_brand?post=622414"},{"taxonomy":"product_cat","embeddable":true,"href":"https:\/\/nextsnkr.com\/it\/wp-json\/wp\/v2\/product_cat?post=622414"},{"taxonomy":"product_tag","embeddable":true,"href":"https:\/\/nextsnkr.com\/it\/wp-json\/wp\/v2\/product_tag?post=622414"}],"curies":[{"name":"wp","href":"https:\/\/api.w.org\/{rel}","templated":true}]}}