{"id":621017,"date":"2025-06-17T22:07:58","date_gmt":"2025-06-17T19:07:58","guid":{"rendered":"https:\/\/nextsnkr.com\/product\/winter-nike-m2k-tekno\/"},"modified":"2026-01-31T20:15:55","modified_gmt":"2026-01-31T17:15:55","slug":"winter-nike-m2k-tekno","status":"publish","type":"product","link":"https:\/\/nextsnkr.com\/it\/prodotto\/winter-nike-m2k-tekno\/","title":{"rendered":"Sneakers invernali Nike M2K Tekno-sneakers invernali da uomo alla moda"},"content":{"rendered":"<h2>Sneakers invernali Nike M2K Tekno-sneakers invernali da uomo alla moda<\/h2>\n<p>Le sneakers Winter Nike M2K Tekno combinano design moderno e comfort per l&#8217;uso quotidiano nella stagione fredda. La suola robusta offre stabilit\u00e0 e ammortizzazione, mentre i materiali di alta qualit\u00e0 garantiscono durata e praticit\u00e0. Il modello del marchio Nike \u00e8 perfetto per lo stile urbano, le attivit\u00e0 all&#8217;aperto e l&#8217;uso quotidiano, sottolineando lo stile premium e la personalit\u00e0 di chi lo indossa. La versione invernale della sneaker offre calore e comfort anche quando fa freddo.<\/p>\n","protected":false},"excerpt":{"rendered":"<p>Le sneakers Winter Nike M2K Tekno combinano design moderno e comfort per l&#8217;uso quotidiano nella stagione fredda. La suola robusta offre stabilit\u00e0 e ammortizzazione, mentre i materiali di alta qualit\u00e0 garantiscono durata e praticit\u00e0. Il modello del marchio Nike \u00e8 perfetto per lo stile urbano, le attivit\u00e0 all&#8217;aperto e l&#8217;uso quotidiano, sottolineando lo stile premium e la personalit\u00e0 di chi lo indossa. La versione invernale della sneaker offre calore e comfort anche quando fa freddo.<\/p>\n","protected":false},"featured_media":621018,"comment_status":"open","ping_status":"open","template":"","meta":[],"product_brand":[],"product_cat":[3238,3239],"product_tag":[],"class_list":{"0":"post-621017","1":"product","2":"type-product","3":"status-publish","4":"has-post-thumbnail","6":"product_cat-all-product","7":"product_cat-krosivky","8":"pa_rozmir-910","9":"pa_rozmir-912","10":"pa_rozmir-914","11":"pa_rozmir-915","12":"pa_rozmir-916","13":"pa_rozmir-917","14":"pa_rozmir-918","15":"pa_rozmir-919","16":"pa_rozmir-920","17":"pa_rozmir-921","18":"pa_rozmir-922","20":"first","21":"onbackorder","22":"purchasable","23":"product-type-variable"},"_links":{"self":[{"href":"https:\/\/nextsnkr.com\/it\/wp-json\/wp\/v2\/product\/621017","targetHints":{"allow":["GET"]}}],"collection":[{"href":"https:\/\/nextsnkr.com\/it\/wp-json\/wp\/v2\/product"}],"about":[{"href":"https:\/\/nextsnkr.com\/it\/wp-json\/wp\/v2\/types\/product"}],"replies":[{"embeddable":true,"href":"https:\/\/nextsnkr.com\/it\/wp-json\/wp\/v2\/comments?post=621017"}],"version-history":[{"count":0,"href":"https:\/\/nextsnkr.com\/it\/wp-json\/wp\/v2\/product\/621017\/revisions"}],"wp:featuredmedia":[{"embeddable":true,"href":"https:\/\/nextsnkr.com\/it\/wp-json\/wp\/v2\/media\/621018"}],"wp:attachment":[{"href":"https:\/\/nextsnkr.com\/it\/wp-json\/wp\/v2\/media?parent=621017"}],"wp:term":[{"taxonomy":"product_brand","embeddable":true,"href":"https:\/\/nextsnkr.com\/it\/wp-json\/wp\/v2\/product_brand?post=621017"},{"taxonomy":"product_cat","embeddable":true,"href":"https:\/\/nextsnkr.com\/it\/wp-json\/wp\/v2\/product_cat?post=621017"},{"taxonomy":"product_tag","embeddable":true,"href":"https:\/\/nextsnkr.com\/it\/wp-json\/wp\/v2\/product_tag?post=621017"}],"curies":[{"name":"wp","href":"https:\/\/api.w.org\/{rel}","templated":true}]}}