{"id":618630,"date":"2025-06-17T22:20:03","date_gmt":"2025-06-17T19:20:03","guid":{"rendered":"https:\/\/nextsnkr.com\/product\/nike-air-max-plus-utility-black-metallic-silver\/"},"modified":"2026-01-31T20:14:35","modified_gmt":"2026-01-31T17:14:35","slug":"nike-air-max-plus-utility-black-metallic-silver","status":"publish","type":"product","link":"https:\/\/nextsnkr.com\/it\/prodotto\/nike-air-max-plus-utility-black-metallic-silver\/","title":{"rendered":"Sneakers Nike Air Max Plus Utility Black Metallic Silver-pelle e tessuto"},"content":{"rendered":"<h2>Sneakers Nike Air Max Plus Utility Black Metallic Silver-pelle e tessuto<\/h2>\n<p>Nike Air Max Plus Utility Black Metallic Silver \u00e8 una sneaker elegante realizzata in pelle e tessuti di alta qualit\u00e0 che unisce comfort, durata e design moderno. Il nero con una tonalit\u00e0 argento metallizzato rende il modello versatile e accattivante. Prodotte in una fabbrica del Vietnam, le sneaker hanno una suola robusta, un sistema di ammortizzazione Air Max e una vestibilit\u00e0 comoda sul piede. La scelta perfetta per uno stile di vita attivo, camminare e creare un look elegante con il comfort e la qualit\u00e0 premium del marchio Nike.<\/p>\n","protected":false},"excerpt":{"rendered":"<p>Nike Air Max Plus Utility Black Metallic Silver \u00e8 una sneaker elegante realizzata in pelle e tessuti di alta qualit\u00e0 che unisce comfort, durata e design moderno. Il nero con una tonalit\u00e0 argento metallizzato rende il modello versatile e accattivante. Prodotte in una fabbrica del Vietnam, le sneaker hanno una suola robusta, un sistema di ammortizzazione Air Max e una vestibilit\u00e0 comoda sul piede. La scelta perfetta per uno stile di vita attivo, camminare e creare un look elegante con il comfort e la qualit\u00e0 premium del marchio Nike.<\/p>\n","protected":false},"featured_media":618631,"comment_status":"open","ping_status":"open","template":"","meta":[],"product_brand":[],"product_cat":[3238,3239],"product_tag":[],"class_list":{"0":"post-618630","1":"product","2":"type-product","3":"status-publish","4":"has-post-thumbnail","6":"product_cat-all-product","7":"product_cat-krosivky","8":"pa_rozmir-910","9":"pa_rozmir-912","10":"pa_rozmir-914","11":"pa_rozmir-915","12":"pa_rozmir-916","13":"pa_rozmir-917","14":"pa_rozmir-918","15":"pa_rozmir-919","16":"pa_rozmir-920","17":"pa_rozmir-921","18":"pa_rozmir-922","20":"first","21":"onbackorder","22":"purchasable","23":"product-type-variable"},"_links":{"self":[{"href":"https:\/\/nextsnkr.com\/it\/wp-json\/wp\/v2\/product\/618630","targetHints":{"allow":["GET"]}}],"collection":[{"href":"https:\/\/nextsnkr.com\/it\/wp-json\/wp\/v2\/product"}],"about":[{"href":"https:\/\/nextsnkr.com\/it\/wp-json\/wp\/v2\/types\/product"}],"replies":[{"embeddable":true,"href":"https:\/\/nextsnkr.com\/it\/wp-json\/wp\/v2\/comments?post=618630"}],"version-history":[{"count":0,"href":"https:\/\/nextsnkr.com\/it\/wp-json\/wp\/v2\/product\/618630\/revisions"}],"wp:featuredmedia":[{"embeddable":true,"href":"https:\/\/nextsnkr.com\/it\/wp-json\/wp\/v2\/media\/618631"}],"wp:attachment":[{"href":"https:\/\/nextsnkr.com\/it\/wp-json\/wp\/v2\/media?parent=618630"}],"wp:term":[{"taxonomy":"product_brand","embeddable":true,"href":"https:\/\/nextsnkr.com\/it\/wp-json\/wp\/v2\/product_brand?post=618630"},{"taxonomy":"product_cat","embeddable":true,"href":"https:\/\/nextsnkr.com\/it\/wp-json\/wp\/v2\/product_cat?post=618630"},{"taxonomy":"product_tag","embeddable":true,"href":"https:\/\/nextsnkr.com\/it\/wp-json\/wp\/v2\/product_tag?post=618630"}],"curies":[{"name":"wp","href":"https:\/\/api.w.org\/{rel}","templated":true}]}}