{"id":616075,"date":"2025-06-17T22:33:18","date_gmt":"2025-06-17T19:33:18","guid":{"rendered":"https:\/\/nextsnkr.com\/product\/nike-air-max-plus-sisterhood-wmns\/"},"modified":"2026-01-31T20:13:10","modified_gmt":"2026-01-31T17:13:10","slug":"nike-air-max-plus-sisterhood-wmns","status":"publish","type":"product","link":"https:\/\/nextsnkr.com\/it\/prodotto\/nike-air-max-plus-sisterhood-wmns\/","title":{"rendered":"Sneakers Nike Air Max Plus Sisterhood WMNS-pelle e tessuti, donna"},"content":{"rendered":"<h2>Sneakers Nike Air Max Plus Sisterhood WMNS-pelle e tessuti, donna<\/h2>\n<p>Le sneakers Nike Air Max Plus &#8220;Sisterhood WMNS&#8221; combinano un design elegante e un alto livello di comfort. Realizzati in pelle resistente e tessuti traspiranti, offrono ventilazione, leggerezza e durata. La suola ammortizzata con tecnologia Air Max garantisce un comfort di lunga durata, mentre il design moderno rende il modello ideale per attivit\u00e0 all&#8217;aperto, sport e stile urbano quotidiano. Il produttore \u00e8 il Vietnam, confermando la qualit\u00e0 e l&#8217;affidabilit\u00e0.<\/p>\n","protected":false},"excerpt":{"rendered":"<p>Le sneakers Nike Air Max Plus &#8220;Sisterhood WMNS&#8221; combinano un design elegante e un alto livello di comfort. Realizzati in pelle resistente e tessuti traspiranti, offrono ventilazione, leggerezza e durata. La suola ammortizzata con tecnologia Air Max garantisce un comfort di lunga durata, mentre il design moderno rende il modello ideale per attivit\u00e0 all&#8217;aperto, sport e stile urbano quotidiano. Il produttore \u00e8 il Vietnam, confermando la qualit\u00e0 e l&#8217;affidabilit\u00e0.<\/p>\n","protected":false},"featured_media":616076,"comment_status":"open","ping_status":"open","template":"","meta":[],"product_brand":[],"product_cat":[3238,3239],"product_tag":[],"class_list":{"0":"post-616075","1":"product","2":"type-product","3":"status-publish","4":"has-post-thumbnail","6":"product_cat-all-product","7":"product_cat-krosivky","8":"pa_rozmir-910","9":"pa_rozmir-912","10":"pa_rozmir-914","11":"pa_rozmir-915","12":"pa_rozmir-916","13":"pa_rozmir-917","14":"pa_rozmir-918","15":"pa_rozmir-919","16":"pa_rozmir-920","17":"pa_rozmir-921","18":"pa_rozmir-922","20":"first","21":"onbackorder","22":"purchasable","23":"product-type-variable"},"_links":{"self":[{"href":"https:\/\/nextsnkr.com\/it\/wp-json\/wp\/v2\/product\/616075","targetHints":{"allow":["GET"]}}],"collection":[{"href":"https:\/\/nextsnkr.com\/it\/wp-json\/wp\/v2\/product"}],"about":[{"href":"https:\/\/nextsnkr.com\/it\/wp-json\/wp\/v2\/types\/product"}],"replies":[{"embeddable":true,"href":"https:\/\/nextsnkr.com\/it\/wp-json\/wp\/v2\/comments?post=616075"}],"version-history":[{"count":0,"href":"https:\/\/nextsnkr.com\/it\/wp-json\/wp\/v2\/product\/616075\/revisions"}],"wp:featuredmedia":[{"embeddable":true,"href":"https:\/\/nextsnkr.com\/it\/wp-json\/wp\/v2\/media\/616076"}],"wp:attachment":[{"href":"https:\/\/nextsnkr.com\/it\/wp-json\/wp\/v2\/media?parent=616075"}],"wp:term":[{"taxonomy":"product_brand","embeddable":true,"href":"https:\/\/nextsnkr.com\/it\/wp-json\/wp\/v2\/product_brand?post=616075"},{"taxonomy":"product_cat","embeddable":true,"href":"https:\/\/nextsnkr.com\/it\/wp-json\/wp\/v2\/product_cat?post=616075"},{"taxonomy":"product_tag","embeddable":true,"href":"https:\/\/nextsnkr.com\/it\/wp-json\/wp\/v2\/product_tag?post=616075"}],"curies":[{"name":"wp","href":"https:\/\/api.w.org\/{rel}","templated":true}]}}