{"id":615765,"date":"2025-06-17T22:51:10","date_gmt":"2025-06-17T19:51:10","guid":{"rendered":"https:\/\/nextsnkr.com\/product\/muzhskoe-bele-fila-white\/"},"modified":"2026-01-31T20:13:00","modified_gmt":"2026-01-31T17:13:00","slug":"muzhskoe-bele-fila-white","status":"publish","type":"product","link":"https:\/\/nextsnkr.com\/it\/prodotto\/muzhskoe-bele-fila-white\/","title":{"rendered":"Biancheria intima da uomo FILA White-confortevole in cotone e spandex"},"content":{"rendered":"<h2>Biancheria intima da uomo FILA White-confortevole in cotone e spandex<\/h2>\n<p>La biancheria intima da uomo FILA White \u00e8 realizzata in cotone e spandex di alta qualit\u00e0 (95% \/ 5%), che offre morbidezza, elasticit\u00e0 e comfort per tutto il giorno. Il modello \u00e8 adatto per l&#8217;uso quotidiano e lo stile di vita attivo. Sono disponibili taglie S, M, L, XL, XXL, che garantiscono una vestibilit\u00e0 perfetta. Il bianco elegante aggiunge versatilit\u00e0 ed eleganza. Scegli FILA White per una combinazione di qualit\u00e0, praticit\u00e0 e design moderno.<\/p>\n","protected":false},"excerpt":{"rendered":"<p>La biancheria intima da uomo FILA White \u00e8 realizzata in cotone e spandex di alta qualit\u00e0 (95% \/ 5%), che offre morbidezza, elasticit\u00e0 e comfort per tutto il giorno. Il modello \u00e8 adatto per l&#8217;uso quotidiano e lo stile di vita attivo. Sono disponibili taglie S, M, L, XL, XXL, che garantiscono una vestibilit\u00e0 perfetta. Il bianco elegante aggiunge versatilit\u00e0 ed eleganza. Scegli FILA White per una combinazione di qualit\u00e0, praticit\u00e0 e design moderno.<\/p>\n","protected":false},"featured_media":615766,"comment_status":"open","ping_status":"open","template":"","meta":[],"product_brand":[],"product_cat":[3238,3545],"product_tag":[],"class_list":{"0":"post-615765","1":"product","2":"type-product","3":"status-publish","4":"has-post-thumbnail","6":"product_cat-all-product","7":"product_cat-cholovicha-bilyzna","8":"pa_rozmir-s","9":"pa_rozmir-m","10":"pa_rozmir-l","11":"pa_rozmir-xl","12":"pa_rozmir-xxl","14":"first","15":"onbackorder","16":"purchasable","17":"product-type-variable"},"_links":{"self":[{"href":"https:\/\/nextsnkr.com\/it\/wp-json\/wp\/v2\/product\/615765","targetHints":{"allow":["GET"]}}],"collection":[{"href":"https:\/\/nextsnkr.com\/it\/wp-json\/wp\/v2\/product"}],"about":[{"href":"https:\/\/nextsnkr.com\/it\/wp-json\/wp\/v2\/types\/product"}],"replies":[{"embeddable":true,"href":"https:\/\/nextsnkr.com\/it\/wp-json\/wp\/v2\/comments?post=615765"}],"version-history":[{"count":0,"href":"https:\/\/nextsnkr.com\/it\/wp-json\/wp\/v2\/product\/615765\/revisions"}],"wp:featuredmedia":[{"embeddable":true,"href":"https:\/\/nextsnkr.com\/it\/wp-json\/wp\/v2\/media\/615766"}],"wp:attachment":[{"href":"https:\/\/nextsnkr.com\/it\/wp-json\/wp\/v2\/media?parent=615765"}],"wp:term":[{"taxonomy":"product_brand","embeddable":true,"href":"https:\/\/nextsnkr.com\/it\/wp-json\/wp\/v2\/product_brand?post=615765"},{"taxonomy":"product_cat","embeddable":true,"href":"https:\/\/nextsnkr.com\/it\/wp-json\/wp\/v2\/product_cat?post=615765"},{"taxonomy":"product_tag","embeddable":true,"href":"https:\/\/nextsnkr.com\/it\/wp-json\/wp\/v2\/product_tag?post=615765"}],"curies":[{"name":"wp","href":"https:\/\/api.w.org\/{rel}","templated":true}]}}