{"id":615492,"date":"2025-06-17T22:52:18","date_gmt":"2025-06-17T19:52:18","guid":{"rendered":"https:\/\/nextsnkr.com\/product\/muzhskoe-bele-champion-white\/"},"modified":"2026-01-31T20:12:46","modified_gmt":"2026-01-31T17:12:46","slug":"muzhskoe-bele-champion-white","status":"publish","type":"product","link":"https:\/\/nextsnkr.com\/it\/prodotto\/muzhskoe-bele-champion-white\/","title":{"rendered":"Biancheria intima da uomo CHAMPION White-cotone e spandex, comfort"},"content":{"rendered":"<h2>Biancheria intima da uomo CHAMPION White-cotone e spandex, comfort<\/h2>\n<p>La biancheria intima da uomo CHAMPION White \u00e8 realizzata con una miscela di alta qualit\u00e0 di 95% cotone e 5% spandex, che offre comfort, libert\u00e0 di movimento e una vestibilit\u00e0 perfetta. Le taglie S-XXL disponibili ti consentono di scegliere l&#8217;opzione migliore per qualsiasi tipo di figura. Il materiale morbido protegge delicatamente la pelle, garantendo un uso a lungo termine. Scelta perfetta per l&#8217;uso quotidiano e lo stile di vita attivo, combina lo stile del marchio e la praticit\u00e0.<\/p>\n","protected":false},"excerpt":{"rendered":"<p>La biancheria intima da uomo CHAMPION White \u00e8 realizzata con una miscela di alta qualit\u00e0 di 95% cotone e 5% spandex, che offre comfort, libert\u00e0 di movimento e una vestibilit\u00e0 perfetta. Le taglie S-XXL disponibili ti consentono di scegliere l&#8217;opzione migliore per qualsiasi tipo di figura. Il materiale morbido protegge delicatamente la pelle, garantendo un uso a lungo termine. Scelta perfetta per l&#8217;uso quotidiano e lo stile di vita attivo, combina lo stile del marchio e la praticit\u00e0.<\/p>\n","protected":false},"featured_media":615493,"comment_status":"open","ping_status":"open","template":"","meta":[],"product_brand":[],"product_cat":[3238,3545],"product_tag":[],"class_list":{"0":"post-615492","1":"product","2":"type-product","3":"status-publish","4":"has-post-thumbnail","6":"product_cat-all-product","7":"product_cat-cholovicha-bilyzna","8":"pa_rozmir-s","9":"pa_rozmir-m","10":"pa_rozmir-l","11":"pa_rozmir-xl","12":"pa_rozmir-xxl","14":"first","15":"onbackorder","16":"purchasable","17":"product-type-variable"},"_links":{"self":[{"href":"https:\/\/nextsnkr.com\/it\/wp-json\/wp\/v2\/product\/615492","targetHints":{"allow":["GET"]}}],"collection":[{"href":"https:\/\/nextsnkr.com\/it\/wp-json\/wp\/v2\/product"}],"about":[{"href":"https:\/\/nextsnkr.com\/it\/wp-json\/wp\/v2\/types\/product"}],"replies":[{"embeddable":true,"href":"https:\/\/nextsnkr.com\/it\/wp-json\/wp\/v2\/comments?post=615492"}],"version-history":[{"count":0,"href":"https:\/\/nextsnkr.com\/it\/wp-json\/wp\/v2\/product\/615492\/revisions"}],"wp:featuredmedia":[{"embeddable":true,"href":"https:\/\/nextsnkr.com\/it\/wp-json\/wp\/v2\/media\/615493"}],"wp:attachment":[{"href":"https:\/\/nextsnkr.com\/it\/wp-json\/wp\/v2\/media?parent=615492"}],"wp:term":[{"taxonomy":"product_brand","embeddable":true,"href":"https:\/\/nextsnkr.com\/it\/wp-json\/wp\/v2\/product_brand?post=615492"},{"taxonomy":"product_cat","embeddable":true,"href":"https:\/\/nextsnkr.com\/it\/wp-json\/wp\/v2\/product_cat?post=615492"},{"taxonomy":"product_tag","embeddable":true,"href":"https:\/\/nextsnkr.com\/it\/wp-json\/wp\/v2\/product_tag?post=615492"}],"curies":[{"name":"wp","href":"https:\/\/api.w.org\/{rel}","templated":true}]}}