{"id":614639,"date":"2025-06-13T10:59:42","date_gmt":"2025-06-13T07:59:42","guid":{"rendered":"https:\/\/nextsnkr.com\/product\/air-force-1-mini-swoosh-lime-light-najk-svetytsia-v-temnote\/"},"modified":"2026-01-31T20:12:10","modified_gmt":"2026-01-31T17:12:10","slug":"air-force-1-mini-swoosh-lime-light-najk-svetytsia-v-temnote","status":"publish","type":"product","link":"https:\/\/nextsnkr.com\/it\/prodotto\/air-force-1-mini-swoosh-lime-light-najk-svetytsia-v-temnote\/","title":{"rendered":"Sneakers Air Force 1 mini Swoosh Lime Light &#8211; pelle luminosa al buio"},"content":{"rendered":"<h2>Sneakers Air Force 1 mini Swoosh Lime Light &#8211; pelle luminosa al buio<\/h2>\n<p>Le sneakers Air Force 1 mini Swoosh Lime Light del marchio Nike sono realizzate in pelle di alta qualit\u00e0 e presentano un&#8217;elegante tonalit\u00e0 lime. La particolarit\u00e0 del modello \u00e8 il bagliore del logo al buio, che aggiunge luminosit\u00e0 e personalit\u00e0 all&#8217;immagine. La vestibilit\u00e0 comoda e la suola sicura offrono comfort quando si indossano tutti i giorni. La scelta perfetta per coloro che apprezzano il marchio, la qualit\u00e0, il design moderno e lo stile spettacolare.<\/p>\n","protected":false},"excerpt":{"rendered":"<p>Le sneakers Air Force 1 mini Swoosh Lime Light del marchio Nike sono realizzate in pelle di alta qualit\u00e0 e presentano un&#8217;elegante tonalit\u00e0 lime. La particolarit\u00e0 del modello \u00e8 il bagliore del logo al buio, che aggiunge luminosit\u00e0 e personalit\u00e0 all&#8217;immagine. La vestibilit\u00e0 comoda e la suola sicura offrono comfort quando si indossano tutti i giorni. La scelta perfetta per coloro che apprezzano il marchio, la qualit\u00e0, il design moderno e lo stile spettacolare.<\/p>\n","protected":false},"featured_media":614640,"comment_status":"open","ping_status":"open","template":"","meta":[],"product_brand":[],"product_cat":[3238,3321],"product_tag":[],"class_list":{"0":"post-614639","1":"product","2":"type-product","3":"status-publish","4":"has-post-thumbnail","6":"product_cat-all-product","7":"product_cat-kedy","8":"pa_rozmir-910","9":"pa_rozmir-912","10":"pa_rozmir-914","11":"pa_rozmir-915","12":"pa_rozmir-916","13":"pa_rozmir-917","14":"pa_rozmir-918","15":"pa_rozmir-919","16":"pa_rozmir-920","17":"pa_rozmir-921","18":"pa_rozmir-922","20":"first","21":"onbackorder","22":"purchasable","23":"product-type-variable"},"_links":{"self":[{"href":"https:\/\/nextsnkr.com\/it\/wp-json\/wp\/v2\/product\/614639","targetHints":{"allow":["GET"]}}],"collection":[{"href":"https:\/\/nextsnkr.com\/it\/wp-json\/wp\/v2\/product"}],"about":[{"href":"https:\/\/nextsnkr.com\/it\/wp-json\/wp\/v2\/types\/product"}],"replies":[{"embeddable":true,"href":"https:\/\/nextsnkr.com\/it\/wp-json\/wp\/v2\/comments?post=614639"}],"version-history":[{"count":0,"href":"https:\/\/nextsnkr.com\/it\/wp-json\/wp\/v2\/product\/614639\/revisions"}],"wp:featuredmedia":[{"embeddable":true,"href":"https:\/\/nextsnkr.com\/it\/wp-json\/wp\/v2\/media\/614640"}],"wp:attachment":[{"href":"https:\/\/nextsnkr.com\/it\/wp-json\/wp\/v2\/media?parent=614639"}],"wp:term":[{"taxonomy":"product_brand","embeddable":true,"href":"https:\/\/nextsnkr.com\/it\/wp-json\/wp\/v2\/product_brand?post=614639"},{"taxonomy":"product_cat","embeddable":true,"href":"https:\/\/nextsnkr.com\/it\/wp-json\/wp\/v2\/product_cat?post=614639"},{"taxonomy":"product_tag","embeddable":true,"href":"https:\/\/nextsnkr.com\/it\/wp-json\/wp\/v2\/product_tag?post=614639"}],"curies":[{"name":"wp","href":"https:\/\/api.w.org\/{rel}","templated":true}]}}