{"id":614381,"date":"2025-06-18T18:43:40","date_gmt":"2025-06-18T15:43:40","guid":{"rendered":"https:\/\/nextsnkr.com\/product\/muzhskoe-bele-fila-grey\/"},"modified":"2026-01-31T20:12:06","modified_gmt":"2026-01-31T17:12:06","slug":"muzhskoe-bele-fila-grey","status":"publish","type":"product","link":"https:\/\/nextsnkr.com\/it\/prodotto\/muzhskoe-bele-fila-grey\/","title":{"rendered":"Biancheria intima da uomo FILA Grey-comfort e stile per tutti i giorni"},"content":{"rendered":"<h2>Biancheria intima da uomo FILA Grey-comfort e stile per tutti i giorni<\/h2>\n<p>La biancheria intima da uomo FILA Grey \u00e8 realizzata in materiale di alta qualit\u00e0: 95% cotone e 5% spandex per il massimo comfort, elasticit\u00e0 e propriet\u00e0 traspiranti. Perfetto per l&#8217;uso quotidiano e lo stile di vita attivo. Disponibile nelle taglie S-XXL, questa lingerie combina il design elegante del marchio FILA con praticit\u00e0, garantendo libert\u00e0 di movimento e durata.<\/p>\n","protected":false},"excerpt":{"rendered":"<p>La biancheria intima da uomo FILA Grey \u00e8 realizzata in materiale di alta qualit\u00e0: 95% cotone e 5% spandex per il massimo comfort, elasticit\u00e0 e propriet\u00e0 traspiranti. Perfetto per l&#8217;uso quotidiano e lo stile di vita attivo. Disponibile nelle taglie S-XXL, questa lingerie combina il design elegante del marchio FILA con praticit\u00e0, garantendo libert\u00e0 di movimento e durata.<\/p>\n","protected":false},"featured_media":614386,"comment_status":"open","ping_status":"open","template":"","meta":[],"product_brand":[],"product_cat":[3238,3545],"product_tag":[],"class_list":{"0":"post-614381","1":"product","2":"type-product","3":"status-publish","4":"has-post-thumbnail","6":"product_cat-all-product","7":"product_cat-cholovicha-bilyzna","8":"pa_rozmir-s","9":"pa_rozmir-m","10":"pa_rozmir-l","11":"pa_rozmir-xl","12":"pa_rozmir-xxl","14":"first","15":"onbackorder","16":"purchasable","17":"product-type-variable"},"_links":{"self":[{"href":"https:\/\/nextsnkr.com\/it\/wp-json\/wp\/v2\/product\/614381","targetHints":{"allow":["GET"]}}],"collection":[{"href":"https:\/\/nextsnkr.com\/it\/wp-json\/wp\/v2\/product"}],"about":[{"href":"https:\/\/nextsnkr.com\/it\/wp-json\/wp\/v2\/types\/product"}],"replies":[{"embeddable":true,"href":"https:\/\/nextsnkr.com\/it\/wp-json\/wp\/v2\/comments?post=614381"}],"version-history":[{"count":0,"href":"https:\/\/nextsnkr.com\/it\/wp-json\/wp\/v2\/product\/614381\/revisions"}],"wp:featuredmedia":[{"embeddable":true,"href":"https:\/\/nextsnkr.com\/it\/wp-json\/wp\/v2\/media\/614386"}],"wp:attachment":[{"href":"https:\/\/nextsnkr.com\/it\/wp-json\/wp\/v2\/media?parent=614381"}],"wp:term":[{"taxonomy":"product_brand","embeddable":true,"href":"https:\/\/nextsnkr.com\/it\/wp-json\/wp\/v2\/product_brand?post=614381"},{"taxonomy":"product_cat","embeddable":true,"href":"https:\/\/nextsnkr.com\/it\/wp-json\/wp\/v2\/product_cat?post=614381"},{"taxonomy":"product_tag","embeddable":true,"href":"https:\/\/nextsnkr.com\/it\/wp-json\/wp\/v2\/product_tag?post=614381"}],"curies":[{"name":"wp","href":"https:\/\/api.w.org\/{rel}","templated":true}]}}