{"id":614341,"date":"2025-06-14T15:46:02","date_gmt":"2025-06-14T12:46:02","guid":{"rendered":"https:\/\/nextsnkr.com\/product\/blcg-slippers-leopard\/"},"modified":"2026-01-31T20:12:02","modified_gmt":"2026-01-31T17:12:02","slug":"blcg-slippers-leopard","status":"publish","type":"product","link":"https:\/\/nextsnkr.com\/it\/prodotto\/blcg-slippers-leopard\/","title":{"rendered":"Sandali Blcg slippers Leopard-pantofole da casa in pelliccia da donna"},"content":{"rendered":"<h2>Sandali Blcg slippers Leopard-pantofole da casa in pelliccia da donna<\/h2>\n<p>I sandali Blcg slippers Leopard sono comode ed eleganti pantofole da casa realizzate in morbida pelliccia che fornisce calore e una piacevole sensazione ai piedi. La vivace stampa leopardata aggiunge un accento alla moda anche in un look casual da casa. La suola leggera garantisce comodit\u00e0 mentre si cammina per casa, mentre le prestazioni di qualit\u00e0 di un produttore cinese garantiscono durata. Scegli Blcg slippers Leopard per una combinazione di intimit\u00e0, comfort e design elegante.<\/p>\n","protected":false},"excerpt":{"rendered":"<p>I sandali Blcg slippers Leopard sono comode ed eleganti pantofole da casa realizzate in morbida pelliccia che fornisce calore e una piacevole sensazione ai piedi. La vivace stampa leopardata aggiunge un accento alla moda anche in un look casual da casa. La suola leggera garantisce comodit\u00e0 mentre si cammina per casa, mentre le prestazioni di qualit\u00e0 di un produttore cinese garantiscono durata. Scegli Blcg slippers Leopard per una combinazione di intimit\u00e0, comfort e design elegante.<\/p>\n","protected":false},"featured_media":614346,"comment_status":"open","ping_status":"open","template":"","meta":[],"product_brand":[],"product_cat":[3238,3450],"product_tag":[],"class_list":{"0":"post-614341","1":"product","2":"type-product","3":"status-publish","4":"has-post-thumbnail","6":"product_cat-all-product","7":"product_cat-sandali","8":"pa_rozmir-910","9":"pa_rozmir-912","10":"pa_rozmir-914","11":"pa_rozmir-915","12":"pa_rozmir-916","13":"pa_rozmir-917","14":"pa_rozmir-918","15":"pa_rozmir-919","16":"pa_rozmir-920","17":"pa_rozmir-921","18":"pa_rozmir-922","20":"first","21":"onbackorder","22":"purchasable","23":"product-type-variable"},"_links":{"self":[{"href":"https:\/\/nextsnkr.com\/it\/wp-json\/wp\/v2\/product\/614341","targetHints":{"allow":["GET"]}}],"collection":[{"href":"https:\/\/nextsnkr.com\/it\/wp-json\/wp\/v2\/product"}],"about":[{"href":"https:\/\/nextsnkr.com\/it\/wp-json\/wp\/v2\/types\/product"}],"replies":[{"embeddable":true,"href":"https:\/\/nextsnkr.com\/it\/wp-json\/wp\/v2\/comments?post=614341"}],"version-history":[{"count":0,"href":"https:\/\/nextsnkr.com\/it\/wp-json\/wp\/v2\/product\/614341\/revisions"}],"wp:featuredmedia":[{"embeddable":true,"href":"https:\/\/nextsnkr.com\/it\/wp-json\/wp\/v2\/media\/614346"}],"wp:attachment":[{"href":"https:\/\/nextsnkr.com\/it\/wp-json\/wp\/v2\/media?parent=614341"}],"wp:term":[{"taxonomy":"product_brand","embeddable":true,"href":"https:\/\/nextsnkr.com\/it\/wp-json\/wp\/v2\/product_brand?post=614341"},{"taxonomy":"product_cat","embeddable":true,"href":"https:\/\/nextsnkr.com\/it\/wp-json\/wp\/v2\/product_cat?post=614341"},{"taxonomy":"product_tag","embeddable":true,"href":"https:\/\/nextsnkr.com\/it\/wp-json\/wp\/v2\/product_tag?post=614341"}],"curies":[{"name":"wp","href":"https:\/\/api.w.org\/{rel}","templated":true}]}}