{"id":613988,"date":"2025-06-18T18:44:31","date_gmt":"2025-06-18T15:44:31","guid":{"rendered":"https:\/\/nextsnkr.com\/product\/muzhskoe-bele-calvin-klein-blue\/"},"modified":"2026-01-31T20:11:36","modified_gmt":"2026-01-31T17:11:36","slug":"muzhskoe-bele-calvin-klein-blue","status":"publish","type":"product","link":"https:\/\/nextsnkr.com\/it\/prodotto\/muzhskoe-bele-calvin-klein-blue\/","title":{"rendered":"Biancheria intima da uomo Calvin Klein Blue-cotone confortevole"},"content":{"rendered":"<h2>Biancheria intima da uomo Calvin Klein Blue-cotone confortevole<\/h2>\n<p>La biancheria intima da uomo Calvin Klein Blue \u00e8 realizzata in cotone di alta qualit\u00e0 con aggiunta di spandex (95%\/5%), che offre morbidezza, elasticit\u00e0 e comfort per tutto il giorno. Il modello \u00e8 disponibile nelle taglie S, M, L, XL, XXL ed \u00e8 adatto per l&#8217;uso quotidiano. Il taglio intelligente e i materiali naturali garantiscono un&#8217;ottima vestibilit\u00e0, praticit\u00e0 e durata. La scelta perfetta per coloro che apprezzano lo stile, il comfort e la qualit\u00e0 premium del marchio Calvin Klein.<\/p>\n","protected":false},"excerpt":{"rendered":"<p>La biancheria intima da uomo Calvin Klein Blue \u00e8 realizzata in cotone di alta qualit\u00e0 con aggiunta di spandex (95%\/5%), che offre morbidezza, elasticit\u00e0 e comfort per tutto il giorno. Il modello \u00e8 disponibile nelle taglie S, M, L, XL, XXL ed \u00e8 adatto per l&#8217;uso quotidiano. Il taglio intelligente e i materiali naturali garantiscono un&#8217;ottima vestibilit\u00e0, praticit\u00e0 e durata. La scelta perfetta per coloro che apprezzano lo stile, il comfort e la qualit\u00e0 premium del marchio Calvin Klein.<\/p>\n","protected":false},"featured_media":613989,"comment_status":"open","ping_status":"open","template":"","meta":[],"product_brand":[],"product_cat":[3238,3545],"product_tag":[],"class_list":{"0":"post-613988","1":"product","2":"type-product","3":"status-publish","4":"has-post-thumbnail","6":"product_cat-all-product","7":"product_cat-cholovicha-bilyzna","8":"pa_rozmir-s","9":"pa_rozmir-m","10":"pa_rozmir-l","11":"pa_rozmir-xl","12":"pa_rozmir-xxl","14":"first","15":"onbackorder","16":"purchasable","17":"product-type-variable"},"_links":{"self":[{"href":"https:\/\/nextsnkr.com\/it\/wp-json\/wp\/v2\/product\/613988","targetHints":{"allow":["GET"]}}],"collection":[{"href":"https:\/\/nextsnkr.com\/it\/wp-json\/wp\/v2\/product"}],"about":[{"href":"https:\/\/nextsnkr.com\/it\/wp-json\/wp\/v2\/types\/product"}],"replies":[{"embeddable":true,"href":"https:\/\/nextsnkr.com\/it\/wp-json\/wp\/v2\/comments?post=613988"}],"version-history":[{"count":0,"href":"https:\/\/nextsnkr.com\/it\/wp-json\/wp\/v2\/product\/613988\/revisions"}],"wp:featuredmedia":[{"embeddable":true,"href":"https:\/\/nextsnkr.com\/it\/wp-json\/wp\/v2\/media\/613989"}],"wp:attachment":[{"href":"https:\/\/nextsnkr.com\/it\/wp-json\/wp\/v2\/media?parent=613988"}],"wp:term":[{"taxonomy":"product_brand","embeddable":true,"href":"https:\/\/nextsnkr.com\/it\/wp-json\/wp\/v2\/product_brand?post=613988"},{"taxonomy":"product_cat","embeddable":true,"href":"https:\/\/nextsnkr.com\/it\/wp-json\/wp\/v2\/product_cat?post=613988"},{"taxonomy":"product_tag","embeddable":true,"href":"https:\/\/nextsnkr.com\/it\/wp-json\/wp\/v2\/product_tag?post=613988"}],"curies":[{"name":"wp","href":"https:\/\/api.w.org\/{rel}","templated":true}]}}