{"id":612286,"date":"2025-06-14T15:46:40","date_gmt":"2025-06-14T12:46:40","guid":{"rendered":"https:\/\/nextsnkr.com\/product\/dior-sandals-premium-black\/"},"modified":"2026-01-31T20:10:37","modified_gmt":"2026-01-31T17:10:37","slug":"dior-sandals-premium-black","status":"publish","type":"product","link":"https:\/\/nextsnkr.com\/it\/prodotto\/dior-sandals-premium-black\/","title":{"rendered":"Sandali Dior Premium Black-Sandali premium in pelle da donna"},"content":{"rendered":"<h2>Sandali Dior Premium Black-Sandali premium in pelle da donna<\/h2>\n<p>Dior Sandals &#8220;Premium Black&#8221; \u00e8 un elegante sandalo da donna Realizzato in pelle di alta qualit\u00e0, progettato per look estivi eleganti e confortevoli. Il modello combina un design premium, una vestibilit\u00e0 comoda e materiali durevoli. Perfetto per passeggiate, uscite serali e usura quotidiana. La produzione in Cina garantisce l&#8217;esecuzione di parti di alta qualit\u00e0. Scegli Dior Premium Black per accentuare il tuo stile e aggiungere eleganza e modernit\u00e0 al tuo look.<\/p>\n","protected":false},"excerpt":{"rendered":"<p>Dior Sandals &#8220;Premium Black&#8221; \u00e8 un elegante sandalo da donna Realizzato in pelle di alta qualit\u00e0, progettato per look estivi eleganti e confortevoli. Il modello combina un design premium, una vestibilit\u00e0 comoda e materiali durevoli. Perfetto per passeggiate, uscite serali e usura quotidiana. La produzione in Cina garantisce l&#8217;esecuzione di parti di alta qualit\u00e0. Scegli Dior Premium Black per accentuare il tuo stile e aggiungere eleganza e modernit\u00e0 al tuo look.<\/p>\n","protected":false},"featured_media":612287,"comment_status":"open","ping_status":"open","template":"","meta":[],"product_brand":[],"product_cat":[3238,3450],"product_tag":[],"class_list":{"0":"post-612286","1":"product","2":"type-product","3":"status-publish","4":"has-post-thumbnail","6":"product_cat-all-product","7":"product_cat-sandali","8":"pa_rozmir-910","9":"pa_rozmir-912","10":"pa_rozmir-914","11":"pa_rozmir-915","12":"pa_rozmir-916","13":"pa_rozmir-917","14":"pa_rozmir-918","15":"pa_rozmir-919","16":"pa_rozmir-920","17":"pa_rozmir-921","18":"pa_rozmir-922","20":"first","21":"onbackorder","22":"purchasable","23":"product-type-variable"},"_links":{"self":[{"href":"https:\/\/nextsnkr.com\/it\/wp-json\/wp\/v2\/product\/612286","targetHints":{"allow":["GET"]}}],"collection":[{"href":"https:\/\/nextsnkr.com\/it\/wp-json\/wp\/v2\/product"}],"about":[{"href":"https:\/\/nextsnkr.com\/it\/wp-json\/wp\/v2\/types\/product"}],"replies":[{"embeddable":true,"href":"https:\/\/nextsnkr.com\/it\/wp-json\/wp\/v2\/comments?post=612286"}],"version-history":[{"count":0,"href":"https:\/\/nextsnkr.com\/it\/wp-json\/wp\/v2\/product\/612286\/revisions"}],"wp:featuredmedia":[{"embeddable":true,"href":"https:\/\/nextsnkr.com\/it\/wp-json\/wp\/v2\/media\/612287"}],"wp:attachment":[{"href":"https:\/\/nextsnkr.com\/it\/wp-json\/wp\/v2\/media?parent=612286"}],"wp:term":[{"taxonomy":"product_brand","embeddable":true,"href":"https:\/\/nextsnkr.com\/it\/wp-json\/wp\/v2\/product_brand?post=612286"},{"taxonomy":"product_cat","embeddable":true,"href":"https:\/\/nextsnkr.com\/it\/wp-json\/wp\/v2\/product_cat?post=612286"},{"taxonomy":"product_tag","embeddable":true,"href":"https:\/\/nextsnkr.com\/it\/wp-json\/wp\/v2\/product_tag?post=612286"}],"curies":[{"name":"wp","href":"https:\/\/api.w.org\/{rel}","templated":true}]}}