{"id":608713,"date":"2025-06-13T12:27:50","date_gmt":"2025-06-13T09:27:50","guid":{"rendered":"https:\/\/nextsnkr.com\/product\/350-v2-ash-blue\/"},"modified":"2026-01-31T20:08:43","modified_gmt":"2026-01-31T17:08:43","slug":"350-v2-ash-blue","status":"publish","type":"product","link":"https:\/\/nextsnkr.com\/it\/prodotto\/350-v2-ash-blue\/","title":{"rendered":"Sneakers 350 V2 Ash Blue-eleganti scarpe da ginnastica in tessuto per ogni giorno"},"content":{"rendered":"<h2>Sneakers 350 V2 Ash Blue-eleganti scarpe da ginnastica in tessuto per ogni giorno<\/h2>\n<p>Le sneakers leggere e moderne 350 V2 Ash Blue sono progettate per il massimo comfort e un ritmo urbano dinamico. Il modello \u00e8 realizzato in tessuto traspirante, che garantisce una ventilazione ottimale e una piacevole vestibilit\u00e0 al piede. La suola ammortizzante dona morbidezza durante la camminata e l&#8217;elegante combinazione di tonalit\u00e0 blu e grigie completa facilmente qualsiasi look. la scelta perfetta per le persone attive che apprezzano la leggerezza, la praticit\u00e0 e il design moderno.<\/p>\n","protected":false},"excerpt":{"rendered":"<p>Le sneakers leggere e moderne 350 V2 Ash Blue sono progettate per il massimo comfort e un ritmo urbano dinamico. Il modello \u00e8 realizzato in tessuto traspirante, che garantisce una ventilazione ottimale e una piacevole vestibilit\u00e0 al piede. La suola ammortizzante dona morbidezza durante la camminata e l&#8217;elegante combinazione di tonalit\u00e0 blu e grigie completa facilmente qualsiasi look. la scelta perfetta per le persone attive che apprezzano la leggerezza, la praticit\u00e0 e il design moderno.<\/p>\n","protected":false},"featured_media":608717,"comment_status":"open","ping_status":"open","template":"","meta":[],"product_brand":[],"product_cat":[3238,3239],"product_tag":[],"class_list":{"0":"post-608713","1":"product","2":"type-product","3":"status-publish","4":"has-post-thumbnail","6":"product_cat-all-product","7":"product_cat-krosivky","8":"pa_rozmir-910","9":"pa_rozmir-912","10":"pa_rozmir-914","11":"pa_rozmir-915","12":"pa_rozmir-916","13":"pa_rozmir-917","14":"pa_rozmir-918","15":"pa_rozmir-919","16":"pa_rozmir-920","17":"pa_rozmir-921","18":"pa_rozmir-922","20":"first","21":"instock","22":"purchasable","23":"product-type-variable"},"_links":{"self":[{"href":"https:\/\/nextsnkr.com\/it\/wp-json\/wp\/v2\/product\/608713","targetHints":{"allow":["GET"]}}],"collection":[{"href":"https:\/\/nextsnkr.com\/it\/wp-json\/wp\/v2\/product"}],"about":[{"href":"https:\/\/nextsnkr.com\/it\/wp-json\/wp\/v2\/types\/product"}],"replies":[{"embeddable":true,"href":"https:\/\/nextsnkr.com\/it\/wp-json\/wp\/v2\/comments?post=608713"}],"version-history":[{"count":0,"href":"https:\/\/nextsnkr.com\/it\/wp-json\/wp\/v2\/product\/608713\/revisions"}],"wp:featuredmedia":[{"embeddable":true,"href":"https:\/\/nextsnkr.com\/it\/wp-json\/wp\/v2\/media\/608717"}],"wp:attachment":[{"href":"https:\/\/nextsnkr.com\/it\/wp-json\/wp\/v2\/media?parent=608713"}],"wp:term":[{"taxonomy":"product_brand","embeddable":true,"href":"https:\/\/nextsnkr.com\/it\/wp-json\/wp\/v2\/product_brand?post=608713"},{"taxonomy":"product_cat","embeddable":true,"href":"https:\/\/nextsnkr.com\/it\/wp-json\/wp\/v2\/product_cat?post=608713"},{"taxonomy":"product_tag","embeddable":true,"href":"https:\/\/nextsnkr.com\/it\/wp-json\/wp\/v2\/product_tag?post=608713"}],"curies":[{"name":"wp","href":"https:\/\/api.w.org\/{rel}","templated":true}]}}