{"id":597820,"date":"2025-06-17T21:01:47","date_gmt":"2025-06-17T18:01:47","guid":{"rendered":"https:\/\/nextsnkr.com\/product\/travis-scott-x-jordan-1-low-og-sp-velvet-brown\/"},"modified":"2026-01-31T20:03:05","modified_gmt":"2026-01-31T17:03:05","slug":"travis-scott-x-jordan-1-low-og-sp-velvet-brown","status":"publish","type":"product","link":"https:\/\/nextsnkr.com\/it\/prodotto\/travis-scott-x-jordan-1-low-og-sp-velvet-brown\/","title":{"rendered":"Kedi Travis Scott x Jordan 1 Low OG SP velluto marrone pelle \/ tessile"},"content":{"rendered":"<h2>Kedi Travis Scott x Jordan 1 Low OG SP velluto marrone pelle \/ tessile<\/h2>\n<p>La sneaker Travis Scott x Jordan 1 Low OG SP &#8220;Velvet Brown&#8221; \u00e8 una scarpa elegante e confortevole per l&#8217;uso quotidiano e per i collezionisti. La combinazione di pelle e tessuti garantisce durata, vestibilit\u00e0 comoda e ventilazione del piede. L&#8217;esclusivo design in velluto marrone con dettagli Travis Scott aggiunge personalit\u00e0 e un tocco moderno. Prodotte in Vietnam, queste sneakers Jordan combinano qualit\u00e0 premium, robustezza e design elegante, perfette per la vita urbana e le attivit\u00e0 all&#8217;aria aperta.<\/p>\n","protected":false},"excerpt":{"rendered":"<p>La sneaker Travis Scott x Jordan 1 Low OG SP &#8220;Velvet Brown&#8221; \u00e8 una scarpa elegante e confortevole per l&#8217;uso quotidiano e per i collezionisti. La combinazione di pelle e tessuti garantisce durata, vestibilit\u00e0 comoda e ventilazione del piede. L&#8217;esclusivo design in velluto marrone con dettagli Travis Scott aggiunge personalit\u00e0 e un tocco moderno. Prodotte in Vietnam, queste sneakers Jordan combinano qualit\u00e0 premium, robustezza e design elegante, perfette per la vita urbana e le attivit\u00e0 all&#8217;aria aperta.<\/p>\n","protected":false},"featured_media":597821,"comment_status":"open","ping_status":"open","template":"","meta":[],"product_brand":[],"product_cat":[3386,3238,3321],"product_tag":[],"class_list":{"0":"post-597820","1":"product","2":"type-product","3":"status-publish","4":"has-post-thumbnail","6":"product_cat-nike-jordan","7":"product_cat-all-product","8":"product_cat-kedy","9":"pa_rozmir-910","10":"pa_rozmir-912","11":"pa_rozmir-914","12":"pa_rozmir-915","13":"pa_rozmir-916","14":"pa_rozmir-917","15":"pa_rozmir-918","16":"pa_rozmir-919","17":"pa_rozmir-920","18":"pa_rozmir-921","19":"pa_rozmir-922","21":"first","22":"onbackorder","23":"purchasable","24":"product-type-variable"},"_links":{"self":[{"href":"https:\/\/nextsnkr.com\/it\/wp-json\/wp\/v2\/product\/597820","targetHints":{"allow":["GET"]}}],"collection":[{"href":"https:\/\/nextsnkr.com\/it\/wp-json\/wp\/v2\/product"}],"about":[{"href":"https:\/\/nextsnkr.com\/it\/wp-json\/wp\/v2\/types\/product"}],"replies":[{"embeddable":true,"href":"https:\/\/nextsnkr.com\/it\/wp-json\/wp\/v2\/comments?post=597820"}],"version-history":[{"count":0,"href":"https:\/\/nextsnkr.com\/it\/wp-json\/wp\/v2\/product\/597820\/revisions"}],"wp:featuredmedia":[{"embeddable":true,"href":"https:\/\/nextsnkr.com\/it\/wp-json\/wp\/v2\/media\/597821"}],"wp:attachment":[{"href":"https:\/\/nextsnkr.com\/it\/wp-json\/wp\/v2\/media?parent=597820"}],"wp:term":[{"taxonomy":"product_brand","embeddable":true,"href":"https:\/\/nextsnkr.com\/it\/wp-json\/wp\/v2\/product_brand?post=597820"},{"taxonomy":"product_cat","embeddable":true,"href":"https:\/\/nextsnkr.com\/it\/wp-json\/wp\/v2\/product_cat?post=597820"},{"taxonomy":"product_tag","embeddable":true,"href":"https:\/\/nextsnkr.com\/it\/wp-json\/wp\/v2\/product_tag?post=597820"}],"curies":[{"name":"wp","href":"https:\/\/api.w.org\/{rel}","templated":true}]}}