{"id":596590,"date":"2025-06-23T08:11:18","date_gmt":"2025-06-23T05:11:18","guid":{"rendered":"https:\/\/nextsnkr.com\/product\/nb-2002r-phantom\/"},"modified":"2026-01-31T20:02:15","modified_gmt":"2026-01-31T17:02:15","slug":"nb-2002r-phantom","status":"publish","type":"product","link":"https:\/\/nextsnkr.com\/it\/prodotto\/nb-2002r-phantom\/","title":{"rendered":"Sneakers NB 2002r Phantom camoscio-tessile"},"content":{"rendered":"<h2>Sneakers NB 2002r Phantom camoscio-tessile<\/h2>\n<p>Le eleganti sneakers NB 2002r Phantom combinano pelle scamosciata e tessuti per offrire comfort e durata. La suola leggera e il design moderno lo rendono ideale per l&#8217;uso quotidiano e le attivit\u00e0 all&#8217;aperto. Realizzate in Vietnam, le sneaker garantiscono materiali di alta qualit\u00e0 e affidabilit\u00e0, aggiungendo eleganza e fascino sportivo a qualsiasi outfit.<\/p>\n","protected":false},"excerpt":{"rendered":"<p>Le eleganti sneakers NB 2002r Phantom combinano pelle scamosciata e tessuti per offrire comfort e durata. La suola leggera e il design moderno lo rendono ideale per l&#8217;uso quotidiano e le attivit\u00e0 all&#8217;aperto. Realizzate in Vietnam, le sneaker garantiscono materiali di alta qualit\u00e0 e affidabilit\u00e0, aggiungendo eleganza e fascino sportivo a qualsiasi outfit.<\/p>\n","protected":false},"featured_media":596591,"comment_status":"open","ping_status":"open","template":"","meta":[],"product_brand":[],"product_cat":[3238,3239],"product_tag":[],"class_list":{"0":"post-596590","1":"product","2":"type-product","3":"status-publish","4":"has-post-thumbnail","6":"product_cat-all-product","7":"product_cat-krosivky","8":"pa_rozmir-910","9":"pa_rozmir-912","10":"pa_rozmir-914","11":"pa_rozmir-915","12":"pa_rozmir-916","13":"pa_rozmir-917","14":"pa_rozmir-918","15":"pa_rozmir-919","16":"pa_rozmir-920","17":"pa_rozmir-921","18":"pa_rozmir-922","20":"first","21":"instock","22":"purchasable","23":"product-type-variable"},"_links":{"self":[{"href":"https:\/\/nextsnkr.com\/it\/wp-json\/wp\/v2\/product\/596590","targetHints":{"allow":["GET"]}}],"collection":[{"href":"https:\/\/nextsnkr.com\/it\/wp-json\/wp\/v2\/product"}],"about":[{"href":"https:\/\/nextsnkr.com\/it\/wp-json\/wp\/v2\/types\/product"}],"replies":[{"embeddable":true,"href":"https:\/\/nextsnkr.com\/it\/wp-json\/wp\/v2\/comments?post=596590"}],"version-history":[{"count":0,"href":"https:\/\/nextsnkr.com\/it\/wp-json\/wp\/v2\/product\/596590\/revisions"}],"wp:featuredmedia":[{"embeddable":true,"href":"https:\/\/nextsnkr.com\/it\/wp-json\/wp\/v2\/media\/596591"}],"wp:attachment":[{"href":"https:\/\/nextsnkr.com\/it\/wp-json\/wp\/v2\/media?parent=596590"}],"wp:term":[{"taxonomy":"product_brand","embeddable":true,"href":"https:\/\/nextsnkr.com\/it\/wp-json\/wp\/v2\/product_brand?post=596590"},{"taxonomy":"product_cat","embeddable":true,"href":"https:\/\/nextsnkr.com\/it\/wp-json\/wp\/v2\/product_cat?post=596590"},{"taxonomy":"product_tag","embeddable":true,"href":"https:\/\/nextsnkr.com\/it\/wp-json\/wp\/v2\/product_tag?post=596590"}],"curies":[{"name":"wp","href":"https:\/\/api.w.org\/{rel}","templated":true}]}}