{"id":596059,"date":"2025-06-19T23:02:03","date_gmt":"2025-06-19T20:02:03","guid":{"rendered":"https:\/\/nextsnkr.com\/product\/1906a-black\/"},"modified":"2026-01-31T20:02:01","modified_gmt":"2026-01-31T17:02:01","slug":"1906a-black","status":"publish","type":"product","link":"https:\/\/nextsnkr.com\/it\/prodotto\/1906a-black\/","title":{"rendered":"Sneakers 1906a nero in pelle e tessuti"},"content":{"rendered":"<h2>Sneakers 1906a nero in pelle e tessuti<\/h2>\n<p>Le sneakers 1906a Black combinano un design elegante e materiali di alta qualit\u00e0: pelle e tessuti, che offrono comfort e durata. Leggeri e comodi, sono perfetti per l&#8217;uso quotidiano e le attivit\u00e0 all&#8217;aperto. Il design intelligente della suola garantisce stabilit\u00e0 e ammortizzazione, mentre il colore nero li rende versatili per qualsiasi look. La produzione di alta qualit\u00e0 dal Vietnam rende queste sneakers una scelta affidabile per il tuo guardaroba.<\/p>\n","protected":false},"excerpt":{"rendered":"<p>Le sneakers 1906a Black combinano un design elegante e materiali di alta qualit\u00e0: pelle e tessuti, che offrono comfort e durata. Leggeri e comodi, sono perfetti per l&#8217;uso quotidiano e le attivit\u00e0 all&#8217;aperto. Il design intelligente della suola garantisce stabilit\u00e0 e ammortizzazione, mentre il colore nero li rende versatili per qualsiasi look. La produzione di alta qualit\u00e0 dal Vietnam rende queste sneakers una scelta affidabile per il tuo guardaroba.<\/p>\n","protected":false},"featured_media":596060,"comment_status":"open","ping_status":"open","template":"","meta":[],"product_brand":[],"product_cat":[3238,3239],"product_tag":[],"class_list":{"0":"post-596059","1":"product","2":"type-product","3":"status-publish","4":"has-post-thumbnail","6":"product_cat-all-product","7":"product_cat-krosivky","8":"pa_rozmir-910","9":"pa_rozmir-912","10":"pa_rozmir-914","11":"pa_rozmir-915","12":"pa_rozmir-916","13":"pa_rozmir-917","14":"pa_rozmir-918","15":"pa_rozmir-919","16":"pa_rozmir-920","17":"pa_rozmir-921","18":"pa_rozmir-922","20":"first","21":"instock","22":"purchasable","23":"product-type-variable"},"_links":{"self":[{"href":"https:\/\/nextsnkr.com\/it\/wp-json\/wp\/v2\/product\/596059","targetHints":{"allow":["GET"]}}],"collection":[{"href":"https:\/\/nextsnkr.com\/it\/wp-json\/wp\/v2\/product"}],"about":[{"href":"https:\/\/nextsnkr.com\/it\/wp-json\/wp\/v2\/types\/product"}],"replies":[{"embeddable":true,"href":"https:\/\/nextsnkr.com\/it\/wp-json\/wp\/v2\/comments?post=596059"}],"version-history":[{"count":0,"href":"https:\/\/nextsnkr.com\/it\/wp-json\/wp\/v2\/product\/596059\/revisions"}],"wp:featuredmedia":[{"embeddable":true,"href":"https:\/\/nextsnkr.com\/it\/wp-json\/wp\/v2\/media\/596060"}],"wp:attachment":[{"href":"https:\/\/nextsnkr.com\/it\/wp-json\/wp\/v2\/media?parent=596059"}],"wp:term":[{"taxonomy":"product_brand","embeddable":true,"href":"https:\/\/nextsnkr.com\/it\/wp-json\/wp\/v2\/product_brand?post=596059"},{"taxonomy":"product_cat","embeddable":true,"href":"https:\/\/nextsnkr.com\/it\/wp-json\/wp\/v2\/product_cat?post=596059"},{"taxonomy":"product_tag","embeddable":true,"href":"https:\/\/nextsnkr.com\/it\/wp-json\/wp\/v2\/product_tag?post=596059"}],"curies":[{"name":"wp","href":"https:\/\/api.w.org\/{rel}","templated":true}]}}