{"id":592799,"date":"2025-06-19T22:35:45","date_gmt":"2025-06-19T19:35:45","guid":{"rendered":"https:\/\/nextsnkr.com\/product\/bv-black-beige-premium\/"},"modified":"2026-01-31T20:00:25","modified_gmt":"2026-01-31T17:00:25","slug":"bv-black-beige-premium","status":"publish","type":"product","link":"https:\/\/nextsnkr.com\/it\/prodotto\/bv-black-beige-premium\/","title":{"rendered":"Stivali BV Black \/ Beige Premium-pelle elegante per comfort e casual"},"content":{"rendered":"<h2>Stivali BV Black \/ Beige Premium-pelle elegante per comfort e casual<\/h2>\n<p>Gli stivali BV Black \/ Beige Premium sono un&#8217;elegante combinazione di nero e beige negli stivali in pelle BV di alta qualit\u00e0. Realizzati in vera pelle, offrono durata, comfort e affidabilit\u00e0 in qualsiasi condizione atmosferica. Perfetto per indossare ogni giorno e look alla moda in citt\u00e0. Quando acquisti questi stivali BV, ottieni una combinazione di qualit\u00e0 premium, design moderno e praticit\u00e0.<\/p>\n","protected":false},"excerpt":{"rendered":"<p>Gli stivali BV Black \/ Beige Premium sono un&#8217;elegante combinazione di nero e beige negli stivali in pelle BV di alta qualit\u00e0. Realizzati in vera pelle, offrono durata, comfort e affidabilit\u00e0 in qualsiasi condizione atmosferica. Perfetto per indossare ogni giorno e look alla moda in citt\u00e0. Quando acquisti questi stivali BV, ottieni una combinazione di qualit\u00e0 premium, design moderno e praticit\u00e0.<\/p>\n","protected":false},"featured_media":592800,"comment_status":"open","ping_status":"open","template":"","meta":[],"product_brand":[],"product_cat":[3238,3334],"product_tag":[],"class_list":{"0":"post-592799","1":"product","2":"type-product","3":"status-publish","4":"has-post-thumbnail","6":"product_cat-all-product","7":"product_cat-cherevyky","8":"pa_rozmir-910","9":"pa_rozmir-912","10":"pa_rozmir-914","11":"pa_rozmir-915","12":"pa_rozmir-916","13":"pa_rozmir-917","14":"pa_rozmir-918","15":"pa_rozmir-919","16":"pa_rozmir-920","17":"pa_rozmir-921","18":"pa_rozmir-922","20":"first","21":"instock","22":"purchasable","23":"product-type-variable"},"_links":{"self":[{"href":"https:\/\/nextsnkr.com\/it\/wp-json\/wp\/v2\/product\/592799","targetHints":{"allow":["GET"]}}],"collection":[{"href":"https:\/\/nextsnkr.com\/it\/wp-json\/wp\/v2\/product"}],"about":[{"href":"https:\/\/nextsnkr.com\/it\/wp-json\/wp\/v2\/types\/product"}],"replies":[{"embeddable":true,"href":"https:\/\/nextsnkr.com\/it\/wp-json\/wp\/v2\/comments?post=592799"}],"version-history":[{"count":0,"href":"https:\/\/nextsnkr.com\/it\/wp-json\/wp\/v2\/product\/592799\/revisions"}],"wp:featuredmedia":[{"embeddable":true,"href":"https:\/\/nextsnkr.com\/it\/wp-json\/wp\/v2\/media\/592800"}],"wp:attachment":[{"href":"https:\/\/nextsnkr.com\/it\/wp-json\/wp\/v2\/media?parent=592799"}],"wp:term":[{"taxonomy":"product_brand","embeddable":true,"href":"https:\/\/nextsnkr.com\/it\/wp-json\/wp\/v2\/product_brand?post=592799"},{"taxonomy":"product_cat","embeddable":true,"href":"https:\/\/nextsnkr.com\/it\/wp-json\/wp\/v2\/product_cat?post=592799"},{"taxonomy":"product_tag","embeddable":true,"href":"https:\/\/nextsnkr.com\/it\/wp-json\/wp\/v2\/product_tag?post=592799"}],"curies":[{"name":"wp","href":"https:\/\/api.w.org\/{rel}","templated":true}]}}