{"id":591099,"date":"2025-06-19T22:45:12","date_gmt":"2025-06-19T19:45:12","guid":{"rendered":"https:\/\/nextsnkr.com\/product\/air-jordan-1-kytaj-rasprodazha\/"},"modified":"2026-01-31T19:59:35","modified_gmt":"2026-01-31T16:59:35","slug":"air-jordan-1-kytaj-rasprodazha","status":"publish","type":"product","link":"https:\/\/nextsnkr.com\/it\/prodotto\/air-jordan-1-kytaj-rasprodazha\/","title":{"rendered":"Scarpe da ginnastica Air Jordan 1 in pelle alla moda vendita"},"content":{"rendered":"<h2>Scarpe da ginnastica Air Jordan 1 in pelle alla moda vendita<\/h2>\n<p>Le sneakers Air Jordan 1 sono realizzate in pelle di qualit\u00e0, che offre comfort e durata. Il modello \u00e8 perfetto per l&#8217;uso quotidiano e le attivit\u00e0 all&#8217;aria aperta, combinando un design alla moda e una vestibilit\u00e0 sicura sul piede. Air Jordan 1 enfatizza lo stile e lo status, rendendo il tuo look moderno e accattivante. La scelta perfetta per i fan del marchio e gli amanti delle scarpe di qualit\u00e0 a un prezzo speciale.<\/p>\n","protected":false},"excerpt":{"rendered":"<p>Le sneakers Air Jordan 1 sono realizzate in pelle di qualit\u00e0, che offre comfort e durata. Il modello \u00e8 perfetto per l&#8217;uso quotidiano e le attivit\u00e0 all&#8217;aria aperta, combinando un design alla moda e una vestibilit\u00e0 sicura sul piede. Air Jordan 1 enfatizza lo stile e lo status, rendendo il tuo look moderno e accattivante. La scelta perfetta per i fan del marchio e gli amanti delle scarpe di qualit\u00e0 a un prezzo speciale.<\/p>\n","protected":false},"featured_media":591100,"comment_status":"open","ping_status":"open","template":"","meta":[],"product_brand":[],"product_cat":[3386,3238,3321],"product_tag":[],"class_list":{"0":"post-591099","1":"product","2":"type-product","3":"status-publish","4":"has-post-thumbnail","6":"product_cat-nike-jordan","7":"product_cat-all-product","8":"product_cat-kedy","9":"pa_rozmir-910","10":"pa_rozmir-912","11":"pa_rozmir-914","12":"pa_rozmir-915","13":"pa_rozmir-916","14":"pa_rozmir-917","15":"pa_rozmir-918","16":"pa_rozmir-919","17":"pa_rozmir-920","18":"pa_rozmir-921","19":"pa_rozmir-922","21":"first","22":"onbackorder","23":"purchasable","24":"product-type-variable"},"_links":{"self":[{"href":"https:\/\/nextsnkr.com\/it\/wp-json\/wp\/v2\/product\/591099","targetHints":{"allow":["GET"]}}],"collection":[{"href":"https:\/\/nextsnkr.com\/it\/wp-json\/wp\/v2\/product"}],"about":[{"href":"https:\/\/nextsnkr.com\/it\/wp-json\/wp\/v2\/types\/product"}],"replies":[{"embeddable":true,"href":"https:\/\/nextsnkr.com\/it\/wp-json\/wp\/v2\/comments?post=591099"}],"version-history":[{"count":0,"href":"https:\/\/nextsnkr.com\/it\/wp-json\/wp\/v2\/product\/591099\/revisions"}],"wp:featuredmedia":[{"embeddable":true,"href":"https:\/\/nextsnkr.com\/it\/wp-json\/wp\/v2\/media\/591100"}],"wp:attachment":[{"href":"https:\/\/nextsnkr.com\/it\/wp-json\/wp\/v2\/media?parent=591099"}],"wp:term":[{"taxonomy":"product_brand","embeddable":true,"href":"https:\/\/nextsnkr.com\/it\/wp-json\/wp\/v2\/product_brand?post=591099"},{"taxonomy":"product_cat","embeddable":true,"href":"https:\/\/nextsnkr.com\/it\/wp-json\/wp\/v2\/product_cat?post=591099"},{"taxonomy":"product_tag","embeddable":true,"href":"https:\/\/nextsnkr.com\/it\/wp-json\/wp\/v2\/product_tag?post=591099"}],"curies":[{"name":"wp","href":"https:\/\/api.w.org\/{rel}","templated":true}]}}